{"id":30788,"date":"2015-01-22T10:07:40","date_gmt":"2015-01-22T09:07:40","guid":{"rendered":"https:\/\/ventesengros.fr\/?post_type=product&#038;p=30788"},"modified":"2022-06-30T23:21:20","modified_gmt":"2022-06-30T22:21:20","slug":"savon-noir-largan-en-vrac","status":"publish","type":"product","link":"https:\/\/ventesengros.fr\/nl\/grossiste\/savon-noir-largan-en-vrac\/","title":{"rendered":"Argan zwarte zeep in bulk"},"content":{"rendered":"<p>Le savon noir est une solution lavante naturelle \u00e9labor\u00e9e \u00e0 partir d\u2019olives noires \u00e9cras\u00e9es et mac\u00e9r\u00e9es. D\u2019une douceur et odeur agr\u00e9able, ce cosm\u00e9tique phare est utilis\u00e9 pour les cures de la peau dans les hammams. N\u00e9anmoins, c\u2019est un produit domestique dont l\u2019usage est recommand\u00e9 une fois par semaine pour proc\u00e9der au gommage du corps. D\u00e9couvrez au fil de cette lecture les bienfaits d\u2019un savon excellent pour entretenir le capital sant\u00e9 de votre corps.<\/p>\n<h2><b><span class=\"Apple-converted-space\">\u00a0<\/span>Le savon noir\u00a0: un exfoliant remarquable<span class=\"Apple-converted-space\">\u00a0<\/span><\/b><\/h2>\n<p><span class=\"Apple-converted-space\">Deze<\/span>\u00a0savon se pr\u00e9sente sous la forme d\u2019une p\u00e2te \u00e0 \u00e9taler sur le corps puis \u00e0 frotter \u00e9nergiquement. En apparence, il mousse l\u00e9g\u00e8rement. N\u00e9anmoins, ce savon naturel permet de purifier le corps et de r\u00e9g\u00e9n\u00e9rer la peau. En effet, l\u2019usage de cet exfoliant diff\u00e8re du savon traditionnel. Sa mission essentielle consiste \u00e0 faire tomber les peaux mortes pour ainsi reconstituer l\u2019\u00e9piderme. Alors, gare aux peaux sensibles. Le mode d\u2019emploi diff\u00e8re largement du simple frottage sur le corps. L\u2019usage du savon noir va en surprendre plus d\u2019un. Seulement, c\u2019est la finalit\u00e9 qui permettra de sublimer votre peau.<\/p>\n<h3><b>Le <a href=\"https:\/\/manelya.com\/produit\/gant-kessa\/\" rel=\"noopener\">gant kessa<\/a>\u00a0: un passage obligatoire<\/b><\/h3>\n<p><span class=\"Apple-converted-space\">\u00a0<\/span>Si son odeur est suave, l\u2019utilisation du savon noir va d\u00e9barrasser les cellules mortes de votre corps tout en exer\u00e7ant un pouvoir hydratant.\u00a0Pour l\u2019utiliser de la meilleure des fa\u00e7ons, il convient de se rincer \u00e0 l\u2019eau bien chaude. Cette action va ouvrir les pores de la peau. En \u00e9talant du savon noir sur le corps, le gant r\u00e2peux nomm\u00e9 \u00ab\u00a0kessa\u00a0\u00bb va tout simplement exer\u00e7ait le gommage. Pour les non habitu\u00e9s, les mouvements r\u00e9p\u00e9titifs sont parfois douloureux. Cependant, le soin au savon noir n\u2019est qu\u2019une question de routine. A force de pratique, le gant en crin<span class=\"Apple-converted-space\">\u00a0 <\/span>finira par devenir un accessoire ordinaire pour vous. Le r\u00e9sultat final procura sensation, plaisir et volont\u00e9 de continuer ce soin sur la dur\u00e9e.<\/p>","protected":false},"excerpt":{"rendered":"<p>Niet-contractuele foto<\/p>\n<p>Al onze producten zijn verkrijgbaar in white label (<a href=\"https:\/\/ventesengros.fr\/nl\/contact\/\"><strong>op aanvraag<\/strong><\/a>)<\/p>\n<p>Dalende prijs over 10 kavels korting van 10% (<a href=\"https:\/\/ventesengros.fr\/nl\/contact\/\"><strong>op offerte<\/strong><\/a>)<\/p>","protected":false},"featured_media":30794,"template":"","meta":[],"product_brand":[],"product_cat":[59,200],"product_tag":[258,974,688,729],"class_list":{"0":"post-30788","1":"product","2":"type-product","3":"status-publish","4":"has-post-thumbnail","6":"product_cat-soin-et-bien-etre","7":"product_cat-savon-soin-et-bien-etre","8":"product_tag-en-gros","9":"product_tag-grossiste","10":"product_tag-maroc","11":"product_tag-savon-noir-a-largan-en-vrac","12":"pa_lot-158","13":"pa_lot-2-lots-economisez-14e","14":"pa_lot-2-lots-economisez-24-euros","15":"pa_lot-159","16":"pa_lot-3-lots-economisez-108-euros","18":"first","19":"instock","20":"shipping-taxable","21":"purchasable","22":"product-type-variable"},"_links":{"self":[{"href":"https:\/\/ventesengros.fr\/nl\/wp-json\/wp\/v2\/product\/30788","targetHints":{"allow":["GET"]}}],"collection":[{"href":"https:\/\/ventesengros.fr\/nl\/wp-json\/wp\/v2\/product"}],"about":[{"href":"https:\/\/ventesengros.fr\/nl\/wp-json\/wp\/v2\/types\/product"}],"wp:featuredmedia":[{"embeddable":true,"href":"https:\/\/ventesengros.fr\/nl\/wp-json\/wp\/v2\/media\/30794"}],"wp:attachment":[{"href":"https:\/\/ventesengros.fr\/nl\/wp-json\/wp\/v2\/media?parent=30788"}],"wp:term":[{"taxonomy":"product_brand","embeddable":true,"href":"https:\/\/ventesengros.fr\/nl\/wp-json\/wp\/v2\/product_brand?post=30788"},{"taxonomy":"product_cat","embeddable":true,"href":"https:\/\/ventesengros.fr\/nl\/wp-json\/wp\/v2\/product_cat?post=30788"},{"taxonomy":"product_tag","embeddable":true,"href":"https:\/\/ventesengros.fr\/nl\/wp-json\/wp\/v2\/product_tag?post=30788"}],"curies":[{"name":"wp","href":"https:\/\/api.w.org\/{rel}","templated":true}]}}