{"id":3059,"date":"2014-07-10T08:12:39","date_gmt":"2014-07-10T07:12:39","guid":{"rendered":"http:\/\/pietra-communication.com\/ventesengros.fr\/?post_type=product&#038;p=3059"},"modified":"2022-06-30T23:28:23","modified_gmt":"2022-06-30T22:28:23","slug":"creme-capillaire-dail-vatika","status":"publish","type":"product","link":"https:\/\/ventesengros.fr\/nl\/grossiste\/creme-capillaire-dail-vatika\/","title":{"rendered":"VATIKA Knoflook Haarcr\u00e8me X 12"},"content":{"rendered":"<p><strong>Eigendom:<\/strong><\/p>\n<p>Depuis les temps anciens l&rsquo;Ail est connu pour favoriser la croissance des cheveux naturels, l&rsquo;Ail est une riche source de min\u00e9raux et de vitamines qui sont essentiels \u00e0 la fois pour le cuir chevelu et avoir des cheveux sains. Il a \u00e9t\u00e9 scientifiquement formul\u00e9 pour produire ce\u00a0Masque.<br \/>\nC&rsquo;est une cr\u00e8me de traitement qui, avec d&rsquo;autres ingr\u00e9dients, fortifie les m\u00e8ches des cheveux pour \u00e9viter les rupture des cheveux.<\/p>\n<div id=\":9n.co\" class=\"tL8wMe xAWnQc\" dir=\"ltr\"><b>Capaciteit :<\/b>500 ml<\/div>\n<div class=\"tL8wMe xAWnQc\" dir=\"ltr\"><b>Merknaam:<\/b>\u00a0\u00a0Vatika<br \/>\n<b><b>Herkomst:<\/b><\/b>Marokko<b><b><br \/>\n<\/b><\/b><b>Gewicht:<\/b>550g\/pi\u00e8ce<\/div>","protected":false},"excerpt":{"rendered":"<p>Wij bieden u deze<strong>\u00a0Cr\u00e8me capillaire d&rsquo;Ail VATIKA 500mL\u00a0<\/strong>verkocht in verpakkingen van 12.<\/p>\n<p>Prix de vente conseiller : 12,50 euros.<\/p>\n<p>1 kavel :\u00a0<span style=\"color: #0ad227;\">4,09\u20ac\/Pi\u00e8ce X 12 = 49,08\u20ac<\/span><\/p>\n<p style=\"text-align: center;\">","protected":false},"featured_media":30257,"template":"","meta":[],"product_brand":[],"product_cat":[59],"product_tag":[163,132,109,299],"class_list":{"0":"post-3059","1":"product","2":"type-product","3":"status-publish","4":"has-post-thumbnail","6":"product_cat-soin-et-bien-etre","7":"product_tag-capillaire","8":"product_tag-creme","9":"product_tag-dail","10":"product_tag-vatika","11":"pa_lot-158","12":"pa_lot-160","13":"pa_lot-159","15":"first","16":"instock","17":"featured","18":"shipping-taxable","19":"purchasable","20":"product-type-simple"},"_links":{"self":[{"href":"https:\/\/ventesengros.fr\/nl\/wp-json\/wp\/v2\/product\/3059","targetHints":{"allow":["GET"]}}],"collection":[{"href":"https:\/\/ventesengros.fr\/nl\/wp-json\/wp\/v2\/product"}],"about":[{"href":"https:\/\/ventesengros.fr\/nl\/wp-json\/wp\/v2\/types\/product"}],"wp:featuredmedia":[{"embeddable":true,"href":"https:\/\/ventesengros.fr\/nl\/wp-json\/wp\/v2\/media\/30257"}],"wp:attachment":[{"href":"https:\/\/ventesengros.fr\/nl\/wp-json\/wp\/v2\/media?parent=3059"}],"wp:term":[{"taxonomy":"product_brand","embeddable":true,"href":"https:\/\/ventesengros.fr\/nl\/wp-json\/wp\/v2\/product_brand?post=3059"},{"taxonomy":"product_cat","embeddable":true,"href":"https:\/\/ventesengros.fr\/nl\/wp-json\/wp\/v2\/product_cat?post=3059"},{"taxonomy":"product_tag","embeddable":true,"href":"https:\/\/ventesengros.fr\/nl\/wp-json\/wp\/v2\/product_tag?post=3059"}],"curies":[{"name":"wp","href":"https:\/\/api.w.org\/{rel}","templated":true}]}}