{"id":30554,"date":"2014-12-24T09:49:03","date_gmt":"2014-12-24T08:49:03","guid":{"rendered":"https:\/\/ventesengros.fr\/?post_type=product&#038;p=30554"},"modified":"2026-01-23T18:40:08","modified_gmt":"2026-01-23T17:40:08","slug":"feuille-de-sidr","status":"publish","type":"product","link":"https:\/\/ventesengros.fr\/nl\/grossiste\/sidr-blad\/","title":{"rendered":"Jujubebladeren (per kilo of in zakjes van 100 g)"},"content":{"rendered":"<p>Les feuilles de sidr sont des feuilles \u00e9pineuses venant de l\u2019arbre de jujubier. Cet arbre r\u00e9pandu en m\u00e9diterran\u00e9e et dans les pays arabes recouvre \u00e9norm\u00e9ment de bienfaits dans la culture orientale. Riche en prot\u00e9ines et oligo\u00e9l\u00e9ments (calcium, magn\u00e9sium et fer). Elles sont utilis\u00e9es sous forme de rem\u00e8de pour revivifier l\u2019\u00e2me et l\u2019esprit<\/p>\n<h2><b>La feuille de sidr, une plante utile pour la Roqyah<\/b><\/h2>\n<p>Dans la culture musulmane, la feuille de sidr est principalement utilis\u00e9e pour traiter les probl\u00e8mes relatifs \u00e0 la sorcellerie ou le mauvais \u0153il. Et c\u2019est certainement cette fonction qui fait exploser les ventes de la feuille de jujubier.<\/p>\n<p>Il est coutume pour traiter ces maux d\u2019incorporer sept feuilles de jujubier dans de l\u2019eau. Il convient ensuite de laisser reposer cette pr\u00e9paration une bonne petite heure. Ensuite, la r\u00e9citation de certains versets coraniques suivi de la prise de gorg\u00e9e et du lavage du corps aurait des effets d\u00e9senvo\u00fbtants remarquables.<\/p>\n<p><span class=\"Apple-converted-space\">\u00a0<\/span>C\u2019est express\u00e9ment ce qu\u2019ont pu nous rapporter certaines personnes clientes au sein de notre <a href=\"https:\/\/ventesengros.fr\/nl\/\"><strong>boutique en ligne de grossiste<\/strong><\/a>.<\/p>\n<h2><b>Un usage b\u00e9n\u00e9fique en cosm\u00e9tique<\/b><\/h2>\n<p><span class=\"Apple-converted-space\">\u00a0<\/span>Chez le commun des gens, l\u2019usage cosm\u00e9tique des feuilles de sidr est plus connu. M\u00e9lang\u00e9es \u00e0 l\u2019eau, elles serviraient \u00e0 prendre soin des cheveux color\u00e9s et de maintenir la teinte. Ce rem\u00e8de est utilis\u00e9 pour les personnes utilisant de fa\u00e7on traditionnelle le henn\u00e9. Par ses qualit\u00e9s lavantes et astringentes. Elle permet de r\u00e9\u00e9quilibrer le cuir chevelu et d\u2019att\u00e9nuer de fa\u00e7on visible l\u2019apparition des pellicules.<\/p>\n<p><span class=\"Apple-converted-space\">\u00a0<\/span>La feuille de sidr permet \u00e9galement de limiter les d\u00e9mangeaisons au niveau de la t\u00eate. Son pouvoir soulageant permet d\u2019\u00e9viter de se gratter intens\u00e9ment.<\/p>\n<p>R\u00e9duites en poudre et utilis\u00e9es sous forme de p\u00e2te, la <a href=\"https:\/\/www.huiles-de-ricin.com\/produit\/feuille-de-jujubier\/\" target=\"_blank\" rel=\"noopener noreferrer\"><strong>feuille de jujubier<\/strong><\/a> est b\u00e9n\u00e9fique pour traiter les probl\u00e8mes de peau. Appliqu\u00e9es en masque, elles att\u00e9nueraient les effets ind\u00e9sirables de l\u2019acn\u00e9, l\u2019ecz\u00e9ma et le psoriasis tout comme le <a href=\"https:\/\/www.miel-store.com\/p\/miel-de-jujubier-sidr-maliki-du-yemen\" target=\"_blank\" rel=\"noopener\"><strong>miel de jujubier du Yemen<\/strong><\/a>\u00a0!<\/p>\n<p><span class=\"Apple-converted-space\">\u00a0<\/span>Les feuilles de jujubier repr\u00e9sentent donc un rem\u00e8de naturel \u00e0 ne pas n\u00e9gliger.<\/p>\n<p>Niet-contractuele foto<\/p>","protected":false},"excerpt":{"rendered":"<p>Nous vous proposons les feuilles de jujubier\u00a0<span style=\"color: #0000ff;\"><strong>vendu au kilo ou en sachets de 100g par lot de 12<\/strong><\/span>.<\/p>\n<p><span style=\"color: #000000;\"><strong>Tapering prijzen.<\/strong><\/span><\/p>\n<ul>\n<li><b>Prijs per kilo :<\/b>\u00a0<span style=\"color: #ff0000;\"><strong>8,35\u20ac<\/strong><\/span><\/li>\n<li><b>Prix au sachet\u00a0:<\/b>\u00a0<strong><span style=\"color: #ff0000;\">0,95\u20ac<\/span><\/strong><\/li>\n<\/ul>\n<p><span style=\"color: #ff0000;\"><b>Voor meer dan 3 loten, kies een hoeveelheid in het winkelmandje.<\/b><\/span><\/p>\n<p>Ontvang een korting van 10% op bestellingen van meer dan 10 lots (<span style=\"color: #ff0000;\"><a style=\"color: #ff0000;\" href=\"https:\/\/ventesengros.fr\/nl\/contact\/\"><strong>contact met ons opnemen<\/strong><\/a><\/span>).<\/p>","protected":false},"featured_media":37977,"template":"","meta":[],"product_brand":[],"product_cat":[59,285,360,1372],"product_tag":[258,701,974],"class_list":{"0":"post-30554","1":"product","2":"type-product","3":"status-publish","4":"has-post-thumbnail","6":"product_cat-soin-et-bien-etre","7":"product_cat-autres","8":"product_cat-produit-naturel-en-vrac","9":"product_cat-roqya","10":"product_tag-en-gros","11":"product_tag-feuille-de-sidr","12":"product_tag-grossiste","14":"first","15":"instock","16":"shipping-taxable","17":"purchasable","18":"product-type-variable"},"_links":{"self":[{"href":"https:\/\/ventesengros.fr\/nl\/wp-json\/wp\/v2\/product\/30554","targetHints":{"allow":["GET"]}}],"collection":[{"href":"https:\/\/ventesengros.fr\/nl\/wp-json\/wp\/v2\/product"}],"about":[{"href":"https:\/\/ventesengros.fr\/nl\/wp-json\/wp\/v2\/types\/product"}],"wp:featuredmedia":[{"embeddable":true,"href":"https:\/\/ventesengros.fr\/nl\/wp-json\/wp\/v2\/media\/37977"}],"wp:attachment":[{"href":"https:\/\/ventesengros.fr\/nl\/wp-json\/wp\/v2\/media?parent=30554"}],"wp:term":[{"taxonomy":"product_brand","embeddable":true,"href":"https:\/\/ventesengros.fr\/nl\/wp-json\/wp\/v2\/product_brand?post=30554"},{"taxonomy":"product_cat","embeddable":true,"href":"https:\/\/ventesengros.fr\/nl\/wp-json\/wp\/v2\/product_cat?post=30554"},{"taxonomy":"product_tag","embeddable":true,"href":"https:\/\/ventesengros.fr\/nl\/wp-json\/wp\/v2\/product_tag?post=30554"}],"curies":[{"name":"wp","href":"https:\/\/api.w.org\/{rel}","templated":true}]}}