{"id":3032,"date":"2014-05-12T06:52:31","date_gmt":"2014-05-12T05:52:31","guid":{"rendered":"http:\/\/pietra-communication.com\/ventesengros.fr\/?post_type=product&#038;p=3032"},"modified":"2024-06-06T10:39:03","modified_gmt":"2024-06-06T09:39:03","slug":"miswak-petit-format-dabur","status":"publish","type":"product","link":"https:\/\/ventesengros.fr\/nl\/grossiste\/miswak-petit-format-dabur\/","title":{"rendered":"Miswak klein formaat Dabur 75grsX 12"},"content":{"rendered":"<p><strong>Inhoud:<\/strong><\/p>\n<p>Dans le lot est pr\u00e9sent un tube miswak de 75g+25g offert.<\/p>\n<p>Il y a certes dans le Miswak un grand bienfait sur les gencives, car premi\u00e8rement le proph\u00e8te nous l&rsquo;enjoignait puis derni\u00e8rement les scientifique ont fait des tests sur le siwak et le dentifrice et ont trouv\u00e9 que le bienfait procur\u00e9 au gencive \u00e0 travers le siwak \u00e9tait meilleure que celui du dentifrice.<\/p>\n<p><b>Merknaam:<\/b>\u00a0Miswak<\/p>\n<p><b>Herkomst:<\/b>Marokko<\/p>\n<p><b>Gewicht:<\/b>10g<\/p>","protected":false},"excerpt":{"rendered":"<p>Wij bieden u deze\u00a0<strong>Miswak<\/strong><strong>\u00a0<\/strong>verkocht in verpakkingen van 12.<\/p>\n<p>Prix de vente conseiller : 2,90 euros<\/p>\n<p>1 kavel :\u00a0<span style=\"color: #0ad227;\">0,89\/stuk X 12 = \u20ac10,68<\/span><\/p>\n<p>&nbsp;<\/p>\n<p style=\"text-align: center;\">","protected":false},"featured_media":3038,"template":"","meta":[],"product_brand":[],"product_cat":[59,297],"product_tag":[302,143,301],"class_list":{"0":"post-3032","1":"product","2":"type-product","3":"status-publish","4":"has-post-thumbnail","6":"product_cat-soin-et-bien-etre","7":"product_cat-siwak-siwakdentifrice","8":"product_tag-dabur","9":"product_tag-miswak","10":"product_tag-petit-format","11":"pa_lot-158","12":"pa_lot-160","13":"pa_lot-159","15":"first","16":"instock","17":"shipping-taxable","18":"purchasable","19":"product-type-simple"},"_links":{"self":[{"href":"https:\/\/ventesengros.fr\/nl\/wp-json\/wp\/v2\/product\/3032","targetHints":{"allow":["GET"]}}],"collection":[{"href":"https:\/\/ventesengros.fr\/nl\/wp-json\/wp\/v2\/product"}],"about":[{"href":"https:\/\/ventesengros.fr\/nl\/wp-json\/wp\/v2\/types\/product"}],"wp:featuredmedia":[{"embeddable":true,"href":"https:\/\/ventesengros.fr\/nl\/wp-json\/wp\/v2\/media\/3038"}],"wp:attachment":[{"href":"https:\/\/ventesengros.fr\/nl\/wp-json\/wp\/v2\/media?parent=3032"}],"wp:term":[{"taxonomy":"product_brand","embeddable":true,"href":"https:\/\/ventesengros.fr\/nl\/wp-json\/wp\/v2\/product_brand?post=3032"},{"taxonomy":"product_cat","embeddable":true,"href":"https:\/\/ventesengros.fr\/nl\/wp-json\/wp\/v2\/product_cat?post=3032"},{"taxonomy":"product_tag","embeddable":true,"href":"https:\/\/ventesengros.fr\/nl\/wp-json\/wp\/v2\/product_tag?post=3032"}],"curies":[{"name":"wp","href":"https:\/\/api.w.org\/{rel}","templated":true}]}}