{"id":3009,"date":"2014-05-11T15:56:23","date_gmt":"2014-05-11T14:56:23","guid":{"rendered":"http:\/\/pietra-communication.com\/ventesengros.fr\/?post_type=product&#038;p=3009"},"modified":"2024-08-17T10:14:08","modified_gmt":"2024-08-17T09:14:08","slug":"savon-au-soufre","status":"publish","type":"product","link":"https:\/\/ventesengros.fr\/nl\/grossiste\/savon-au-soufre\/","title":{"rendered":"Zwavelzeep (verpakking van 12 zepen)"},"content":{"rendered":"<p><strong>Eigendom:<\/strong><\/p>\n<p><span style=\"color: #000000;\">Le soufre a des vertus antiseptiques. C\u2019est le savon bienfaiteur pour une peau saine,\u00a0<span style=\"color: #333333;\">ce savon \u00e0 une action cicatrisante tout en purifiant et traitant les peaux \u00e0 tendance acn\u00e9ique. Il apaise les d\u00e9mangeaisons et y compris en cas d&rsquo;ecz\u00e9ma .<\/span><\/span><\/p>\n<p>marques selon stock<\/p>","protected":false},"excerpt":{"rendered":"<p>Wij bieden u deze <strong>Savon au Soufre<\/strong> vendu par lot de 12 \u00e0 1,19\u20ac\/pi\u00e8ce, prix de vente conseiller 3,99 euros.<\/p>\n<p>1 kavel :\u00a0<span style=\"color: #0ad227;\">1,19\u20ac\/Pi\u00e8ce x 12 = 14,28\u20ac<\/span><\/p>\n<p>&nbsp;<\/p>\n<p style=\"text-align: center;\">","protected":false},"featured_media":3013,"template":"","meta":[],"product_brand":[],"product_cat":[1556,200,59],"product_tag":[974,177,294],"class_list":{"0":"post-3009","1":"product","2":"type-product","3":"status-publish","4":"has-post-thumbnail","6":"product_cat-grossiste-produits-a-base-de-soufre","7":"product_cat-savon-soin-et-bien-etre","8":"product_cat-soin-et-bien-etre","9":"product_tag-grossiste","10":"product_tag-savon","11":"product_tag-soufre","12":"pa_lot-158","13":"pa_lot-160","14":"pa_lot-159","16":"first","17":"instock","18":"shipping-taxable","19":"purchasable","20":"product-type-simple"},"_links":{"self":[{"href":"https:\/\/ventesengros.fr\/nl\/wp-json\/wp\/v2\/product\/3009","targetHints":{"allow":["GET"]}}],"collection":[{"href":"https:\/\/ventesengros.fr\/nl\/wp-json\/wp\/v2\/product"}],"about":[{"href":"https:\/\/ventesengros.fr\/nl\/wp-json\/wp\/v2\/types\/product"}],"wp:featuredmedia":[{"embeddable":true,"href":"https:\/\/ventesengros.fr\/nl\/wp-json\/wp\/v2\/media\/3013"}],"wp:attachment":[{"href":"https:\/\/ventesengros.fr\/nl\/wp-json\/wp\/v2\/media?parent=3009"}],"wp:term":[{"taxonomy":"product_brand","embeddable":true,"href":"https:\/\/ventesengros.fr\/nl\/wp-json\/wp\/v2\/product_brand?post=3009"},{"taxonomy":"product_cat","embeddable":true,"href":"https:\/\/ventesengros.fr\/nl\/wp-json\/wp\/v2\/product_cat?post=3009"},{"taxonomy":"product_tag","embeddable":true,"href":"https:\/\/ventesengros.fr\/nl\/wp-json\/wp\/v2\/product_tag?post=3009"}],"curies":[{"name":"wp","href":"https:\/\/api.w.org\/{rel}","templated":true}]}}