{"id":29718,"date":"2014-09-07T22:13:41","date_gmt":"2014-09-07T21:13:41","guid":{"rendered":"http:\/\/pietra-communication.com\/ventesengros.fr\/?post_type=product&#038;p=29718"},"modified":"2023-11-13T11:49:25","modified_gmt":"2023-11-13T10:49:25","slug":"farine-dorge-bio","status":"publish","type":"product","link":"https:\/\/ventesengros.fr\/nl\/grossiste\/farine-dorge-bio\/","title":{"rendered":"Gerstemeel per kg"},"content":{"rendered":"<p><strong>Eigendom:<\/strong><\/p>\n<p>Provenance: sud du maroc<\/p>\n<p>La farine d&rsquo;orge est un des principales ingr\u00e9dient pr\u00e9sent dans la talbina, connu pour ces bienfaits nutritives nous vous la proposons en vrac que vous pourrez r\u00e9utiliser pour faire vos propre recette ou pour la revente.<\/p>\n<p>Texture: Poudre Fine<\/p>\n<p><strong>Gewicht :<\/strong> 3 kg.<\/p>","protected":false},"excerpt":{"rendered":"<p>Nous vous proposons <strong>\u00a0de la Farine d&rsquo;orge en vrac <\/strong><strong>\u00a0<\/strong>vendu par lot de 3 Kg.<\/p>\n<p>Prix de vente conseiller : \u00a09-12 euros.<\/p>\n<p>1 kavel :\u00a0<span style=\"color: #0ad227;\">5,30\u20ac\/Pi\u00e8ce<\/span><\/p>\n<p>&nbsp;<\/p>","protected":false},"featured_media":29722,"template":"","meta":[],"product_brand":[],"product_cat":[360,59],"product_tag":[973,258,645,974],"class_list":{"0":"post-29718","1":"product","2":"type-product","3":"status-publish","4":"has-post-thumbnail","6":"product_cat-produit-naturel-en-vrac","7":"product_cat-soin-et-bien-etre","8":"product_tag-bio","9":"product_tag-en-gros","10":"product_tag-farine-dorge","11":"product_tag-grossiste","12":"pa_lot-158","13":"pa_lot-160","14":"pa_lot-159","16":"first","17":"instock","18":"shipping-taxable","19":"purchasable","20":"product-type-simple"},"_links":{"self":[{"href":"https:\/\/ventesengros.fr\/nl\/wp-json\/wp\/v2\/product\/29718","targetHints":{"allow":["GET"]}}],"collection":[{"href":"https:\/\/ventesengros.fr\/nl\/wp-json\/wp\/v2\/product"}],"about":[{"href":"https:\/\/ventesengros.fr\/nl\/wp-json\/wp\/v2\/types\/product"}],"wp:featuredmedia":[{"embeddable":true,"href":"https:\/\/ventesengros.fr\/nl\/wp-json\/wp\/v2\/media\/29722"}],"wp:attachment":[{"href":"https:\/\/ventesengros.fr\/nl\/wp-json\/wp\/v2\/media?parent=29718"}],"wp:term":[{"taxonomy":"product_brand","embeddable":true,"href":"https:\/\/ventesengros.fr\/nl\/wp-json\/wp\/v2\/product_brand?post=29718"},{"taxonomy":"product_cat","embeddable":true,"href":"https:\/\/ventesengros.fr\/nl\/wp-json\/wp\/v2\/product_cat?post=29718"},{"taxonomy":"product_tag","embeddable":true,"href":"https:\/\/ventesengros.fr\/nl\/wp-json\/wp\/v2\/product_tag?post=29718"}],"curies":[{"name":"wp","href":"https:\/\/api.w.org\/{rel}","templated":true}]}}