{"id":29657,"date":"2014-08-22T00:05:52","date_gmt":"2014-08-21T23:05:52","guid":{"rendered":"http:\/\/pietra-communication.com\/ventesengros.fr\/?post_type=product&#038;p=29657"},"modified":"2025-04-16T09:45:30","modified_gmt":"2025-04-16T08:45:30","slug":"siwak-gout-menthe","status":"publish","type":"product","link":"https:\/\/ventesengros.fr\/nl\/grossiste\/siwak-gout-menthe\/","title":{"rendered":"Siwak met muntsmaak - Pak van 20 siwaks"},"content":{"rendered":"<p>Siwak go\u00fbt menthe<\/p>\n<p>&nbsp;<\/p>\n<p><strong>Le siwak<\/strong>, appel\u00e9 encore <strong>souak<\/strong>, <strong>miswak<\/strong> of zelfs <strong>b\u00e2ton d\u2019arak<\/strong>, est une branche d\u2019un petit arbre appel\u00e9 <em>salavadora persica. <\/em>Tr\u00e8s utilis\u00e9 par les gens du Moyen-Orient, le siwak est particuli\u00e8rement utilis\u00e9 par les musulmans du monde entier car le Proph\u00e8te Muhammad en a vant\u00e9 les nombreux m\u00e9rites dans sa Sounnah.<\/p>\n<p>Il s\u2019utilise comme brosse \u00e0 dent naturelle\u00a0; il suffit de se frotter les dents avec afin de retirer la plaque dentaire qui se forme d\u00e8s que l\u2019on mange ou boit. Le siwak est b\u00e9n\u00e9fique pour renforcer les gencives, il prot\u00e8ge contre le calcaire et la substance qu\u2019il contient permettrait selon certaines recherches d\u2019aider \u00e0 mieux dig\u00e9rer les aliments. Aussi, \u00e0 plus long terme, le siwak est un excellent moyen de blanchir ses dents sans recourir aux produits chimiques et de fa\u00e7on tr\u00e8s simple et peu co\u00fbteuse.<\/p>\n<p>Jouw <strong>groothandel<\/strong> online <strong>Ori\u00ebnt Groothandel<\/strong> van <strong>Marokko <\/strong>biedt je te koop aan <strong>in bulk<\/strong> van <strong>siwaks go\u00fbt menthe<\/strong> vendus par <strong>lot de 20<\/strong> \u00e0 6,00\u20ac, soit 0,30\u20ac l\u2019unit\u00e9, ou \u00e0 0,26\u20ac l\u2019unit\u00e9 \u00e0 partir de 3 lots achet\u00e9s et plus.<\/p>\n<p>Le prix de revente conseill\u00e9 pour ce produit est situ\u00e9 entre 1,00\u20ac et 2,00\u20ac selon les prix actuels du march\u00e9.<\/p>\n<p>De <strong>sewak Al Aqsa<\/strong> sont de tr\u00e8s bonne qualit\u00e9, et leur go\u00fbt menthe permet \u00e0 celui qui s\u2019en sert de garder un go\u00fbt agr\u00e9able en bouche apr\u00e8s chaque utilisation. Le <strong>siwek <\/strong>\u00e0 un go\u00fbt naturel assez peu commun que certaines personnes appr\u00e9cient peu, ainsi, le go\u00fbt menthe de celui-ci permettra de rem\u00e9dier au go\u00fbt qui peut sembler d\u00e9sagr\u00e9able pour certains.<\/p>\n<p>Le <strong>siwak go\u00fbt menthe<\/strong> est conserv\u00e9 dans un emballage totalement herm\u00e9tique afin de pr\u00e9server toute sa fraicheur et son go\u00fbt. Vous pourrez trouver diff\u00e9rents calibres sur notre site pour ce produit.<\/p>\n<p>N\u2019h\u00e9sitez pas \u00e0 contacter notre service client pour toute information suppl\u00e9mentaire relative \u00e0 ce produit, ou \u00e0 d\u2019autres produits disponibles sur notre site.<\/p>","protected":false},"excerpt":{"rendered":"<p>We bieden je deze<strong>\u00a0Siwak go\u00fbt Menthe<\/strong><strong>\u00a0<\/strong>verkocht in verpakkingen van 20.<\/p>\n<p>Prix de vente conseiller : 1,50-2,00 euros.<\/p>\n<p>1 kavel : <span style=\"color: #0ad227;\">0,69\/stuk X 20 = \u20ac13,80<\/span><\/p>\n<p>&nbsp;<\/p>","protected":false},"featured_media":36858,"template":"","meta":[],"product_brand":[],"product_cat":[297,59],"product_tag":[258,974,641],"class_list":{"0":"post-29657","1":"product","2":"type-product","3":"status-publish","4":"has-post-thumbnail","6":"product_cat-siwak-siwakdentifrice","7":"product_cat-soin-et-bien-etre","8":"product_tag-en-gros","9":"product_tag-grossiste","10":"product_tag-siwak-gout-menthe","11":"pa_lot-158","12":"pa_lot-160","13":"pa_lot-159","15":"first","16":"instock","17":"shipping-taxable","18":"purchasable","19":"product-type-simple"},"_links":{"self":[{"href":"https:\/\/ventesengros.fr\/nl\/wp-json\/wp\/v2\/product\/29657","targetHints":{"allow":["GET"]}}],"collection":[{"href":"https:\/\/ventesengros.fr\/nl\/wp-json\/wp\/v2\/product"}],"about":[{"href":"https:\/\/ventesengros.fr\/nl\/wp-json\/wp\/v2\/types\/product"}],"wp:featuredmedia":[{"embeddable":true,"href":"https:\/\/ventesengros.fr\/nl\/wp-json\/wp\/v2\/media\/36858"}],"wp:attachment":[{"href":"https:\/\/ventesengros.fr\/nl\/wp-json\/wp\/v2\/media?parent=29657"}],"wp:term":[{"taxonomy":"product_brand","embeddable":true,"href":"https:\/\/ventesengros.fr\/nl\/wp-json\/wp\/v2\/product_brand?post=29657"},{"taxonomy":"product_cat","embeddable":true,"href":"https:\/\/ventesengros.fr\/nl\/wp-json\/wp\/v2\/product_cat?post=29657"},{"taxonomy":"product_tag","embeddable":true,"href":"https:\/\/ventesengros.fr\/nl\/wp-json\/wp\/v2\/product_tag?post=29657"}],"curies":[{"name":"wp","href":"https:\/\/api.w.org\/{rel}","templated":true}]}}