{"id":29502,"date":"2016-05-02T15:40:42","date_gmt":"2016-05-02T14:40:42","guid":{"rendered":"http:\/\/pietra-communication.com\/ventesengros.fr\/?post_type=product&#038;p=29502"},"modified":"2024-08-30T17:38:44","modified_gmt":"2024-08-30T16:38:44","slug":"savon-noir-aux-extrait-fleur-doranger","status":"publish","type":"product","link":"https:\/\/ventesengros.fr\/nl\/grossiste\/savon-noir-aux-extrait-fleur-doranger\/","title":{"rendered":"Zwarte zeep met rozenextracten 200g (verpakking van 12)"},"content":{"rendered":"<p><strong>Eigendom:<\/strong><\/p>\n<p>Savon noir aux extrait de Roses qui \u00e0 pour particularit\u00e9 de rafra\u00eechir la peau et de l&rsquo;hydrater. Elle convient \u00e0 tout type de peau, pour un gommage en toute s\u00e9r\u00e9nit\u00e9.<\/p>\n<p><strong>\u00a0<\/strong><\/p>\n<div id=\":9l.co\" class=\"JL\">\n<div id=\":9n.ma\" class=\"Mu SP\">\n<div class=\"tL8wMe xAWnQc\" dir=\"ltr\"><b>Merknaam:<\/b>\u00a0Groene adelaar<br \/>\n<b>Herkomst:<\/b>Marokko<b><br \/>\n<\/b><b>Gewicht:<\/b>200g\/stuk<\/div>\n<\/div>\n<\/div>\n<p>&nbsp;<\/p>","protected":false},"excerpt":{"rendered":"<p>Nous vous proposons\u00a0ce\u00a0<strong>Savon Noir aux extrait de Roses 200g <\/strong>verkocht in verpakkingen van 12.<\/p>\n<p>Aanbevolen verkoopprijs: 4,00-5,00 euro.<\/p>\n<p>1 kavel :\u00a0<span style=\"color: #0ad227;\">1,19\/stuk X 12 = \u20ac14,28<\/span><\/p>\n<p>&nbsp;<\/p>","protected":false},"featured_media":34518,"template":"","meta":[],"product_brand":[],"product_cat":[401,428,59],"product_tag":[623,258,974,232],"class_list":{"0":"post-29502","1":"product","2":"type-product","3":"status-publish","4":"has-post-thumbnail","6":"product_cat-produits-du-hammam","7":"product_cat-savon-noir-produits-du-hammam","8":"product_cat-soin-et-bien-etre","9":"product_tag-aux-extrait-de-fleur-doranger","10":"product_tag-en-gros","11":"product_tag-grossiste","12":"product_tag-savon-noir","13":"pa_lot-158","14":"pa_lot-160","15":"pa_lot-159","17":"first","18":"instock","19":"shipping-taxable","20":"purchasable","21":"product-type-simple"},"_links":{"self":[{"href":"https:\/\/ventesengros.fr\/nl\/wp-json\/wp\/v2\/product\/29502","targetHints":{"allow":["GET"]}}],"collection":[{"href":"https:\/\/ventesengros.fr\/nl\/wp-json\/wp\/v2\/product"}],"about":[{"href":"https:\/\/ventesengros.fr\/nl\/wp-json\/wp\/v2\/types\/product"}],"wp:featuredmedia":[{"embeddable":true,"href":"https:\/\/ventesengros.fr\/nl\/wp-json\/wp\/v2\/media\/34518"}],"wp:attachment":[{"href":"https:\/\/ventesengros.fr\/nl\/wp-json\/wp\/v2\/media?parent=29502"}],"wp:term":[{"taxonomy":"product_brand","embeddable":true,"href":"https:\/\/ventesengros.fr\/nl\/wp-json\/wp\/v2\/product_brand?post=29502"},{"taxonomy":"product_cat","embeddable":true,"href":"https:\/\/ventesengros.fr\/nl\/wp-json\/wp\/v2\/product_cat?post=29502"},{"taxonomy":"product_tag","embeddable":true,"href":"https:\/\/ventesengros.fr\/nl\/wp-json\/wp\/v2\/product_tag?post=29502"}],"curies":[{"name":"wp","href":"https:\/\/api.w.org\/{rel}","templated":true}]}}