{"id":29478,"date":"2016-03-19T08:57:50","date_gmt":"2016-03-19T07:57:50","guid":{"rendered":"http:\/\/pietra-communication.com\/ventesengros.fr\/?post_type=product&#038;p=29478"},"modified":"2022-07-27T09:35:47","modified_gmt":"2022-07-27T08:35:47","slug":"creme-descargot-hemani","status":"publish","type":"product","link":"https:\/\/ventesengros.fr\/nl\/grossiste\/creme-descargot-hemani\/","title":{"rendered":"HEMANI slakkencr\u00e8me X 12"},"content":{"rendered":"<p>Il existe actuellement \u00e9norm\u00e9ment de <b>cosmetica <\/b>pour prendre soin de son corps et de son visage, pour tous les types de peaux, sous toutes formes, odeurs, aspects, et d\u2019origines naturelles ou beaucoup moins ci-dessous, d\u00e9couvrez la cr\u00e8me d&rsquo;escargot HEMANI.<\/p>\n<h2><strong>L&rsquo;importance de prendre soin de son corps :<\/strong><\/h2>\n<p>Dans la religion musulmane, il est recommand\u00e9 de prendre soin de son corps, de son hygi\u00e8ne g\u00e9n\u00e9rale car cela fait parti du bon comportement, comme le faisait le Proph\u00e8te (Sala Allahu \u2018Aleyhi wa Salam).<\/p>\n<p>Il existe de nos jours une multitude de cr\u00e8mes sous diverses formes (<b>sprays, s\u00e9rums, cr\u00e8mes<\/b>\u2026), et pour des utilisations vari\u00e9es selon votre besoin et votre type de peau.<\/p>\n<p>La <b>cr\u00e8me \u00e0 base de bave d\u2019escargots HEMANI <\/b>de 80 grammes est un <b>soin naturel<\/b> tr\u00e8s appr\u00e9ci\u00e9 de part ses propri\u00e9t\u00e9s particuli\u00e8rement recherch\u00e9es car c\u2019est un v\u00e9ritable tr\u00e9sor de la nature\u00a0; en effet, il est connu que l\u2019escargot \u00e0 la facult\u00e9 extraordinaire de reconstruire enti\u00e8rement sa coquille en seulement quelques jours. Ceci est possible gr\u00e2ce \u00e0 <b>l\u2019allanto\u00efne<\/b> pr\u00e9sente dans sa bave, et celle-ci \u00e0 d\u2019excellentes vertus pour notre peau.<\/p>\n<h3><strong>La Cr\u00e8me d&rsquo;escargot HEMANI, entre utilisation est b\u00e9n\u00e9fice :<\/strong><\/h3>\n<p>D\u00e9j\u00e0 utilis\u00e9 depuis des ann\u00e9es en m\u00e9decine, ce \u00ab\u00a0mucus d\u2019escargot\u00a0\u00bb \u00e0 plusieurs bienfaits pour notre peau\u00a0:<\/p>\n<ul>\n<li>Il est rapidement absorb\u00e9 par notre peau et ceci en profondeur pour faciliter la <b>r\u00e9g\u00e9n\u00e9ration de nos cellules, <\/b>donc un<b> anti-\u00e2ge naturel.<\/b><\/li>\n<li>La <b>bave d\u2019escargot<\/b> rend la peau douce et la nourrit en profondeur, et les vitamines pr\u00e9sentent dans ce <b>mucus<\/b> ont des <b>vertus<\/b> <b>anti-inflammatoires.\u00a0<\/b><\/li>\n<li>Le <b>collag\u00e8ne<\/b> en <b>l\u2019\u00e9lastine<\/b> ont un effet \u00ab\u00a0<b>lifting<\/b>\u00a0\u00bb pour la peau et combattent <b>l\u2019acn\u00e9<\/b>.<\/li>\n<li>Enfin, la bave d\u2019escargot est connue pour avoir la facult\u00e9 de faciliter la <b>cicatrisation<\/b>, lutte contre la <b>d\u00e9pigmentation<\/b> de la peau, les <b>t\u00e2ches<\/b> ainsi que les <b>br\u00fblures<\/b>.<\/li>\n<\/ul>\n<p>Nous vous conseillons d\u2019utiliser la <strong>cr\u00e8me d&rsquo;escargot HEMANI<\/strong>\u00a0sur un visage pr\u00e9alablement propre et sec, ou sur les zones de votre corps que vous souhaitez cibler comme les vergetures ou autres cicatrices. Vous pouvez l\u2019appliquer matin et soir pour une utilisation optimale.<\/p>","protected":false},"excerpt":{"rendered":"<p>Wij bieden u deze<strong>\u00a0c<strong>r\u00e8me d&rsquo;escargot\u00a0HEMANI<\/strong>\u00a0<\/strong>verkocht in verpakkingen van 12.<\/p>\n<p>Prix de vente conseiller :\u00a0 10,90-11,90 euros.<\/p>\n<p>1 lot\u00a0 \u00a0 \u00a0: <span style=\"color: #0ad227;\">3,79\u20ac\/Pi\u00e8ce X 12 = 45,48\u20ac<\/span><\/p>","protected":false},"featured_media":30309,"template":"","meta":[],"product_brand":[],"product_cat":[286,59],"product_tag":[621,258,974,305],"class_list":{"0":"post-29478","1":"product","2":"type-product","3":"status-publish","4":"has-post-thumbnail","6":"product_cat-creme-cremeshampoing","7":"product_cat-soin-et-bien-etre","8":"product_tag-creme-descargot","9":"product_tag-en-gros","10":"product_tag-grossiste","11":"product_tag-hemani","12":"pa_lot-158","13":"pa_lot-160","14":"pa_lot-159","16":"first","17":"instock","18":"shipping-taxable","19":"purchasable","20":"product-type-simple"},"_links":{"self":[{"href":"https:\/\/ventesengros.fr\/nl\/wp-json\/wp\/v2\/product\/29478","targetHints":{"allow":["GET"]}}],"collection":[{"href":"https:\/\/ventesengros.fr\/nl\/wp-json\/wp\/v2\/product"}],"about":[{"href":"https:\/\/ventesengros.fr\/nl\/wp-json\/wp\/v2\/types\/product"}],"wp:featuredmedia":[{"embeddable":true,"href":"https:\/\/ventesengros.fr\/nl\/wp-json\/wp\/v2\/media\/30309"}],"wp:attachment":[{"href":"https:\/\/ventesengros.fr\/nl\/wp-json\/wp\/v2\/media?parent=29478"}],"wp:term":[{"taxonomy":"product_brand","embeddable":true,"href":"https:\/\/ventesengros.fr\/nl\/wp-json\/wp\/v2\/product_brand?post=29478"},{"taxonomy":"product_cat","embeddable":true,"href":"https:\/\/ventesengros.fr\/nl\/wp-json\/wp\/v2\/product_cat?post=29478"},{"taxonomy":"product_tag","embeddable":true,"href":"https:\/\/ventesengros.fr\/nl\/wp-json\/wp\/v2\/product_tag?post=29478"}],"curies":[{"name":"wp","href":"https:\/\/api.w.org\/{rel}","templated":true}]}}