{"id":29245,"date":"2014-06-25T19:07:48","date_gmt":"2014-06-25T18:07:48","guid":{"rendered":"http:\/\/pietra-communication.com\/ventesengros.fr\/?post_type=product&#038;p=29245"},"modified":"2025-10-18T17:02:42","modified_gmt":"2025-10-18T16:02:42","slug":"huile-camomille-60ml-plantil","status":"publish","type":"product","link":"https:\/\/ventesengros.fr\/nl\/grossiste\/huile-camomille-60ml-plantil\/","title":{"rendered":"Kamille olie 60ml X 12"},"content":{"rendered":"<p><strong>Eigendom:<\/strong><\/p>\n<p>-Adoucissante, calmante, rafra\u00eechissante, cicatrisante, purifiante &#8230;<\/p>\n<p>-Recommand\u00e9e contre les cicatrices, les br\u00fblures, les vergetures, la couperose, les t\u00e2ches de vieillesse et les coups de soleil<\/p>\n<p>-Nettoyage des peaux grasses, sensibles et mixtes<\/p>\n<p>-Massage- en verzorgingsolie voor de babyhuid \u00a0 \u00a0 \u00a0 \u00a0 \u00a0 \u00a0 \u00a0 \u00a0 \u00a0 \u00a0 \u00a0 \u00a0 \u00a0 \u00a0 \u00a0 \u00a0 \u00a0 \u00a0 \u00a0 \u00a0 \u00a0 \u00a0 \u00a0 \u00a0 \u00a0 \u00a0 \u00a0 \u00a0 \u00a0 \u00a0 \u00a0 \u00a0 \u00a0 \u00a0 \u00a0 \u00a0 \u00a0 \u00a0 \u00a0 \u00a0 \u00a0 \u00a0 \u00a0 \u00a0 \u00a0 \u00a0 \u00a0 \u00a0 \u00a0 \u00a0 \u00a0 \u00a0 \u00a0 \u00a0 \u00a0 \u00a0 \u00a0 \u00a0 \u00a0 \u00a0 \u00a0 \u00a0 \u00a0 \u00a0 \u00a0 \u00a0 \u00a0 \u00a0 \u00a0 \u00a0 \u00a0 \u00a0 \u00a0 \u00a0 \u00a0<strong>Hoe te gebruiken:<\/strong>\u00a0alleen voor cosmetisch gebruik<br \/>\n<b>Capaciteit :<\/b>60 ml<\/div>\n<p><b>Merknaam:<\/b>\u00a0\u00a0Plantil<br \/>\n<b><b>Herkomst:<\/b><\/b>Marokko<b><b><br \/>\n<\/b><\/b><b>Gewicht:<\/b>142g\/stuk<\/div>\n<p>&nbsp;<\/p>","protected":false},"excerpt":{"rendered":"<p>Wij bieden u deze\u00a0<strong>Huile de Camomille 60mL PLANTIL<\/strong><strong>\u00a0<\/strong>verkocht in verpakkingen van 12.<\/p>\n<p>Prix de vente conseiller : 6,50-7,50 euros.<\/p>\n<p>1 kavel :\u00a0<span style=\"color: #0ad227;\">2,09\u20ac\/Pi\u00e8ce X 12 = 25,08\u20ac<\/span><\/p>\n<p>&nbsp;<\/p>","protected":false},"featured_media":76392,"template":"","meta":[],"product_brand":[],"product_cat":[1561,201,327,59],"product_tag":[303,258,974,586,977],"class_list":{"0":"post-29245","1":"product","2":"type-product","3":"status-publish","4":"has-post-thumbnail","6":"product_cat-huile-de-camomille-en-gros","7":"product_cat-huiles-soin-et-bien-etre","8":"product_cat-huile-plantil-60ml","9":"product_cat-soin-et-bien-etre","10":"product_tag-60ml","11":"product_tag-en-gros","12":"product_tag-grossiste","13":"product_tag-huile-de-camomille","14":"product_tag-plantil","15":"pa_lot-158","16":"pa_lot-160","17":"pa_lot-159","19":"first","20":"instock","21":"shipping-taxable","22":"purchasable","23":"product-type-simple"},"_links":{"self":[{"href":"https:\/\/ventesengros.fr\/nl\/wp-json\/wp\/v2\/product\/29245","targetHints":{"allow":["GET"]}}],"collection":[{"href":"https:\/\/ventesengros.fr\/nl\/wp-json\/wp\/v2\/product"}],"about":[{"href":"https:\/\/ventesengros.fr\/nl\/wp-json\/wp\/v2\/types\/product"}],"wp:featuredmedia":[{"embeddable":true,"href":"https:\/\/ventesengros.fr\/nl\/wp-json\/wp\/v2\/media\/76392"}],"wp:attachment":[{"href":"https:\/\/ventesengros.fr\/nl\/wp-json\/wp\/v2\/media?parent=29245"}],"wp:term":[{"taxonomy":"product_brand","embeddable":true,"href":"https:\/\/ventesengros.fr\/nl\/wp-json\/wp\/v2\/product_brand?post=29245"},{"taxonomy":"product_cat","embeddable":true,"href":"https:\/\/ventesengros.fr\/nl\/wp-json\/wp\/v2\/product_cat?post=29245"},{"taxonomy":"product_tag","embeddable":true,"href":"https:\/\/ventesengros.fr\/nl\/wp-json\/wp\/v2\/product_tag?post=29245"}],"curies":[{"name":"wp","href":"https:\/\/api.w.org\/{rel}","templated":true}]}}