{"id":29233,"date":"2014-07-24T16:17:17","date_gmt":"2014-07-24T15:17:17","guid":{"rendered":"http:\/\/pietra-communication.com\/ventesengros.fr\/?post_type=product&#038;p=29233"},"modified":"2023-10-16T09:48:29","modified_gmt":"2023-10-16T08:48:29","slug":"ventouses-hijama-petit-format","status":"publish","type":"product","link":"https:\/\/ventesengros.fr\/nl\/grossiste\/ventouses-hijama-petit-format\/","title":{"rendered":"Zuignappen voor Hijama 4 cm (pak van 100)"},"content":{"rendered":"<p>Ventouses pour hijama 4 cm<\/p>\n<p>&nbsp;<\/p>\n<p><strong>Ori\u00ebnt Groothandel<\/strong> is een <strong>groothandel<\/strong> online op <strong>Marokko<\/strong> qui propose un large choix d\u2019articles de cat\u00e9gories tr\u00e8s diverses.<\/p>\n<p>De <strong>ventouses pour hijama<\/strong> sont vendues <strong>in bulk<\/strong> sur notre site afin que les entreprises et les semi grossistes puissent se fournir \u00e0 un prix tr\u00e8s comp\u00e9titif.<\/p>\n<p>Vous pourrez trouver parmi les ventouses de hijama diff\u00e9rentes tailles concernant le diam\u00e8tre de la ventouse\u00a0; les <strong>ventouses pour hijama 4cm<\/strong> sont des ventouses en verre qui permettent de pomper des petites quantit\u00e9s de sang au niveau de l\u2019\u00e9piderme \u00e0 l\u2019aide d\u2019une pompe sp\u00e9cialis\u00e9e.<\/p>\n<p>La hijama est une pratique m\u00e9dicale tr\u00e8s ancienne, notamment utilis\u00e9e en Chine, dans l\u2019Egypte ancienne mais aussi au temps du proph\u00e8te (Sala Allahu 3leyhi wa salam), qui l\u2019a d\u2019ailleurs recommand\u00e9 (sounna) et en a vant\u00e9 les tr\u00e8s nombreux m\u00e9rites et bienfaits pour le corps.<\/p>\n<p>Parmi ses bienfaits, elle peut soigner le mal de dos, les migraines, la st\u00e9rilit\u00e9, les sinusites, l\u2019allergie d\u2019aliments divers, le retard mental, la d\u00e9pression, l\u2019anxi\u00e9t\u00e9 ou encore le tabagisme.<\/p>\n<p>La <strong>hidjama<\/strong> doit \u00eatre r\u00e9alis\u00e9e par une personne comp\u00e9tente car c\u2019est une m\u00e9decine qui demande des connaissances tr\u00e8s pr\u00e9cises.<\/p>\n<p>Le <strong>klein formaat<\/strong> de cette ventouse permet qu\u2019on l\u2019utilise dans des endroits pr\u00e9cis du corps qui demande une aspiration plus l\u00e9g\u00e8re ou moins grosse qu\u2019\u00e0 d\u2019autres endroits.<\/p>\n<p>Nous vous indiquons pour chaque produit de notre site un prix de vente conseill\u00e9 pour la revente de chaque article au d\u00e9tail calcul\u00e9 en fonction du march\u00e9 actuel\u00a0; pour les <strong>hijama zuignappen<\/strong>, le prix de revente conseill\u00e9 est de 1,50\u20ac pi\u00e8ce.<\/p>\n<p>Vous pourrez retrouver sur notre site d\u2019autres ventouses de diff\u00e9rents diam\u00e8tres, ainsi que des pompes sp\u00e9cialis\u00e9es pour la hijama, et d\u2019autres accessoires comme des kits et autres afin de compl\u00e9ter votre mat\u00e9riel.<\/p>\n<p>Pour toutes questions suppl\u00e9mentaires concernant la hijama et le mat\u00e9riel n\u00e9cessaire \u00e0 sa bonne r\u00e9alisation, n\u2019h\u00e9sitez pas \u00e0 contacter notre service client disponible \u00e0 des horaires flexibles afin de vous faciliter.<\/p>\n<p>&nbsp;<\/p>\n<p><strong>Binnendiameter:<\/strong> 4 cm<\/p>","protected":false},"excerpt":{"rendered":"<p>We bieden je deze\u00a0<strong>Ventouse pour Hijama petit format<\/strong>\u00a0verkocht in verpakkingen van 100 .<\/p>\n<p><strong><span style=\"color: #000080;\">Aanbevolen verkoopprijs \u20ac1,50.<\/span><\/strong><\/p>\n<p><strong>1 kavel :\u00a0<span style=\"color: #0ad227;\">0,35\/stuk X 100 = \u20ac35<\/span><\/strong><\/p>\n<p>&nbsp;<\/p>","protected":false},"featured_media":34479,"template":"","meta":[],"product_brand":[],"product_cat":[60,234],"product_tag":[258,974,301,584],"class_list":{"0":"post-29233","1":"product","2":"type-product","3":"status-publish","4":"has-post-thumbnail","6":"product_cat-bazar","7":"product_cat-kit-hijama","8":"product_tag-en-gros","9":"product_tag-grossiste","10":"product_tag-petit-format","11":"product_tag-ventouses-hijama","12":"pa_lot-158","13":"pa_lot-160","14":"pa_lot-159","16":"first","17":"instock","18":"shipping-taxable","19":"purchasable","20":"product-type-simple"},"_links":{"self":[{"href":"https:\/\/ventesengros.fr\/nl\/wp-json\/wp\/v2\/product\/29233","targetHints":{"allow":["GET"]}}],"collection":[{"href":"https:\/\/ventesengros.fr\/nl\/wp-json\/wp\/v2\/product"}],"about":[{"href":"https:\/\/ventesengros.fr\/nl\/wp-json\/wp\/v2\/types\/product"}],"wp:featuredmedia":[{"embeddable":true,"href":"https:\/\/ventesengros.fr\/nl\/wp-json\/wp\/v2\/media\/34479"}],"wp:attachment":[{"href":"https:\/\/ventesengros.fr\/nl\/wp-json\/wp\/v2\/media?parent=29233"}],"wp:term":[{"taxonomy":"product_brand","embeddable":true,"href":"https:\/\/ventesengros.fr\/nl\/wp-json\/wp\/v2\/product_brand?post=29233"},{"taxonomy":"product_cat","embeddable":true,"href":"https:\/\/ventesengros.fr\/nl\/wp-json\/wp\/v2\/product_cat?post=29233"},{"taxonomy":"product_tag","embeddable":true,"href":"https:\/\/ventesengros.fr\/nl\/wp-json\/wp\/v2\/product_tag?post=29233"}],"curies":[{"name":"wp","href":"https:\/\/api.w.org\/{rel}","templated":true}]}}