{"id":29214,"date":"2014-07-24T07:02:11","date_gmt":"2014-07-24T06:02:11","guid":{"rendered":"http:\/\/pietra-communication.com\/ventesengros.fr\/?post_type=product&#038;p=29214"},"modified":"2025-10-18T14:25:33","modified_gmt":"2025-10-18T13:25:33","slug":"huile-ricin-60ml-plantil","status":"publish","type":"product","link":"https:\/\/ventesengros.fr\/nl\/grossiste\/huile-ricin-60ml-plantil\/","title":{"rendered":"Ricinusolie 60 ml X 12"},"content":{"rendered":"<p>Huile de ricin 60mL PLANTIL<\/p>\n<p>&nbsp;<\/p>\n<p><strong>L\u2019huile de ricin<\/strong> vient de la plante appel\u00e9e <em>Ricinus communis,<\/em> originaire des r\u00e9gions tropicales et subtropicales. L\u2019huile de ricin est issue de la graine de ricin, que l\u2019on obtient gr\u00e2ce \u00e0 une pression \u00e0 froid de la graine suivie d\u2019une infiltration pour retirer la ricine (toxique).<\/p>\n<p>L\u2019huile de ricin est utilis\u00e9e depuis l\u2019Antiquit\u00e9, et est tr\u00e8s appr\u00e9ci\u00e9e pour ses nombreuses vertus. Cette huile v\u00e9g\u00e9tale s\u2019emploie pour un usage externe uniquement. Elle permet de fortifier les ongles, restructurer la fibre capillaire, hydrater et faire pousser les cheveux, et elle allonge et acc\u00e9l\u00e8re la pousse des cils. L\u2019huile de ricin est donc utilis\u00e9e en cosm\u00e9tique, et notamment dans le traitement des cheveux secs, cassants, d\u00e9vitalis\u00e9s, et m\u00eame de nature cr\u00e9pus.<\/p>\n<p>Jouw <strong>groothandel<\/strong> online <strong>Ori\u00ebnt Groothandel<\/strong> biedt je te koop aan <strong>in bulk<\/strong> <strong>l\u2019huile de ricin PLANTIL<\/strong> de contenance <strong>60mL.<\/strong> Elle est vendue par lot de 12 au prix tr\u00e8s comp\u00e9titif de 19,09\u20ac soit 1,59\u20ac l\u2019unit\u00e9, ou 1,39\u20ac l\u2019unit\u00e9 \u00e0 partir de 3 lots achet\u00e9s et plus.<\/p>\n<p>Nous vous conseillons pour ce produit un prix de revente de 4,90\u20ac.<\/p>\n<p>L\u2019huile de ricin, aussi connue sous le nom de <strong><em>castor oil<\/em><\/strong><em>, <\/em>est commercialis\u00e9e par la c\u00e9l\u00e8bre marque <strong>PLANTIL<\/strong>. Orient Grossiste \u00e0 choisi de vous proposer ce produit car la marque PLANTIL est une marque de qualit\u00e9 connue pour ses produits enti\u00e8rement naturels.<\/p>\n<p>L\u2019huile de ricin 60mL est contenue dans un flacon en verre ferm\u00e9 par un bouchon en plastique. Simple d\u2019utilisation, elle peut s\u2019utiliser seule en bain d\u2019huile, ou m\u00e9lang\u00e9e \u00e0 d\u2019autres huiles naturelles.<\/p>\n<p>Vous pourrez trouver sur notre site de l\u2019huile de ricin commercialis\u00e9e par d\u2019autres marques, ou de contenance plus ou moins importante, selon vos besoins. Vous pouvez aussi trouver d\u2019autres huiles naturelles pour d\u2019autres utilisations, toujours aussi qualitatives et \u00e0 un prix accessible.<\/p>\n<p>Notre service client reste \u00e0 votre enti\u00e8re disposition pour toutes questions ou informations suppl\u00e9mentaires concernant nos produits.<\/p>","protected":false},"excerpt":{"rendered":"<p>Wij bieden u deze\u00a0<strong>Huile de Ricin 60mL PLANTIL<\/strong><strong>\u00a0<\/strong>verkocht in verpakkingen van 12.<\/p>\n<p>Aanbevolen verkoopprijs: \u20ac4,90.<\/p>\n<p>1 kavel :\u00a0<span style=\"color: #0ad227;\">1,59\/stuk X 12 = \u20ac19,08<\/span><\/p>","protected":false},"featured_media":76378,"template":"","meta":[],"product_brand":[],"product_cat":[201,1509,327,59],"product_tag":[303,258,974,583,977],"class_list":{"0":"post-29214","1":"product","2":"type-product","3":"status-publish","4":"has-post-thumbnail","6":"product_cat-huiles-soin-et-bien-etre","7":"product_cat-huiles-de-ricin-en-gros","8":"product_cat-huile-plantil-60ml","9":"product_cat-soin-et-bien-etre","10":"product_tag-60ml","11":"product_tag-en-gros","12":"product_tag-grossiste","13":"product_tag-huile-de-ricin","14":"product_tag-plantil","15":"pa_lot-158","16":"pa_lot-160","17":"pa_lot-159","19":"first","20":"instock","21":"shipping-taxable","22":"purchasable","23":"product-type-simple"},"_links":{"self":[{"href":"https:\/\/ventesengros.fr\/nl\/wp-json\/wp\/v2\/product\/29214","targetHints":{"allow":["GET"]}}],"collection":[{"href":"https:\/\/ventesengros.fr\/nl\/wp-json\/wp\/v2\/product"}],"about":[{"href":"https:\/\/ventesengros.fr\/nl\/wp-json\/wp\/v2\/types\/product"}],"wp:featuredmedia":[{"embeddable":true,"href":"https:\/\/ventesengros.fr\/nl\/wp-json\/wp\/v2\/media\/76378"}],"wp:attachment":[{"href":"https:\/\/ventesengros.fr\/nl\/wp-json\/wp\/v2\/media?parent=29214"}],"wp:term":[{"taxonomy":"product_brand","embeddable":true,"href":"https:\/\/ventesengros.fr\/nl\/wp-json\/wp\/v2\/product_brand?post=29214"},{"taxonomy":"product_cat","embeddable":true,"href":"https:\/\/ventesengros.fr\/nl\/wp-json\/wp\/v2\/product_cat?post=29214"},{"taxonomy":"product_tag","embeddable":true,"href":"https:\/\/ventesengros.fr\/nl\/wp-json\/wp\/v2\/product_tag?post=29214"}],"curies":[{"name":"wp","href":"https:\/\/api.w.org\/{rel}","templated":true}]}}