{"id":29195,"date":"2014-07-22T18:55:01","date_gmt":"2014-07-22T17:55:01","guid":{"rendered":"http:\/\/pietra-communication.com\/ventesengros.fr\/?post_type=product&#038;p=29195"},"modified":"2025-10-18T14:21:06","modified_gmt":"2025-10-18T13:21:06","slug":"huile-carotte-60ml-plantil","status":"publish","type":"product","link":"https:\/\/ventesengros.fr\/nl\/grossiste\/huile-carotte-60ml-plantil\/","title":{"rendered":"Wortelolie 60 ml X 12"},"content":{"rendered":"<p><strong>Eigendom:<\/strong><\/p>\n<p>-Mac\u00e9rat huileux de carotte id\u00e9al pour les peaux grasses<\/p>\n<p>-Tonifie et am\u00e9liore l&rsquo;\u00e9lasticit\u00e9 de la peau<\/p>\n<p>-Huile pourvue pour un bronzage\u00a0de qualit\u00e9s \u00a0 \u00a0 \u00a0 \u00a0 \u00a0 \u00a0 \u00a0 \u00a0 \u00a0 \u00a0 \u00a0 \u00a0 \u00a0 \u00a0 \u00a0 \u00a0 \u00a0 \u00a0 \u00a0 \u00a0 \u00a0 \u00a0 \u00a0 \u00a0 \u00a0 \u00a0 \u00a0 \u00a0 \u00a0 \u00a0 \u00a0 \u00a0 \u00a0 \u00a0 \u00a0 \u00a0 \u00a0 \u00a0 \u00a0 \u00a0 \u00a0 \u00a0 \u00a0 \u00a0 \u00a0 \u00a0 \u00a0 \u00a0 \u00a0 \u00a0 \u00a0 \u00a0 \u00a0 \u00a0 \u00a0 \u00a0 \u00a0 \u00a0 \u00a0 \u00a0 \u00a0 \u00a0 \u00a0 \u00a0 \u00a0 \u00a0 \u00a0 \u00a0 \u00a0 \u00a0 \u00a0 \u00a0 \u00a0 \u00a0 \u00a0 \u00a0 \u00a0 \u00a0 \u00a0 \u00a0 \u00a0 \u00a0<strong>Hoe te gebruiken:<\/strong>\u00a0alleen voor cosmetisch gebruik<\/p>\n<div id=\":9n.co\" class=\"tL8wMe xAWnQc\" dir=\"ltr\"><b>Capaciteit :<\/b>60 ml<\/div>\n<div class=\"tL8wMe xAWnQc\" dir=\"ltr\"><b>Merknaam:<\/b>\u00a0Plantil<br \/>\n<b><b><b>Herkomst:<\/b><\/b><\/b>Marokko<b><b><b><br \/>\n<\/b><\/b><\/b><b>Gewicht:<\/b>142g\/stuk<\/div>","protected":false},"excerpt":{"rendered":"<p>Wij bieden u deze\u00a0<strong>Huile de Carotte 60mL PLANTIL<\/strong><strong>\u00a0<\/strong>verkocht in verpakkingen van 12.<\/p>\n<p>Adviesprijs: 7,90-8,90 euro.<\/p>\n<p>1 kavel :\u00a0<span style=\"color: #0ad227;\">2,49\/stuk X 12 = \u20ac29,88<\/span><\/p>\n<p>&nbsp;<\/p>","protected":false},"featured_media":76386,"template":"","meta":[],"product_brand":[],"product_cat":[201,327,59],"product_tag":[303,258,974,581,977],"class_list":{"0":"post-29195","1":"product","2":"type-product","3":"status-publish","4":"has-post-thumbnail","6":"product_cat-huiles-soin-et-bien-etre","7":"product_cat-huile-plantil-60ml","8":"product_cat-soin-et-bien-etre","9":"product_tag-60ml","10":"product_tag-en-gros","11":"product_tag-grossiste","12":"product_tag-huile-de-carotte","13":"product_tag-plantil","14":"pa_lot-158","15":"pa_lot-160","16":"pa_lot-159","18":"first","19":"instock","20":"shipping-taxable","21":"purchasable","22":"product-type-simple"},"_links":{"self":[{"href":"https:\/\/ventesengros.fr\/nl\/wp-json\/wp\/v2\/product\/29195","targetHints":{"allow":["GET"]}}],"collection":[{"href":"https:\/\/ventesengros.fr\/nl\/wp-json\/wp\/v2\/product"}],"about":[{"href":"https:\/\/ventesengros.fr\/nl\/wp-json\/wp\/v2\/types\/product"}],"wp:featuredmedia":[{"embeddable":true,"href":"https:\/\/ventesengros.fr\/nl\/wp-json\/wp\/v2\/media\/76386"}],"wp:attachment":[{"href":"https:\/\/ventesengros.fr\/nl\/wp-json\/wp\/v2\/media?parent=29195"}],"wp:term":[{"taxonomy":"product_brand","embeddable":true,"href":"https:\/\/ventesengros.fr\/nl\/wp-json\/wp\/v2\/product_brand?post=29195"},{"taxonomy":"product_cat","embeddable":true,"href":"https:\/\/ventesengros.fr\/nl\/wp-json\/wp\/v2\/product_cat?post=29195"},{"taxonomy":"product_tag","embeddable":true,"href":"https:\/\/ventesengros.fr\/nl\/wp-json\/wp\/v2\/product_tag?post=29195"}],"curies":[{"name":"wp","href":"https:\/\/api.w.org\/{rel}","templated":true}]}}