{"id":29067,"date":"2014-06-15T13:11:00","date_gmt":"2014-06-15T12:11:00","guid":{"rendered":"http:\/\/pietra-communication.com\/ventesengros.fr\/?post_type=product&#038;p=29067"},"modified":"2022-06-30T23:29:28","modified_gmt":"2022-06-30T22:29:28","slug":"huile-dargan-60ml-plantil","status":"publish","type":"product","link":"https:\/\/ventesengros.fr\/nl\/grossiste\/huile-dargan-60ml-plantil\/","title":{"rendered":"Arganolie 60 ml X 12"},"content":{"rendered":"<p><strong>Eigenschappen:<\/strong><\/p>\n<p>-Redynamise la peau, restaure la barri\u00e8re cutann\u00e9e<\/p>\n<p>-Sa forte teneur en vitamine E stimule la synth\u00e8se des fibres d&rsquo;\u00e9lastine et de la collag\u00e8ne \u00e9vitant ainsi leur alt\u00e9ration<\/p>\n<p>-Elle procure une agr\u00e9able sensation de peau ferme<\/p>\n<p>-R\u00e9pare les cheveux secs, ab\u00eem\u00e9s et ternes<\/p>\n<p>-Fortifie les ongles cassants \u00a0 \u00a0 \u00a0 \u00a0 \u00a0 \u00a0 \u00a0 \u00a0 \u00a0 \u00a0 \u00a0 \u00a0 \u00a0 \u00a0 \u00a0 \u00a0 \u00a0 \u00a0 \u00a0 \u00a0 \u00a0 \u00a0 \u00a0 \u00a0 \u00a0 \u00a0 \u00a0 \u00a0 \u00a0 \u00a0 \u00a0 \u00a0 \u00a0 \u00a0 \u00a0 \u00a0 \u00a0 \u00a0 \u00a0 \u00a0 \u00a0 \u00a0 \u00a0 \u00a0 \u00a0 \u00a0 \u00a0 \u00a0 \u00a0 \u00a0 \u00a0 \u00a0 \u00a0 \u00a0 \u00a0 \u00a0 \u00a0 \u00a0 \u00a0 \u00a0 \u00a0 \u00a0 \u00a0 \u00a0 \u00a0 \u00a0 \u00a0 \u00a0 \u00a0 \u00a0 \u00a0 \u00a0 \u00a0 \u00a0 \u00a0 \u00a0 \u00a0 \u00a0 \u00a0 \u00a0 \u00a0 \u00a0 \u00a0 \u00a0 \u00a0 \u00a0 \u00a0 \u00a0 \u00a0 \u00a0 \u00a0 \u00a0 \u00a0 \u00a0 \u00a0 \u00a0 \u00a0<strong>Hoe te gebruiken:<\/strong>\u00a0alleen voor cosmetisch gebruik<\/p>\n<div id=\":9n.co\" class=\"tL8wMe xAWnQc\" dir=\"ltr\"><b>Capaciteit :<\/b>60 ml<\/div>\n<div class=\"tL8wMe xAWnQc\" dir=\"ltr\"><b>Merknaam:<\/b>\u00a0 Plantil<br \/>\n<b>Herkomst:<\/b>Marokko<br \/>\n<b>Gewicht:<\/b>142g\/stuk<\/div>\n<p>&nbsp;<\/p>","protected":false},"excerpt":{"rendered":"<p>Wij bieden u deze\u00a0<strong>Huile d&rsquo;Argan 60mL PLANTIL<\/strong><strong>\u00a0<\/strong>verkocht in verpakkingen van 12.<\/p>\n<p>Prix de vente conseiller :\u00a06,50-7,50 euros.<\/p>\n<p>1 kavel :\u00a0<span style=\"color: #0ad227;\">2,69\/stuk X 12 = \u20ac32,28<\/span><\/p>","protected":false},"featured_media":29071,"template":"","meta":[],"product_brand":[],"product_cat":[201,327,59],"product_tag":[565,258,974,82,501],"class_list":{"0":"post-29067","1":"product","2":"type-product","3":"status-publish","4":"has-post-thumbnail","6":"product_cat-huiles-soin-et-bien-etre","7":"product_cat-huile-plantil-60ml","8":"product_cat-soin-et-bien-etre","9":"product_tag-60ml-plantil","10":"product_tag-en-gros","11":"product_tag-grossiste","12":"product_tag-huile-dargan","13":"product_tag-huile-plantil-2","14":"pa_lot-158","15":"pa_lot-160","16":"pa_lot-159","18":"first","19":"instock","20":"shipping-taxable","21":"purchasable","22":"product-type-simple"},"_links":{"self":[{"href":"https:\/\/ventesengros.fr\/nl\/wp-json\/wp\/v2\/product\/29067","targetHints":{"allow":["GET"]}}],"collection":[{"href":"https:\/\/ventesengros.fr\/nl\/wp-json\/wp\/v2\/product"}],"about":[{"href":"https:\/\/ventesengros.fr\/nl\/wp-json\/wp\/v2\/types\/product"}],"wp:featuredmedia":[{"embeddable":true,"href":"https:\/\/ventesengros.fr\/nl\/wp-json\/wp\/v2\/media\/29071"}],"wp:attachment":[{"href":"https:\/\/ventesengros.fr\/nl\/wp-json\/wp\/v2\/media?parent=29067"}],"wp:term":[{"taxonomy":"product_brand","embeddable":true,"href":"https:\/\/ventesengros.fr\/nl\/wp-json\/wp\/v2\/product_brand?post=29067"},{"taxonomy":"product_cat","embeddable":true,"href":"https:\/\/ventesengros.fr\/nl\/wp-json\/wp\/v2\/product_cat?post=29067"},{"taxonomy":"product_tag","embeddable":true,"href":"https:\/\/ventesengros.fr\/nl\/wp-json\/wp\/v2\/product_tag?post=29067"}],"curies":[{"name":"wp","href":"https:\/\/api.w.org\/{rel}","templated":true}]}}