{"id":28969,"date":"2012-05-29T20:16:10","date_gmt":"2012-05-29T19:16:10","guid":{"rendered":"http:\/\/pietra-communication.com\/ventesengros.fr\/?post_type=product&#038;p=28969"},"modified":"2025-01-20T07:05:00","modified_gmt":"2025-01-20T06:05:00","slug":"pollen-de-palmier-en-gros","status":"publish","type":"product","link":"https:\/\/ventesengros.fr\/nl\/grossiste\/pollen-de-palmier-en-gros\/","title":{"rendered":"Palmpollen (per kilo of in zakjes van 20 g) - Nabaty"},"content":{"rendered":"<p>Rem\u00e8de traditionnel dans les pays arabes, le pollen de palmier dattier est utilis\u00e9 depuis des si\u00e8cles pour renforcer le syst\u00e8me immunitaire et <a href=\"https:\/\/goutte-damour.com\/categorie-produit\/accueil\/gouttes-d-amour\/libido\/\" rel=\"noopener\"><strong>augmenter la libido<\/strong><\/a>. Nous vous proposons de vous en dire plus sur ce produit naturel hors norme dont les effets sont notables sur bon nombres d\u2019individus.<\/p>\n<h2><b>Le pollen issu du palmier dattier\u00a0: un rempart contre l\u2019infertilit\u00e9<\/b><\/h2>\n<p>Si le pollen de cet arbre embl\u00e9matique d\u2019Irak permet de multiplier les palmeraies et de lutter contre l\u2019avanc\u00e9e du d\u00e9sert, il joue un r\u00f4le de premier plan pour booster la fertilit\u00e9 des couples. Bien entendu, <a href=\"https:\/\/www.ma-fertilite.com\" target=\"_blank\" rel=\"noopener noreferrer\"><strong>tomber enceinte<\/strong><\/a> d\u00e9pend de beaucoup de facteurs. Cependant, ce pollen fertile est une cause permettant de favoriser l\u2019ovulation. Pour l\u2019homme, il contribue \u00e0 am\u00e9liorer la performance des spermatozo\u00efdes en accentuant leur viabilit\u00e9 et mobilit\u00e9. Cette condition contribue \u00e0 acc\u00e9l\u00e9rer le travail de f\u00e9condation en facilitant la rencontre avec l\u2019ovule.<\/p>\n<h3><b>Une opportunit\u00e9 pour r\u00e9guler le cycle menstruel f\u00e9minin<\/b><\/h3>\n<p>Chez les femmes, les menstrues peuvent \u00eatre sujettes au changement d\u2019humeur ou provoquer des douleurs intenses. Le pollen de palmier dattier est reconnu pour att\u00e9nuer ces changements soudains. En outre, sa consommation<span class=\"Apple-converted-space\">\u00a0<\/span>facilite, \u00e0 la fin de cette p\u00e9riode, le nettoyage de l\u2019ut\u00e9rus. Il permet un \u00e9coulement rapide et complet du sang vaginal.<\/p>\n<h3><b>Comment se consomme ce bienfait de la nature\u00a0?<\/b><\/h3>\n<p>S\u2019il para\u00eet bizarre pour une personne de consommer du pollen de palmier, cette mati\u00e8re volatile ne peut s\u2019ing\u00e9rer seule. Il convient donc de le m\u00e9langer \u00e0 un autre ingr\u00e9dient reconnu pour ses bienfaits sur le syst\u00e8me immunitaire\u00a0: le <a href=\"https:\/\/ventesengros.fr\/nl\/product-category\/soin-et-bien-etre\/alimentation\/miel-alimentation\/\" target=\"_blank\" rel=\"noopener noreferrer\"><strong>honing<\/strong><\/a>.<\/p>\n<p>Ce m\u00e9lange est pr\u00e9conis\u00e9 d\u00e8s le matin et se renforce parfois \u00e0 l\u2019aide d\u2019une cuill\u00e8re de <a href=\"https:\/\/gel\u00e9e-royale.fr\" target=\"_blank\" rel=\"noopener noreferrer\"><strong>gel\u00e9e royale<\/strong><\/a>.<span class=\"Apple-converted-space\">\u00a0 <\/span>Si \u00e0 ce jour, il n\u2019existe pas de contre-indication pour le pollen de palmier, les personnes souffrant d\u2019allergies \u00e0 cette substance doivent prendre garde \u00e0 ne pas l\u2019int\u00e9grer dans leur programme alimentaire.<\/p>\n<p>Foto niet contractueel<\/p>\n<p>Al onze producten zijn verkrijgbaar in white label (<a href=\"https:\/\/ventesengros.fr\/nl\/contact\/\"><strong>op aanvraag<\/strong><\/a>)<\/p>\n<p>Dalende prijs over 10 kavels korting van 10% (<a href=\"https:\/\/ventesengros.fr\/nl\/contact\/\"><strong>op offerte<\/strong><\/a>)<\/p>","protected":false},"excerpt":{"rendered":"<p>Nous vous proposons le pollen de palmier\u00a0<span style=\"color: #0000ff;\"><strong>vendu au kilo ou en sachets de 20grs par lot de 12<\/strong><\/span>. Met of zonder label. <span style=\"color: #000000;\"><strong>Tapering prijzen.<\/strong><\/span><\/p>\n<p><b>Prijs per kilo :<\/b> <span style=\"color: #ff0000;\"><strong>70 \u20ac<\/strong><\/span><\/p>\n<p><b>Prijs per zak<span class=\"Apple-converted-space\">\u00a0<\/span>:<\/b> <strong><span style=\"color: #ff0000;\">1,80 \u20ac<\/span><\/strong><\/p>\n<p><span style=\"color: #ff0000;\"><b>Voor meer dan 3 loten, kies een hoeveelheid in het winkelmandje.<\/b><\/span><\/p>\n<p>B\u00e9n\u00e9ficiez d&rsquo;une remise de 10% au-del\u00e0 de 10 lots (<span style=\"color: #ff0000;\"><a style=\"color: #ff0000;\" href=\"https:\/\/ventesengros.fr\/nl\/contact\/\"><strong>contact met ons opnemen<\/strong><\/a><\/span>).<\/p>","protected":false},"featured_media":37869,"template":"","meta":[],"product_brand":[],"product_cat":[59,285,1515,838],"product_tag":[258,974,549],"class_list":{"0":"post-28969","1":"product","2":"type-product","3":"status-publish","4":"has-post-thumbnail","6":"product_cat-soin-et-bien-etre","7":"product_cat-autres","8":"product_cat-fertilite","9":"product_cat-pollen-de-palmier-alimentation","10":"product_tag-en-gros","11":"product_tag-grossiste","12":"product_tag-pollen-de-palmier","13":"pa_lot-1-lot-12-sachets-199-le-sachet","14":"pa_lot-1-lot-1kg-3999-le-kilo","15":"pa_lot-2-lots-24-sachets-189-le-sachet","16":"pa_lot-2-lots-2kg-5727-le-kilo","17":"pa_lot-3-lots-36-sachets-179-le-sachet","18":"pa_lot-3-lots-3kg-5432-le-kilo","20":"first","21":"instock","22":"featured","23":"shipping-taxable","24":"purchasable","25":"product-type-variable"},"_links":{"self":[{"href":"https:\/\/ventesengros.fr\/nl\/wp-json\/wp\/v2\/product\/28969","targetHints":{"allow":["GET"]}}],"collection":[{"href":"https:\/\/ventesengros.fr\/nl\/wp-json\/wp\/v2\/product"}],"about":[{"href":"https:\/\/ventesengros.fr\/nl\/wp-json\/wp\/v2\/types\/product"}],"wp:featuredmedia":[{"embeddable":true,"href":"https:\/\/ventesengros.fr\/nl\/wp-json\/wp\/v2\/media\/37869"}],"wp:attachment":[{"href":"https:\/\/ventesengros.fr\/nl\/wp-json\/wp\/v2\/media?parent=28969"}],"wp:term":[{"taxonomy":"product_brand","embeddable":true,"href":"https:\/\/ventesengros.fr\/nl\/wp-json\/wp\/v2\/product_brand?post=28969"},{"taxonomy":"product_cat","embeddable":true,"href":"https:\/\/ventesengros.fr\/nl\/wp-json\/wp\/v2\/product_cat?post=28969"},{"taxonomy":"product_tag","embeddable":true,"href":"https:\/\/ventesengros.fr\/nl\/wp-json\/wp\/v2\/product_tag?post=28969"}],"curies":[{"name":"wp","href":"https:\/\/api.w.org\/{rel}","templated":true}]}}