{"id":28900,"date":"2014-06-01T20:09:42","date_gmt":"2014-06-01T19:09:42","guid":{"rendered":"http:\/\/pietra-communication.com\/ventesengros.fr\/?post_type=product&#038;p=28900"},"modified":"2022-06-30T23:31:32","modified_gmt":"2022-06-30T22:31:32","slug":"flacon-vide-spray-100ml","status":"publish","type":"product","link":"https:\/\/ventesengros.fr\/nl\/grossiste\/flacon-vide-spray-100ml\/","title":{"rendered":"Lege fles Spuitbus 100 ml X 12"},"content":{"rendered":"<p>Chez Orient Grossiste, nous connaissons l\u2019importance de poss\u00e9der du mat\u00e9riel de qualit\u00e9. Il est essentiel que chaque entreprise puisse vendre ses produits dans des <b>contenants solides<\/b>. C\u2019est pourquoi nous avons mis \u00e0 votre disposition toute une <b>cat\u00e9gorie d\u2019emballages<\/b>, dont la gamme de\u00a0<strong>lege fles 100ml groothandel<\/strong>.<\/p>\n<p>Cet article est vendu par lot de 12, au petit prix de 8,28\u20ac, soit 0,69\u20ac pi\u00e8ce. Sachez que le tarif est d\u00e9gressif \u00e0 partir de 2 lots et plus.<span class=\"Apple-converted-space\">\u00a0<\/span><\/p>\n<h2><b>Un flacon vide et une multitude de possibilit\u00e9s<span class=\"Apple-converted-space\">\u00a0<\/span><\/b><\/h2>\n<p>Le <b>flacon vide spray <\/b>est un contenant indispensable pour pr\u00e9senter vos produits. Il peut contenir des liquides jusqu\u2019\u00e0 100mL, et son utilisation est tr\u00e8s simple.<span class=\"Apple-converted-space\">\u00a0<\/span><\/p>\n<p>Il se pr\u00e9sente sous la forme d\u2019une petite bouteille<i> en plastique dur, solide et incassable<\/i>. Celle-ci est munie d\u2019une pompe dont l\u2019embout est un vaporisateur spray. Il permet ainsi d\u2019envoyer de petites doses simplement en appuyant sur l\u2019embout. Ce <b>flacon vide spray<\/b> est vendu avec un capuchon, qui permet de refermer l\u2019embout une fois que son utilisation est termin\u00e9e.<span class=\"Apple-converted-space\">\u00a0<\/span><\/p>\n<p>L\u2019un des autres avantages du plastique dur pour les flacons spray est qu\u2019il est <b>transparent<\/b>. Cet aspect est tr\u00e8s utile pour conna\u00eetre la quantit\u00e9 restante de liquide \u00e0 l\u2019int\u00e9rieur du contenant.<\/p>\n<p>Toutes les normes sont respect\u00e9es quant aux mati\u00e8res premi\u00e8res utilis\u00e9es. Ce flacon vide en spray peut accueillir des <b>liquides \u00e0 usage cosm\u00e9tique et alimentaire<\/b>. Il p\u00e8se seulement 20g et provient directement du Maroc, comme nos autres produits. <span class=\"Apple-converted-space\">\u00a0<\/span><\/p>\n<h3><b>Usages divers et vari\u00e9s<span class=\"Apple-converted-space\">\u00a0<\/span><\/b><\/h3>\n<p>Deze <b>contenant vide<\/b> permet une utilisation diverse et vari\u00e9e. Il vous est possible d\u2019utiliser ces <b>flacons spray<\/b> pour y mettre des <i>huiles, des parfums, des eaux florales, des eaux d\u00e9maquillantes, et tout autre liquide<\/i>. A usage cosm\u00e9tique et\/ou alimentaire.<span class=\"Apple-converted-space\">\u00a0<\/span><\/p>\n<p>Sachez d\u2019ailleurs que chez Orient Grossiste, nous proposons un grand choix d\u2019<b>huiles du Maroc<\/b>. Certaines sont \u00e0 usage alimentaire comme l\u2019<b>huile d\u2019argan comestible<\/b> du Maroc. Et d\u2019autres sont \u00e0 usage cosm\u00e9tique comme l\u2019<b><a href=\"https:\/\/www.amlou.fr\/produit\/huile-de-serpent-cheveux-hemani\/\" target=\"_blank\" rel=\"noopener noreferrer\">huile de serpent hemani<\/a>.<\/b>\u00a0Elles seront id\u00e9ales dans ces flacons spray !<\/p>\n<p>Il vous est aussi possible de vendre ces flacons au d\u00e9tail, afin que les usagers puissent utiliser le flacon vide spray comme ils le souhaitent. <span class=\"Apple-converted-space\">\u00a0<\/span><\/p>\n<p>L\u2019utilisation de ce <b>flacon spray 100mL<\/b> est tr\u00e8s simple, et s\u2019av\u00e8re tr\u00e8s avantageuse pour les liquides en comparaison avec d\u2019autres contenants. Il est <i>beaucoup plus hygi\u00e9nique <\/i>d\u2019utiliser ce type de <b>bouteille en spray<\/b>. De plus, cela permet de doser pr\u00e9cis\u00e9ment la quantit\u00e9 souhait\u00e9e.<span class=\"Apple-converted-space\">\u00a0<\/span><\/p>\n<h3><b>Flacon vide 100ml en gros : Du choix dans les contenants<span class=\"Apple-converted-space\">\u00a0<\/span><\/b><\/h3>\n<p>Si vous appr\u00e9ciez ce genre de flacon vide 100ml en gros, sachez que nous avons un large choix dans cette gamme. Vous pourriez \u00eatre int\u00e9ress\u00e9s par ce <b>flacon vide en 75mL<\/b>, ou en <b>60 ml<\/b>. Toujours munis de leur pompe.<span class=\"Apple-converted-space\">\u00a0<\/span><\/p>\n<p>Et si vous avez besoin d\u2019autres <i>bouteilles vides transparentes en plastique,<\/i> nous proposons des <b>contenants avec des bouchons classiques en aluminum<\/b>. Ils sont id\u00e9als pour y stocker des shampoings, des cr\u00e8mes et des lotions. Ceux-ci sont disponibles dans 2 quantit\u00e9s : 30mL et 100mL. Et toujours \u00e0 des prix tr\u00e8s attractifs !<span class=\"Apple-converted-space\">\u00a0<\/span><\/p>\n<p>Il est vrai que le plastique est une mati\u00e8re moins on\u00e9reuse en terme d\u2019achat et de co\u00fbts de transport. Toutefois, si vous avez besoin de flacons qui paraissent encore plus qualitatifs, vous pourrez trouver sur notre boutique en ligne des <b>bouteilles en verre<\/b>. N\u2019h\u00e9sitez pas \u00e0 consulter notre cat\u00e9gorie \u00ab\u00a0<a href=\"https:\/\/ventesengros.fr\/nl\/product-category\/emballage\/\"><b>verpakking<\/b><\/a>\u00a0\u00bb et faites votre choix !<span class=\"Apple-converted-space\">\u00a0<\/span><\/p>","protected":false},"excerpt":{"rendered":"<p>We bieden je deze\u00a0<strong>Flacons vide 100mL<\/strong>\u00a0<strong>\u00a0<\/strong>verkocht in verpakkingen van 12.<\/p>\n<p>1 kavel :\u00a0<span style=\"color: #0ad227;\">0,69\u20ac\/Pi\u00e8ce X 12 = 8,28\u20ac<\/span><\/p>\n<p>&nbsp;<\/p>","protected":false},"featured_media":28904,"template":"","meta":[],"product_brand":[],"product_cat":[60,323],"product_tag":[258,535,534,974],"class_list":{"0":"post-28900","1":"product","2":"type-product","3":"status-publish","4":"has-post-thumbnail","6":"product_cat-bazar","7":"product_cat-flacon-vide-bazar","8":"product_tag-en-gros","9":"product_tag-flacon-spray","10":"product_tag-flacon-vide-spray-100ml","11":"product_tag-grossiste","12":"pa_lot-158","13":"pa_lot-160","14":"pa_lot-159","16":"first","17":"instock","18":"shipping-taxable","19":"purchasable","20":"product-type-simple"},"_links":{"self":[{"href":"https:\/\/ventesengros.fr\/nl\/wp-json\/wp\/v2\/product\/28900","targetHints":{"allow":["GET"]}}],"collection":[{"href":"https:\/\/ventesengros.fr\/nl\/wp-json\/wp\/v2\/product"}],"about":[{"href":"https:\/\/ventesengros.fr\/nl\/wp-json\/wp\/v2\/types\/product"}],"wp:featuredmedia":[{"embeddable":true,"href":"https:\/\/ventesengros.fr\/nl\/wp-json\/wp\/v2\/media\/28904"}],"wp:attachment":[{"href":"https:\/\/ventesengros.fr\/nl\/wp-json\/wp\/v2\/media?parent=28900"}],"wp:term":[{"taxonomy":"product_brand","embeddable":true,"href":"https:\/\/ventesengros.fr\/nl\/wp-json\/wp\/v2\/product_brand?post=28900"},{"taxonomy":"product_cat","embeddable":true,"href":"https:\/\/ventesengros.fr\/nl\/wp-json\/wp\/v2\/product_cat?post=28900"},{"taxonomy":"product_tag","embeddable":true,"href":"https:\/\/ventesengros.fr\/nl\/wp-json\/wp\/v2\/product_tag?post=28900"}],"curies":[{"name":"wp","href":"https:\/\/api.w.org\/{rel}","templated":true}]}}