{"id":2883,"date":"2014-05-05T10:43:32","date_gmt":"2014-05-05T09:43:32","guid":{"rendered":"http:\/\/pietra-communication.com\/ventesengros.fr\/?post_type=product&#038;p=2883"},"modified":"2022-06-30T23:34:08","modified_gmt":"2022-06-30T22:34:08","slug":"argile-blanche-surfine-plantil-100g","status":"publish","type":"product","link":"https:\/\/ventesengros.fr\/nl\/grossiste\/argile-blanche-surfine-plantil-100g\/","title":{"rendered":"PLANTIL Witte Klei 100g x 12"},"content":{"rendered":"<p><strong>Eigendom:<\/strong><\/p>\n<p>L&rsquo;Argile blanche est naturellement dot\u00e9e de bienfait:<\/p>\n<p>-Antiseptisch, absorberend, helend, stimulerend en zuiverend.<\/p>\n<p>-Convient \u00e0 tous type de peaux, particuli\u00e8rement les peaux sensible et d\u00e9licate.<\/p>\n<p>-Verzacht en ontzwelt de huid, waardoor deze er prachtig uitziet.<\/p>\n<p>-Assainit le cuir chevelu et fortifie les cheveux<\/p>\n<p><b>Merknaam:<\/b>\u00a0Plantil<br \/>\n<b><\/b><\/p>\n<p><b>Herkomst:<\/b>\u00a0Marokko<\/p>\n<p><b>Gewicht:<\/b>100g<\/p>","protected":false},"excerpt":{"rendered":"<p>Wij bieden u deze <strong>Argile Blanche Surfine 100g PLANTIL<\/strong><strong>\u00a0<\/strong>verkocht in verpakkingen van 12.<\/p>\n<p>Adviesprijs: 6,00 euro.<\/p>\n<p>1 kavel :\u00a0<span style=\"color: #0ad227;\">1,99\u20ac\/Pi\u00e8ce x 12 = 23,88 \u20ac<\/span><\/p>\n<p style=\"text-align: center;\">","protected":false},"featured_media":2891,"template":"","meta":[],"product_brand":[],"product_cat":[59,402],"product_tag":[264,266,213,975,268,267],"class_list":{"0":"post-2883","1":"product","2":"type-product","3":"status-publish","4":"has-post-thumbnail","6":"product_cat-soin-et-bien-etre","7":"product_cat-argile-ghassoul","8":"product_tag-argile","9":"product_tag-argile-verte","10":"product_tag-blanche","11":"product_tag-naturel","12":"product_tag-poudre","13":"product_tag-surfine","14":"pa_lot-158","15":"pa_lot-160","16":"pa_lot-159","18":"first","19":"instock","20":"shipping-taxable","21":"purchasable","22":"product-type-simple"},"_links":{"self":[{"href":"https:\/\/ventesengros.fr\/nl\/wp-json\/wp\/v2\/product\/2883","targetHints":{"allow":["GET"]}}],"collection":[{"href":"https:\/\/ventesengros.fr\/nl\/wp-json\/wp\/v2\/product"}],"about":[{"href":"https:\/\/ventesengros.fr\/nl\/wp-json\/wp\/v2\/types\/product"}],"wp:featuredmedia":[{"embeddable":true,"href":"https:\/\/ventesengros.fr\/nl\/wp-json\/wp\/v2\/media\/2891"}],"wp:attachment":[{"href":"https:\/\/ventesengros.fr\/nl\/wp-json\/wp\/v2\/media?parent=2883"}],"wp:term":[{"taxonomy":"product_brand","embeddable":true,"href":"https:\/\/ventesengros.fr\/nl\/wp-json\/wp\/v2\/product_brand?post=2883"},{"taxonomy":"product_cat","embeddable":true,"href":"https:\/\/ventesengros.fr\/nl\/wp-json\/wp\/v2\/product_cat?post=2883"},{"taxonomy":"product_tag","embeddable":true,"href":"https:\/\/ventesengros.fr\/nl\/wp-json\/wp\/v2\/product_tag?post=2883"}],"curies":[{"name":"wp","href":"https:\/\/api.w.org\/{rel}","templated":true}]}}