{"id":28736,"date":"2014-05-30T12:55:49","date_gmt":"2014-05-30T11:55:49","guid":{"rendered":"http:\/\/pietra-communication.com\/ventesengros.fr\/?post_type=product&#038;p=28736"},"modified":"2025-10-18T17:20:47","modified_gmt":"2025-10-18T16:20:47","slug":"huile-roquette-60ml-plantil","status":"publish","type":"product","link":"https:\/\/ventesengros.fr\/nl\/grossiste\/huile-roquette-60ml-plantil\/","title":{"rendered":"Rucola olie 60 ml X 12"},"content":{"rendered":"<p><strong>Eigendom:<\/strong> -Huile tr\u00e8s riche en acides gras insatur\u00e9s particuli\u00e8rement om\u00e9ga-6 -Utilis\u00e9e pour les soins de la peau et la beaut\u00e9 des cheveux -Huile de massage pour le corps \u00a0 \u00a0 \u00a0 \u00a0 \u00a0 \u00a0 \u00a0 \u00a0 \u00a0 \u00a0 \u00a0 \u00a0 \u00a0 \u00a0 \u00a0 \u00a0 \u00a0 \u00a0 \u00a0 \u00a0 \u00a0 \u00a0 \u00a0 \u00a0 \u00a0 \u00a0 \u00a0 \u00a0 \u00a0 \u00a0 \u00a0 \u00a0 \u00a0 \u00a0 \u00a0 \u00a0 \u00a0 \u00a0 \u00a0 \u00a0 \u00a0 \u00a0 \u00a0 \u00a0 \u00a0 \u00a0 \u00a0 \u00a0 \u00a0 \u00a0 \u00a0 \u00a0 \u00a0 \u00a0 \u00a0 \u00a0 \u00a0 \u00a0 \u00a0 \u00a0 \u00a0 \u00a0 \u00a0 \u00a0 \u00a0 \u00a0 \u00a0 \u00a0 \u00a0 \u00a0 \u00a0 \u00a0 \u00a0 \u00a0 \u00a0<strong>Hoe te gebruiken:<\/strong>\u00a0alleen voor cosmetisch gebruik<\/p>\n<h5><b>Capaciteit :<\/b>60 ml<br \/>\n<b><\/b><\/h5>\n<p><b>Merknaam:<\/b>\u00a0\u00a0Plantil<\/p>\n<p><b>Herkomst:<\/b>Marokko<\/p>\n<p><b>Gewicht:<\/b>142g<\/p>","protected":false},"excerpt":{"rendered":"<p>Wij bieden u deze\u00a0<strong>Huile de Roquette\u00a060mL PLANTIL<\/strong><strong>\u00a0<\/strong>verkocht in verpakkingen van 12.<\/p>\n<p>Prix de vente conseiller : 9,90 euros.<\/p>\n<p>1 kavel :\u00a0<span style=\"color: #0ad227;\">3,15\u20ac\/Pi\u00e8ce X 12 = 37,80\u20ac<\/span><\/p>","protected":false},"featured_media":76408,"template":"","meta":[],"product_brand":[],"product_cat":[201,327,59],"product_tag":[303,258,974,391,513,977],"class_list":{"0":"post-28736","1":"product","2":"type-product","3":"status-publish","4":"has-post-thumbnail","6":"product_cat-huiles-soin-et-bien-etre","7":"product_cat-huile-plantil-60ml","8":"product_cat-soin-et-bien-etre","9":"product_tag-60ml","10":"product_tag-en-gros","11":"product_tag-grossiste","12":"product_tag-huile-de-roquette","13":"product_tag-huiles-plantil","14":"product_tag-plantil","15":"pa_lot-158","16":"pa_lot-160","17":"pa_lot-159","19":"first","20":"instock","21":"shipping-taxable","22":"purchasable","23":"product-type-simple"},"_links":{"self":[{"href":"https:\/\/ventesengros.fr\/nl\/wp-json\/wp\/v2\/product\/28736","targetHints":{"allow":["GET"]}}],"collection":[{"href":"https:\/\/ventesengros.fr\/nl\/wp-json\/wp\/v2\/product"}],"about":[{"href":"https:\/\/ventesengros.fr\/nl\/wp-json\/wp\/v2\/types\/product"}],"wp:featuredmedia":[{"embeddable":true,"href":"https:\/\/ventesengros.fr\/nl\/wp-json\/wp\/v2\/media\/76408"}],"wp:attachment":[{"href":"https:\/\/ventesengros.fr\/nl\/wp-json\/wp\/v2\/media?parent=28736"}],"wp:term":[{"taxonomy":"product_brand","embeddable":true,"href":"https:\/\/ventesengros.fr\/nl\/wp-json\/wp\/v2\/product_brand?post=28736"},{"taxonomy":"product_cat","embeddable":true,"href":"https:\/\/ventesengros.fr\/nl\/wp-json\/wp\/v2\/product_cat?post=28736"},{"taxonomy":"product_tag","embeddable":true,"href":"https:\/\/ventesengros.fr\/nl\/wp-json\/wp\/v2\/product_tag?post=28736"}],"curies":[{"name":"wp","href":"https:\/\/api.w.org\/{rel}","templated":true}]}}