{"id":28691,"date":"2014-05-21T08:18:03","date_gmt":"2014-05-21T07:18:03","guid":{"rendered":"http:\/\/pietra-communication.com\/ventesengros.fr\/?post_type=product&#038;p=28691"},"modified":"2026-04-28T14:49:58","modified_gmt":"2026-04-28T13:49:58","slug":"huile-lavande-60ml-plantil","status":"publish","type":"product","link":"https:\/\/ventesengros.fr\/nl\/grossiste\/huile-lavande-60ml-plantil\/","title":{"rendered":"Lavendelolie 60 ml PLANTIL X 12"},"content":{"rendered":"<p><strong>Eigendom:<\/strong><\/p>\n<p>-La lavande est particuli\u00e8rement connue pour son action purifiante, cicatrisante, antiseptique, r\u00e9g\u00e9n\u00e9rante et rafra\u00eechissante<\/p>\n<p>-Tr\u00e8s b\u00e9n\u00e9fique pour les soins cutan\u00e9s puisqu&rsquo;elle agit contre l&rsquo;acn\u00e9, les vergetures, les br\u00fblures, la transpirations des pieds &#8230;<\/p>\n<p>-Agit contre la cellulite, stimule la circulation et s&rsquo;av\u00e8re excellente pour les massages<\/p>\n<p>-Recommand\u00e9e contre l&rsquo;irritation du cuir chevelu \u00a0 \u00a0 \u00a0 \u00a0 \u00a0 \u00a0 \u00a0 \u00a0 \u00a0 \u00a0 \u00a0 \u00a0 \u00a0 \u00a0 \u00a0 \u00a0 \u00a0 \u00a0 \u00a0 \u00a0 \u00a0 \u00a0 \u00a0 \u00a0 \u00a0 \u00a0 \u00a0 \u00a0 \u00a0 \u00a0 \u00a0 \u00a0 \u00a0 \u00a0 \u00a0 \u00a0 \u00a0 \u00a0 \u00a0 \u00a0 \u00a0 \u00a0 \u00a0 \u00a0 \u00a0 \u00a0 \u00a0 \u00a0 \u00a0 \u00a0 \u00a0 \u00a0 \u00a0 \u00a0 \u00a0 \u00a0 \u00a0 \u00a0 \u00a0 \u00a0 \u00a0 \u00a0 \u00a0 \u00a0 \u00a0 \u00a0 \u00a0 \u00a0 \u00a0 \u00a0 \u00a0 \u00a0 \u00a0 \u00a0 \u00a0 \u00a0 \u00a0 \u00a0<strong>Hoe te gebruiken:<\/strong>\u00a0alleen voor cosmetisch gebruik<\/p>","protected":false},"excerpt":{"rendered":"<p>Wij bieden u deze\u00a0<strong>Huile de Lavande 60mL\u00a0<\/strong><strong>PLANTIL<\/strong><strong>\u00a0<\/strong>verkocht in verpakkingen van 12.<\/p>\n<p>Adviesprijs: 5,90-6,90 euro.<\/p>\n<p>1 kavel :\u00a0<span style=\"color: #0ad227;\">2,09\u20ac\/Pi\u00e8ce X 12 = 25,08\u20ac<\/span><\/p>","protected":false},"featured_media":81420,"template":"","meta":[],"product_brand":[],"product_cat":[201,327,59],"product_tag":[],"class_list":{"0":"post-28691","1":"product","2":"type-product","3":"status-publish","4":"has-post-thumbnail","6":"product_cat-huiles-soin-et-bien-etre","7":"product_cat-huile-plantil-60ml","8":"product_cat-soin-et-bien-etre","9":"pa_lot-158","10":"pa_lot-160","11":"pa_lot-159","13":"first","14":"instock","15":"shipping-taxable","16":"purchasable","17":"product-type-simple"},"_links":{"self":[{"href":"https:\/\/ventesengros.fr\/nl\/wp-json\/wp\/v2\/product\/28691","targetHints":{"allow":["GET"]}}],"collection":[{"href":"https:\/\/ventesengros.fr\/nl\/wp-json\/wp\/v2\/product"}],"about":[{"href":"https:\/\/ventesengros.fr\/nl\/wp-json\/wp\/v2\/types\/product"}],"wp:featuredmedia":[{"embeddable":true,"href":"https:\/\/ventesengros.fr\/nl\/wp-json\/wp\/v2\/media\/81420"}],"wp:attachment":[{"href":"https:\/\/ventesengros.fr\/nl\/wp-json\/wp\/v2\/media?parent=28691"}],"wp:term":[{"taxonomy":"product_brand","embeddable":true,"href":"https:\/\/ventesengros.fr\/nl\/wp-json\/wp\/v2\/product_brand?post=28691"},{"taxonomy":"product_cat","embeddable":true,"href":"https:\/\/ventesengros.fr\/nl\/wp-json\/wp\/v2\/product_cat?post=28691"},{"taxonomy":"product_tag","embeddable":true,"href":"https:\/\/ventesengros.fr\/nl\/wp-json\/wp\/v2\/product_tag?post=28691"}],"curies":[{"name":"wp","href":"https:\/\/api.w.org\/{rel}","templated":true}]}}