{"id":2755,"date":"2014-04-25T09:21:41","date_gmt":"2014-04-25T08:21:41","guid":{"rendered":"http:\/\/pietra-communication.com\/ventesengros.fr\/?post_type=product&#038;p=2755"},"modified":"2025-09-25T09:41:30","modified_gmt":"2025-09-25T08:41:30","slug":"costus-marin","status":"publish","type":"product","link":"https:\/\/ventesengros.fr\/nl\/grossiste\/costus-marin\/","title":{"rendered":"Costus Marin in stukken"},"content":{"rendered":"<p>Le costus marin en morceaux et le <strong>Indische costus<\/strong> staat voor vrijwel hetzelfde. Als de intrinsieke kwaliteiten niet veranderen, wordt van de mariene costus gezegd dat hij er wit uitziet. Van de Indische costus wordt gezegd dat het de kleur van de schors heeft (zwart) en warmer is dan de maritieme costus.<\/p>\n<h2><b>Marine costus poeder, het ultieme medicijn<\/b><\/h2>\n<p>In tijden dat de farmaceutische industrie nog niet bestond, was zee-eelt de remedie waarover Arabieren en Indi\u00ebrs beschikten om een groot aantal ziekten en kleine oorzaken te behandelen. Indiase oud wordt zeer gewaardeerd in de profetische en Ayurvedische geneeskunde en zou het wonderrecept zijn voor de behandeling van hoofdpijn en de vele infecties die mensen in de oudheid decimeerden.<\/p>\n<h3><b>Details van kwalen genezen door costus maritime<\/b><\/h3>\n<p>Onder de kwalen en ongemakken die het lichaam veroorzaakt, helpt costus uit de zee tegen maagproblemen, diarree, astma en migraine.<\/p>\n<p>Onder de wonderen en ziekten die de mensheid zoveel schade hebben berokkend. Indiase costus heeft een leidende rol gespeeld bij de behandeling van tuberculose. Maar ook bij de behandeling van seksueel overdraagbare aandoeningen. In het bijzonder gonorroe, door artsen in Frankrijk \u00abhete pis\u00bb genoemd, die nog steeds verwoestingen aanricht.<span class=\"Apple-converted-space\">\u00a0<\/span><\/p>\n<h3><b>Les diff\u00e9rents modes d\u2019utilisation du costus marin en morceaux<\/b><\/h3>\n<p>De Indiase oud wordt in verschillende vormen gebruikt. Het hout lijkt op een <a href=\"https:\/\/ventesengros.fr\/nl\/grossiste\/siwak-nature-fin-vrac\/\"><strong>siwak<\/strong><\/a> naar de smaak van <a href=\"https:\/\/goutte-damour.com\/produit\/gelule-de-gingembre-aphrodisiaque\/\" target=\"_blank\" rel=\"noopener noreferrer\"><strong>afrodisiacum gember<\/strong><\/a> (de voorouder van de tandenborstel in het Midden-Oosten) kan op de ruwe manier worden gebruikt.<\/p>\n<p><span class=\"Apple-converted-space\">\u00a0<\/span>Er wordt zelfs gezegd dat de bast tussen de tanden tandvleesontsteking verlicht en het ontstaan van tandvleesontsteking voorkomt.<span class=\"Apple-converted-space\">\u00a0 <\/span>Sous sa forme huileuse, le costus marin en morceaux s\u2019applique sur le front pour traiter les migraines. L\u2019autre mode d\u2019utilisation consiste \u00e0 br\u00fbler l\u2019\u00e9corce du bois indien en respirant sa fum\u00e9e. Enfin, r\u00e9duit en poudre et m\u00e9lang\u00e9 \u00e0 l\u2019eau, le costus marin s\u2019inhale doucement par les narines sous forme de goutelette.<\/p>\n<p>&nbsp;<\/p>\n<p>&nbsp;<\/p>","protected":false},"excerpt":{"rendered":"<p>Foto niet contractueel<\/p>\n<p>Al onze producten zijn verkrijgbaar in white label (<a href=\"https:\/\/ventesengros.fr\/nl\/contact\/\"><strong>op aanvraag<\/strong><\/a>)<\/p>\n<p>Dalende prijs over 10 kavels korting van 10% (<a href=\"https:\/\/ventesengros.fr\/nl\/contact\/\"><strong>op offerte<\/strong><\/a>)<\/p>\n<p>&nbsp;<\/p>\n<p>&nbsp;<\/p>\n<p style=\"text-align: center;\">","protected":false},"featured_media":38036,"template":"","meta":[],"product_brand":[],"product_cat":[206,285,59],"product_tag":[240,974,321,242],"class_list":{"0":"post-2755","1":"product","2":"type-product","3":"status-publish","4":"has-post-thumbnail","6":"product_cat-alimentation","7":"product_cat-autres","8":"product_cat-soin-et-bien-etre","9":"product_tag-costus","10":"product_tag-grossiste","11":"product_tag-marin","12":"product_tag-sihr","13":"pa_lot-158","14":"pa_lot-2-lots-economisez-2-euros","15":"pa_lot-2-lots-economisez-24-euros","16":"pa_lot-3-lots-economisez-108-euros","17":"pa_lot-3-lots-economisez-6-euros","19":"first","20":"instock","21":"shipping-taxable","22":"purchasable","23":"product-type-variable"},"_links":{"self":[{"href":"https:\/\/ventesengros.fr\/nl\/wp-json\/wp\/v2\/product\/2755","targetHints":{"allow":["GET"]}}],"collection":[{"href":"https:\/\/ventesengros.fr\/nl\/wp-json\/wp\/v2\/product"}],"about":[{"href":"https:\/\/ventesengros.fr\/nl\/wp-json\/wp\/v2\/types\/product"}],"wp:featuredmedia":[{"embeddable":true,"href":"https:\/\/ventesengros.fr\/nl\/wp-json\/wp\/v2\/media\/38036"}],"wp:attachment":[{"href":"https:\/\/ventesengros.fr\/nl\/wp-json\/wp\/v2\/media?parent=2755"}],"wp:term":[{"taxonomy":"product_brand","embeddable":true,"href":"https:\/\/ventesengros.fr\/nl\/wp-json\/wp\/v2\/product_brand?post=2755"},{"taxonomy":"product_cat","embeddable":true,"href":"https:\/\/ventesengros.fr\/nl\/wp-json\/wp\/v2\/product_cat?post=2755"},{"taxonomy":"product_tag","embeddable":true,"href":"https:\/\/ventesengros.fr\/nl\/wp-json\/wp\/v2\/product_tag?post=2755"}],"curies":[{"name":"wp","href":"https:\/\/api.w.org\/{rel}","templated":true}]}}