{"id":2265,"date":"2015-03-26T18:24:11","date_gmt":"2015-03-26T17:24:11","guid":{"rendered":"http:\/\/pietra-communication.com\/ventesengros.fr\/?post_type=product&#038;p=2265"},"modified":"2023-05-10T14:22:24","modified_gmt":"2023-05-10T13:22:24","slug":"stick-protecteur-labial-huile-dargan","status":"publish","type":"product","link":"https:\/\/ventesengros.fr\/nl\/grossiste\/stick-protecteur-labial-huile-dargan\/","title":{"rendered":"Labiale bescherming met arganolie X 24"},"content":{"rendered":"<p><strong>Eigendom:<\/strong><\/p>\n<p>-Apaise, nourrit et assouplit les l\u00e8vres.<\/p>\n<p>-Pr\u00e9vient et \u00e9limine les ger\u00e7ures.<\/p>\n<p>-Prot\u00e8ge contre le soleil, le froid et le vent.<\/p>\n<p><b>Merknaam:<\/b>\u00a0 Arganat<\/p>\n<p><b>Herkomst:<\/b>Marokko<\/p>\n<p><b>Gewicht:<\/b>20g\/pi\u00e8ce<\/p>\n<p>&nbsp;<\/p>","protected":false},"excerpt":{"rendered":"<p>Wij bieden u deze\u00a0<strong>Protecteur Labial \u00e0 l&rsquo;Huile d&rsquo;Argan<\/strong><strong>\u00a0<\/strong>vendu par lot de 24.<\/p>\n<p>Prix de vente conseiller :\u00a03,50-3,90 euros.<\/p>\n<p>1 kavel :\u00a0<span style=\"color: #0ad227;\">1,09\u20ac\/Pi\u00e8ce X 24 = 26,16\u20ac<\/span><\/p>","protected":false},"featured_media":2403,"template":"","meta":[],"product_brand":[],"product_cat":[59],"product_tag":[133,972,181,180,179],"class_list":{"0":"post-2265","1":"product","2":"type-product","3":"status-publish","4":"has-post-thumbnail","6":"product_cat-soin-et-bien-etre","7":"product_tag-dargan","8":"product_tag-huile","9":"product_tag-labial","10":"product_tag-protecteur","11":"product_tag-stick","12":"pa_lot-158","13":"pa_lot-160","14":"pa_lot-159","16":"first","17":"instock","18":"featured","19":"shipping-taxable","20":"purchasable","21":"product-type-simple"},"_links":{"self":[{"href":"https:\/\/ventesengros.fr\/nl\/wp-json\/wp\/v2\/product\/2265","targetHints":{"allow":["GET"]}}],"collection":[{"href":"https:\/\/ventesengros.fr\/nl\/wp-json\/wp\/v2\/product"}],"about":[{"href":"https:\/\/ventesengros.fr\/nl\/wp-json\/wp\/v2\/types\/product"}],"wp:featuredmedia":[{"embeddable":true,"href":"https:\/\/ventesengros.fr\/nl\/wp-json\/wp\/v2\/media\/2403"}],"wp:attachment":[{"href":"https:\/\/ventesengros.fr\/nl\/wp-json\/wp\/v2\/media?parent=2265"}],"wp:term":[{"taxonomy":"product_brand","embeddable":true,"href":"https:\/\/ventesengros.fr\/nl\/wp-json\/wp\/v2\/product_brand?post=2265"},{"taxonomy":"product_cat","embeddable":true,"href":"https:\/\/ventesengros.fr\/nl\/wp-json\/wp\/v2\/product_cat?post=2265"},{"taxonomy":"product_tag","embeddable":true,"href":"https:\/\/ventesengros.fr\/nl\/wp-json\/wp\/v2\/product_tag?post=2265"}],"curies":[{"name":"wp","href":"https:\/\/api.w.org\/{rel}","templated":true}]}}