{"id":2242,"date":"2014-04-11T21:07:55","date_gmt":"2014-04-11T20:07:55","guid":{"rendered":"http:\/\/pietra-communication.com\/ventesengros.fr\/?post_type=product&#038;p=2242"},"modified":"2025-03-29T11:44:01","modified_gmt":"2025-03-29T10:44:01","slug":"shampoing-a-lhuile-dargan-250ml","status":"publish","type":"product","link":"https:\/\/ventesengros.fr\/nl\/grossiste\/shampoing-a-lhuile-dargan-250ml\/","title":{"rendered":"Arganolie shampoo 250 ml (12-pack)"},"content":{"rendered":"<p><strong>Eigendom:<\/strong><\/p>\n<p>Shampoing nourrissant, \u00e9labor\u00e9 \u00e0 base d&rsquo;huile d&rsquo;argan naturelle. Il nourrit et fortifie les cheveux secs et d\u00e9vitalis\u00e9s et procure vitalit\u00e9 et beaut\u00e9 naturelle. Id\u00e9al pour les cheveux ternes et ab\u00eem\u00e9s.<\/p>\n<p><b>Capaciteit :<\/b> 250mL x 12<br \/>\n<b>Merknaam:<\/b>\u00a0Al hourra<br \/>\n<b>Herkomst:<\/b>\u00a0Marokko \u00a0\u00a0 \u00a0 \u00a0 \u00a0 \u00a0 \u00a0 \u00a0 \u00a0 \u00a0 \u00a0 \u00a0 \u00a0 \u00a0 \u00a0 \u00a0 \u00a0 \u00a0 \u00a0 \u00a0 \u00a0 \u00a0 \u00a0 \u00a0 \u00a0 \u00a0 \u00a0 \u00a0 \u00a0 \u00a0 \u00a0 \u00a0 \u00a0\u00a0<b>Gewicht:<\/b>280g<\/p>\n<p>&nbsp;<\/p>\n<p>&nbsp;<\/p>","protected":false},"excerpt":{"rendered":"<p>Wij bieden u deze <strong>Shampoing \u00e0 l&rsquo;Huile d&rsquo;Argan 250mL<\/strong><strong>\u00a0<\/strong>verkocht in verpakkingen van 12.<\/p>\n<p>Prix de vente conseiller :5,90 euros.<\/p>\n<p>1 kavel :\u00a0<span style=\"color: #0ad227;\">1,79\u20ac\/Pi\u00e8ce X 12 = 21,12\u20ac<\/span><\/p>\n<p>&nbsp;<\/p>\n<p>&nbsp;<\/p>\n<p style=\"text-align: center;\">","protected":false},"featured_media":28867,"template":"","meta":[],"product_brand":[],"product_cat":[59],"product_tag":[175,133,174,134],"class_list":{"0":"post-2242","1":"product","2":"type-product","3":"status-publish","4":"has-post-thumbnail","6":"product_cat-soin-et-bien-etre","7":"product_tag-250ml","8":"product_tag-dargan","9":"product_tag-lhuile","10":"product_tag-shampoing","11":"pa_lot-158","12":"pa_lot-160","13":"pa_lot-159","15":"first","16":"instock","17":"shipping-taxable","18":"purchasable","19":"product-type-simple"},"_links":{"self":[{"href":"https:\/\/ventesengros.fr\/nl\/wp-json\/wp\/v2\/product\/2242","targetHints":{"allow":["GET"]}}],"collection":[{"href":"https:\/\/ventesengros.fr\/nl\/wp-json\/wp\/v2\/product"}],"about":[{"href":"https:\/\/ventesengros.fr\/nl\/wp-json\/wp\/v2\/types\/product"}],"wp:featuredmedia":[{"embeddable":true,"href":"https:\/\/ventesengros.fr\/nl\/wp-json\/wp\/v2\/media\/28867"}],"wp:attachment":[{"href":"https:\/\/ventesengros.fr\/nl\/wp-json\/wp\/v2\/media?parent=2242"}],"wp:term":[{"taxonomy":"product_brand","embeddable":true,"href":"https:\/\/ventesengros.fr\/nl\/wp-json\/wp\/v2\/product_brand?post=2242"},{"taxonomy":"product_cat","embeddable":true,"href":"https:\/\/ventesengros.fr\/nl\/wp-json\/wp\/v2\/product_cat?post=2242"},{"taxonomy":"product_tag","embeddable":true,"href":"https:\/\/ventesengros.fr\/nl\/wp-json\/wp\/v2\/product_tag?post=2242"}],"curies":[{"name":"wp","href":"https:\/\/api.w.org\/{rel}","templated":true}]}}