{"id":2086,"date":"2014-04-08T08:09:10","date_gmt":"2014-04-08T07:09:10","guid":{"rendered":"http:\/\/pietra-communication.com\/ventesengros.fr\/?post_type=product&#038;p=2086"},"modified":"2023-09-08T09:36:06","modified_gmt":"2023-09-08T08:36:06","slug":"shampoing-a-laloe-vera-bio-naturel","status":"publish","type":"product","link":"https:\/\/ventesengros.fr\/nl\/grossiste\/shampoing-a-laloe-vera-bio-naturel\/","title":{"rendered":"Alo\u00eb Vera Shampoo 250 ml x 12"},"content":{"rendered":"<p><strong>Eigendom:<\/strong><\/p>\n<p>Shampoing \u00e0 l&rsquo;Aloe Vera pour fortifier les cheveux et assainir le cuir chevelu. Il contribue \u00e0 combattre les pellicules et la chute des cheveux. Il convient aux cheveux secs, gras, fragiles, ou ab\u00eem\u00e9s. Il embellit et fait briller les cheveux. Usage fr\u00e9quent.<\/p>\n<p><strong>Capaciteit :<\/strong>\u00a0250 ml<\/p>\n<p><strong>Merknaam:<\/strong>\u00a0AL hourra<\/p>\n<p><strong>Herkomst:<\/strong>MAROKKO<\/p>\n<p><strong>Gewicht:<\/strong>30g<\/p>","protected":false},"excerpt":{"rendered":"<p>Wij bieden u deze\u00a0<strong>Shampoing \u00e0 l&rsquo;Aloe Vera 250mL<\/strong><strong>\u00a0<\/strong>verkocht in verpakkingen van 12.<\/p>\n<p>Aanbevolen verkoopprijs: 5,00-5,90 euro.<\/p>\n<p>1 kavel :\u00a0<span style=\"color: #0ad227;\">1,76\u20ac\/Pi\u00e8ce x 12 = 21,120\u20ac<\/span><\/p>\n<p>&nbsp;<\/p>\n<p>&nbsp;<\/p>\n<p style=\"text-align: center;\">","protected":false},"featured_media":28868,"template":"","meta":[],"product_brand":[],"product_cat":[59],"product_tag":[136,973,975,134],"class_list":{"0":"post-2086","1":"product","2":"type-product","3":"status-publish","4":"has-post-thumbnail","6":"product_cat-soin-et-bien-etre","7":"product_tag-aloe-vera","8":"product_tag-bio","9":"product_tag-naturel","10":"product_tag-shampoing","11":"pa_lot-158","12":"pa_lot-160","13":"pa_lot-159","15":"first","16":"instock","17":"shipping-taxable","18":"purchasable","19":"product-type-simple"},"_links":{"self":[{"href":"https:\/\/ventesengros.fr\/nl\/wp-json\/wp\/v2\/product\/2086","targetHints":{"allow":["GET"]}}],"collection":[{"href":"https:\/\/ventesengros.fr\/nl\/wp-json\/wp\/v2\/product"}],"about":[{"href":"https:\/\/ventesengros.fr\/nl\/wp-json\/wp\/v2\/types\/product"}],"wp:featuredmedia":[{"embeddable":true,"href":"https:\/\/ventesengros.fr\/nl\/wp-json\/wp\/v2\/media\/28868"}],"wp:attachment":[{"href":"https:\/\/ventesengros.fr\/nl\/wp-json\/wp\/v2\/media?parent=2086"}],"wp:term":[{"taxonomy":"product_brand","embeddable":true,"href":"https:\/\/ventesengros.fr\/nl\/wp-json\/wp\/v2\/product_brand?post=2086"},{"taxonomy":"product_cat","embeddable":true,"href":"https:\/\/ventesengros.fr\/nl\/wp-json\/wp\/v2\/product_cat?post=2086"},{"taxonomy":"product_tag","embeddable":true,"href":"https:\/\/ventesengros.fr\/nl\/wp-json\/wp\/v2\/product_tag?post=2086"}],"curies":[{"name":"wp","href":"https:\/\/api.w.org\/{rel}","templated":true}]}}