{"id":37613,"date":"2019-11-27T15:15:05","date_gmt":"2019-11-27T14:15:05","guid":{"rendered":"https:\/\/ventesengros.fr\/?page_id=37613"},"modified":"2024-04-24T15:44:18","modified_gmt":"2024-04-24T14:44:18","slug":"sourcing-et-marque-blanche","status":"publish","type":"page","link":"https:\/\/ventesengros.fr\/nl\/sourcing-et-marque-blanche\/","title":{"rendered":"White label leverancier Frankrijk en internationaal"},"content":{"rendered":"<div class=\"container section-title-container\" ><h2 class=\"section-title section-title-center\"><b aria-hidden=\"true\"><\/b><span class=\"section-title-main\" style=\"font-size:90%;color:rgb(191, 126, 0);\">Conception visuels produits<\/span><b aria-hidden=\"true\"><\/b><\/h2><\/div>\n<div class=\"row\"  id=\"row-1129823823\">\n\n\t<div id=\"col-955698849\" class=\"col medium-6 small-12 large-6\"  >\n\t\t\t\t<div class=\"col-inner\"  >\n\t\t\t\n\t\t\t\n\t<div class=\"img has-hover x md-x lg-x y md-y lg-y\" id=\"image_1651501739\">\n\t\t\t\t\t\t\t\t<div class=\"img-inner dark\" >\n\t\t\t<img loading=\"lazy\" decoding=\"async\" width=\"600\" height=\"600\" src=\"https:\/\/ventesengros.fr\/wp-content\/uploads\/2023\/11\/gelules-costus-indien.jpg\" class=\"attachment-original size-original\" alt=\"ge\u0301lules costus indien\" srcset=\"https:\/\/ventesengros.fr\/wp-content\/uploads\/2023\/11\/gelules-costus-indien.jpg 600w, https:\/\/ventesengros.fr\/wp-content\/uploads\/2023\/11\/gelules-costus-indien-100x100.jpg 100w, https:\/\/ventesengros.fr\/wp-content\/uploads\/2023\/11\/gelules-costus-indien-150x150.jpg 150w, https:\/\/ventesengros.fr\/wp-content\/uploads\/2023\/11\/gelules-costus-indien-300x300.jpg 300w\" sizes=\"auto, (max-width: 600px) 100vw, 600px\" \/>\t\t\t\t\t\t\n\t\t\t\t\t<\/div>\n\t\t\t\t\t\t\t\t\n<style>\n#image_1651501739 {\n  width: 100%;\n}\n<\/style>\n\t<\/div>\n\t\n\t\t<\/div>\n\t\t\t\t\t<\/div>\n\n\t\n\n\t<div id=\"col-1285529886\" class=\"col medium-6 small-12 large-6\"  >\n\t\t\t\t<div class=\"col-inner\"  >\n\t\t\t\n\t\t\t\n\t<div class=\"img has-hover x md-x lg-x y md-y lg-y\" id=\"image_447700786\">\n\t\t\t\t\t\t\t\t<div class=\"img-inner dark\" >\n\t\t\t<img loading=\"lazy\" decoding=\"async\" width=\"600\" height=\"600\" src=\"https:\/\/ventesengros.fr\/wp-content\/uploads\/2023\/11\/huile-olive-coranisee.jpg\" class=\"attachment-original size-original\" alt=\"huile olive coranise\u0301e\" srcset=\"https:\/\/ventesengros.fr\/wp-content\/uploads\/2023\/11\/huile-olive-coranisee.jpg 600w, https:\/\/ventesengros.fr\/wp-content\/uploads\/2023\/11\/huile-olive-coranisee-100x100.jpg 100w, https:\/\/ventesengros.fr\/wp-content\/uploads\/2023\/11\/huile-olive-coranisee-150x150.jpg 150w, https:\/\/ventesengros.fr\/wp-content\/uploads\/2023\/11\/huile-olive-coranisee-300x300.jpg 300w\" sizes=\"auto, (max-width: 600px) 100vw, 600px\" \/>\t\t\t\t\t\t\n\t\t\t\t\t<\/div>\n\t\t\t\t\t\t\t\t\n<style>\n#image_447700786 {\n  width: 100%;\n}\n<\/style>\n\t<\/div>\n\t\n\t\t<\/div>\n\t\t\t\t\t<\/div>\n\n\t\n<\/div>\n<a href=\"https:\/\/ventesengros.fr\/nl\/contact\/\" class=\"button secondary expand\" style=\"border-radius:99px;\">\n\t\t<span>Contactez-nous !<\/span>\n\t<i class=\"icon-phone\" aria-hidden=\"true\"><\/i><\/a>\n\n<div class=\"container section-title-container\" ><h2 class=\"section-title section-title-center\"><b aria-hidden=\"true\"><\/b><span class=\"section-title-main\" style=\"font-size:90%;color:rgb(191, 126, 0);\">Conception \u00e9tiquettes produits<\/span><b aria-hidden=\"true\"><\/b><\/h2><\/div>\n<div class=\"row\"  id=\"row-1700561143\">\n\n\t<div id=\"col-343183298\" class=\"col medium-6 small-12 large-6\"  >\n\t\t\t\t<div class=\"col-inner\"  >\n\t\t\t\n\t\t\t\n\t<div class=\"img has-hover x md-x lg-x y md-y lg-y\" id=\"image_1555864497\">\n\t\t\t\t\t\t\t\t<div class=\"img-inner dark\" >\n\t\t\t<img loading=\"lazy\" decoding=\"async\" width=\"600\" height=\"600\" src=\"https:\/\/ventesengros.fr\/wp-content\/uploads\/2023\/11\/savon-argan.jpg\" class=\"attachment-original size-original\" alt=\"savon argan\" srcset=\"https:\/\/ventesengros.fr\/wp-content\/uploads\/2023\/11\/savon-argan.jpg 600w, https:\/\/ventesengros.fr\/wp-content\/uploads\/2023\/11\/savon-argan-100x100.jpg 100w, https:\/\/ventesengros.fr\/wp-content\/uploads\/2023\/11\/savon-argan-150x150.jpg 150w, https:\/\/ventesengros.fr\/wp-content\/uploads\/2023\/11\/savon-argan-300x300.jpg 300w\" sizes=\"auto, (max-width: 600px) 100vw, 600px\" \/>\t\t\t\t\t\t\n\t\t\t\t\t<\/div>\n\t\t\t\t\t\t\t\t\n<style>\n#image_1555864497 {\n  width: 100%;\n}\n<\/style>\n\t<\/div>\n\t\n\t\t<\/div>\n\t\t\t\t\t<\/div>\n\n\t\n\n\t<div id=\"col-1173721538\" class=\"col medium-6 small-12 large-6\"  >\n\t\t\t\t<div class=\"col-inner\"  >\n\t\t\t\n\t\t\t\n\t<div class=\"img has-hover x md-x lg-x y md-y lg-y\" id=\"image_257810649\">\n\t\t\t\t\t\t\t\t<div class=\"img-inner dark\" >\n\t\t\t<img loading=\"lazy\" decoding=\"async\" width=\"600\" height=\"600\" src=\"https:\/\/ventesengros.fr\/wp-content\/uploads\/2023\/11\/daya-imperial.jpg\" class=\"attachment-original size-original\" alt=\"daya imperial\" srcset=\"https:\/\/ventesengros.fr\/wp-content\/uploads\/2023\/11\/daya-imperial.jpg 600w, https:\/\/ventesengros.fr\/wp-content\/uploads\/2023\/11\/daya-imperial-100x100.jpg 100w, https:\/\/ventesengros.fr\/wp-content\/uploads\/2023\/11\/daya-imperial-150x150.jpg 150w, https:\/\/ventesengros.fr\/wp-content\/uploads\/2023\/11\/daya-imperial-300x300.jpg 300w\" sizes=\"auto, (max-width: 600px) 100vw, 600px\" \/>\t\t\t\t\t\t\n\t\t\t\t\t<\/div>\n\t\t\t\t\t\t\t\t\n<style>\n#image_257810649 {\n  width: 100%;\n}\n<\/style>\n\t<\/div>\n\t\n\t\t<\/div>\n\t\t\t\t\t<\/div>\n\n\t\n<\/div>\n<a href=\"https:\/\/ventesengros.fr\/nl\/contact\/\" class=\"button secondary expand\" style=\"border-radius:99px;\">\n\t\t<span>Contactez-nous !<\/span>\n\t<i class=\"icon-phone\" aria-hidden=\"true\"><\/i><\/a>\n\n<p>Jouw\u00a0<strong>online groothandel\u00a0<\/strong><em>Ori\u00ebnt Groothandel<\/em>\u00a0se d\u00e9marque \u00e9galement en tant que\u00a0<strong>fournisseur marque blanche en France. <\/strong>Un service sur mesure, pens\u00e9 par des professionnels, pour des professionnels. N\u2019ayez plus peur d\u2019entreprendre et ne prenez pas le risque de passer \u00e0 c\u00f4t\u00e9 d\u2019un projet audacieux !<\/p>\n<p>Gagnez du temps et de l\u2019argent en vous lan\u00e7ant dans une\u00a0<strong>pratique commerciale\u00a0<\/strong>ultra-int\u00e9ressante\u2026<\/p>\n<h2><strong>Pourquoi opter pour un fournisseur marque blanche en France ?\u00a0<\/strong><\/h2>\n<p>Dans un premier temps, il faut savoir qu\u2019une marque blanche est un type de produit ou de service qui est fabriqu\u00e9 ou fourni par une entreprise. Ici donc, nous-m\u00eame ! Puis, celui-ci est revendu sous une marque diff\u00e9rente. De fait, cela permet aux entreprises de vendre des produits ou services sans avoir \u00e0 se consacrer \u00e0 la partie packaging ou design. De m\u00eame que vous n\u2019aurez pas \u00e0 vous soucier du conditionnement.<\/p>\n<p>Quels sont les avantages \u00e0 proc\u00e9der de cette mani\u00e8re ?<\/p>\n<p>Il y en a beaucoup ! En cr\u00e9ant une marque blanche, il vous suffit simplement de choisir le produit souhait\u00e9. Nous nous chargeons d\u2019absolument tout le reste ! Vous recevez enfin un produit cl\u00e9 en main, \u00e0 l\u2019effigie de votre marque.<\/p>\n<p>En conclusion, recourir \u00e0 un fournisseur marque blanche France vous permet\u00a0<strong>d&rsquo;\u00e9conomiser du temps et de l\u2019argent\u00a0<\/strong>! Cela peut \u00e9galement vous permettre de vous positionner sur des march\u00e9s o\u00f9 la concurrence est plus faible. Vous pourrez, par cons\u00e9quent, offrir un bien \u00e0 un prix plus avantageux. Les marques blanches peuvent donc permettre aux entreprises d&rsquo;acc\u00e9der \u00e0 des march\u00e9s qui leur sont ferm\u00e9s autrement.<\/p>\n<h2><strong>Quels types de produits avec un fournisseur marque blanche France ?\u00a0<\/strong><\/h2>\n<p>Absolument tous. En effet, chez\u00a0<em>Ori\u00ebnt Groothandel<\/em>, nous poss\u00e9dons un tr\u00e8s large choix dans de nombreuses gammes. Notre offre \u00e9tant diversifi\u00e9e, vous pourrez sans aucun doute trouver ce qui manque \u00e0 votre propre march\u00e9. Et en tant que fournisseur marque blanche France, nous sommes engag\u00e9s aupr\u00e8s de vous afin de vous fournir un service de qualit\u00e9 !<\/p>\n<p>Si vous souhaitez, par exemple, vous lancer dans les\u00a0<strong>produits de beaut\u00e9 naturels,\u00a0<\/strong>vous serez ravis d\u2019apprendre que notre offre se diversifie. Ainsi, vous pourrez trouver de nombreux produits, comme\u00a0<strong>l\u2019huile d\u2019argan, <a href=\"https:\/\/ventesengros.fr\/nl\/product-category\/soin-et-bien-etre\/savon-soin-et-bien-etre\/savon-noir-produits-du-hammam\/\">le savon noir<\/a><\/strong>\u00a0ou encore le fameux\u00a0<strong>Gant de gommage kessah.<\/strong><\/p>\n<p>Mais aussi de nombreux autres produits, comme dans l\u2019alimentaire. Et dans un pays comme le Maroc, vous \u00eates certains de pouvoir trouver de la\u00a0<strong>qualit\u00e9 pas ch\u00e8re<\/strong>\u00a0! Des prix imbattables pour des aliments naturels comme le<strong>\u00a0sinaasappelboom honing<\/strong>, ou de d\u00e9licieuses\u00a0<strong>dattes<\/strong>.<\/p>\n<h3><strong>Pour aller plus loin\u2026\u00a0<\/strong><\/h3>\n<p>Si vous souhaitez faire appel \u00e0 un fournisseur marque blanche France, vous serez par ailleurs ravis de savoir que nous faisons aussi du\u00a0<strong>sourcing<\/strong>.<\/p>\n<p>C\u2019est-\u00e0-dire que votre<strong>\u00a0online groothandel\u00a0<\/strong>vous permet de trouver exactement le produit qu\u2019il vous faut. Pour cela, nous nous sommes construit un r\u00e9seau d\u2019artisans et de professionnels au Maroc. Mais si, toutefois, ce que vous recherchez n\u2019est pas disponible ou ne correspond pas \u00e0 l\u2019id\u00e9e que vous en aviez, une solution s\u2019offre \u00e0 vous ! En effet, il est possible de le faire fabriquer.<\/p>\n<p>Comme vous pouvez le constater, les ressources sont innombrables chez\u00a0<em>Orient Grossiste.<\/em>\u00a0Nous sommes fiers de pouvoir vous proposer la marque blanche ainsi que le sourcing. Et cela, \u00e0\u00a0<strong>petits prix !\u00a0<\/strong><\/p>\n<h3><strong>Choisir des acteurs exp\u00e9riment\u00e9s dans chaque domaine<\/strong><\/h3>\n<p>Vitrobio est une entreprise sp\u00e9cialis\u00e9e dans la fabrication de dispositifs m\u00e9dicaux en marque blanche. Ils m\u00e8nent des recherches et d\u00e9veloppement, y compris des collaborations avec l&rsquo;INSERM, et assurent la production interne de leurs produits. <a href=\"https:\/\/www.vitrobio.com\/fr\" target=\"_blank\" rel=\"noopener\"><strong>Vitrobio<\/strong><\/a> est engag\u00e9 dans le respect des normes r\u00e9glementaires telles que l&rsquo;ISO 13485 et le MDR 2017-745, garantissant la qualit\u00e9 et la conformit\u00e9 de leurs produits.<\/p>\n<p>Ils offrent une vari\u00e9t\u00e9 de dispositifs m\u00e9dicaux pour diff\u00e9rentes pathologies et disposent de technologies brevet\u00e9es en polym\u00e8re. Pour plus de d\u00e9tails, vous pouvez visiter leur site.<\/p>","protected":false},"excerpt":{"rendered":"<p>Votre\u00a0grossiste en ligne\u00a0Orient Grossiste\u00a0se d\u00e9marque \u00e9galement en tant que\u00a0fournisseur marque blanche en France. Un service sur mesure, pens\u00e9 par des professionnels, pour des professionnels. N\u2019ayez plus peur d\u2019entreprendre et ne prenez pas le risque de passer \u00e0 c\u00f4t\u00e9 d\u2019un projet audacieux ! Gagnez du temps et de l\u2019argent en vous lan\u00e7ant dans une\u00a0pratique commerciale\u00a0ultra-int\u00e9ressante\u2026 Pourquoi [&#8230;]\n","protected":false},"author":1,"featured_media":0,"parent":0,"menu_order":0,"comment_status":"closed","ping_status":"closed","template":"","meta":{"footnotes":""},"class_list":["post-37613","page","type-page","status-publish","hentry"],"_links":{"self":[{"href":"https:\/\/ventesengros.fr\/nl\/wp-json\/wp\/v2\/pages\/37613","targetHints":{"allow":["GET"]}}],"collection":[{"href":"https:\/\/ventesengros.fr\/nl\/wp-json\/wp\/v2\/pages"}],"about":[{"href":"https:\/\/ventesengros.fr\/nl\/wp-json\/wp\/v2\/types\/page"}],"author":[{"embeddable":true,"href":"https:\/\/ventesengros.fr\/nl\/wp-json\/wp\/v2\/users\/1"}],"replies":[{"embeddable":true,"href":"https:\/\/ventesengros.fr\/nl\/wp-json\/wp\/v2\/comments?post=37613"}],"version-history":[{"count":4,"href":"https:\/\/ventesengros.fr\/nl\/wp-json\/wp\/v2\/pages\/37613\/revisions"}],"predecessor-version":[{"id":60624,"href":"https:\/\/ventesengros.fr\/nl\/wp-json\/wp\/v2\/pages\/37613\/revisions\/60624"}],"wp:attachment":[{"href":"https:\/\/ventesengros.fr\/nl\/wp-json\/wp\/v2\/media?parent=37613"}],"curies":[{"name":"wp","href":"https:\/\/api.w.org\/{rel}","templated":true}]}}