{"id":36829,"date":"2018-05-12T16:17:10","date_gmt":"2018-05-12T15:17:10","guid":{"rendered":"https:\/\/ventesengros.fr\/?page_id=36829"},"modified":"2023-08-02T17:42:16","modified_gmt":"2023-08-02T16:42:16","slug":"mentions-legales","status":"publish","type":"page","link":"https:\/\/ventesengros.fr\/nl\/mentions-legales\/","title":{"rendered":"Juridische informatie"},"content":{"rendered":"<p>Le site VentesEnGos.fr est un prestataire de service bas\u00e9 au MAROC, propri\u00e9t\u00e9 de la \u00a0la soci\u00e9t\u00e9 DILITEK Sarl qui met en relation des acheteurs et des fournisseurs, l&rsquo;ensemble des stock et mis a disposition chez des logisticiens aucune succursale pr\u00e9sente en France.<\/p>","protected":false},"excerpt":{"rendered":"<p>Le site VentesEnGos.fr est un prestataire de service bas\u00e9 au MAROC, propri\u00e9t\u00e9 de la \u00a0la soci\u00e9t\u00e9 DILITEK Sarl qui met en relation des acheteurs et des fournisseurs, l&rsquo;ensemble des stock et mis a disposition chez des logisticiens aucune succursale pr\u00e9sente en France.<\/p>","protected":false},"author":1,"featured_media":0,"parent":0,"menu_order":0,"comment_status":"closed","ping_status":"closed","template":"","meta":{"footnotes":""},"class_list":["post-36829","page","type-page","status-publish","hentry"],"_links":{"self":[{"href":"https:\/\/ventesengros.fr\/nl\/wp-json\/wp\/v2\/pages\/36829","targetHints":{"allow":["GET"]}}],"collection":[{"href":"https:\/\/ventesengros.fr\/nl\/wp-json\/wp\/v2\/pages"}],"about":[{"href":"https:\/\/ventesengros.fr\/nl\/wp-json\/wp\/v2\/types\/page"}],"author":[{"embeddable":true,"href":"https:\/\/ventesengros.fr\/nl\/wp-json\/wp\/v2\/users\/1"}],"replies":[{"embeddable":true,"href":"https:\/\/ventesengros.fr\/nl\/wp-json\/wp\/v2\/comments?post=36829"}],"version-history":[{"count":3,"href":"https:\/\/ventesengros.fr\/nl\/wp-json\/wp\/v2\/pages\/36829\/revisions"}],"predecessor-version":[{"id":53717,"href":"https:\/\/ventesengros.fr\/nl\/wp-json\/wp\/v2\/pages\/36829\/revisions\/53717"}],"wp:attachment":[{"href":"https:\/\/ventesengros.fr\/nl\/wp-json\/wp\/v2\/media?parent=36829"}],"curies":[{"name":"wp","href":"https:\/\/api.w.org\/{rel}","templated":true}]}}