{"id":36729,"date":"2018-05-08T01:25:30","date_gmt":"2018-05-08T00:25:30","guid":{"rendered":"https:\/\/ventesengros.fr\/?page_id=36729"},"modified":"2020-01-09T17:31:01","modified_gmt":"2020-01-09T16:31:01","slug":"qui-sommes-nous","status":"publish","type":"page","link":"https:\/\/ventesengros.fr\/nl\/qui-sommes-nous\/","title":{"rendered":"Wie zijn wij?"},"content":{"rendered":"<p>Nous sommes une boutique en ligne qui exerce une activit\u00e9 en qualit\u00e9 de grossiste en ligne. Nous vous proposons divers produits \u00e0 acheter au kilogramme ou en lots selon les articles. Nous sommes tr\u00e8s professionnels et nous tenons \u00e0 vous faire profiter de nos prix attractifs sans l\u00e9siner sur la qualit\u00e9. <b>Ori\u00ebnt Groothandel <\/b>se veut r\u00e9actif et toujours \u00e0 la recherche de nouveaut\u00e9s pour vous satisfaire. De cette fa\u00e7on, votre grossiste en ligne est l\u2019alli\u00e9 id\u00e9al pour\u00a0vous accompagner dans le lancement de votre commerce.<\/p>\n<h4><strong>Vous pourrez ainsi consulter tous nos articles ordonn\u00e9s selon des rubriques\u00a0:<\/strong><\/h4>\n<ul>\n<li><b>Le Pr\u00eat-\u00e0-porter\u00a0:<\/b>D\u00e9couvrez divers articles pour hommes, femmes mais aussi enfants.<\/li>\n<li><b>Soin et bien-\u00eatre\u00a0:<\/b>Vous pourrez trouver un grand choix de soins, huiles, cr\u00e8mes et autres cosm\u00e9tiques naturels.<\/li>\n<li><b>Bazar\u00a0:<\/b>Cette cat\u00e9gorie vous propose des bonbons halals, parfums ou m\u00eame tapis de pri\u00e8res, et bien d\u2019autres produits que nous vous laissons le soin de venir d\u00e9couvrir.<\/li>\n<li><b>Livres\u00a0:<\/b>Une librairie islamique remplie d\u2019\u00e9crits des Shouyoukh de la Sunna.<\/li>\n<li><b>Artisanat\u00a0:<\/b>Des produits incontournables du Maroc.<\/li>\n<li><b>D\u00e9stockage<\/b>\u00a0: Soyez informez dans cette rubrique des produits que nous vendons \u00e0 prix cass\u00e9s.<\/li>\n<\/ul>\n<h4><strong>Le grossiste en ligne des\u00a0commer\u00e7ants et particuliers :<\/strong><\/h4>\n<p>Nos plages horaires tr\u00e8s flexibles vous permettent de joindre notre \u00e9quipe facilement. Nous mettons r\u00e9guli\u00e8rement \u00e0 jour notre boutique de gros en ligne pour vous proposer toujours plus de choix et ainsi vous permettre de r\u00e9pondre ais\u00e9ment aux demandes de vos clients.<\/p>\n<h4><strong>Un grossiste en ligne situ\u00e9 au Maroc tr\u00e8s professionnel :<\/strong><\/h4>\n<p>Notre \u00e9quipe commerciale s\u2019efforce de vous pr\u00e9senter pour chaque produit les prix conseill\u00e9s \u00e0 la vente selon le march\u00e9 actuel afin de vous faciliter. Toutes les informations \u00e0 conna\u00eetre concernant les produits sont sp\u00e9cifi\u00e9es dans les descriptions.<\/p>\n<p>Votre grossiste en ligne sp\u00e9cialis\u00e9 \u00ab\u00a0<b>Orient Grossiste\u00a0\u00bb<\/b>vous souhaite la bienvenue sur son site et reste \u00e0 votre disposition pour toutes informations.<\/p>","protected":false},"excerpt":{"rendered":"<p>Nous sommes une boutique en ligne qui exerce une activit\u00e9 en qualit\u00e9 de grossiste en ligne. Nous vous proposons divers produits \u00e0 acheter au kilogramme ou en lots selon les articles. Nous sommes tr\u00e8s professionnels et nous tenons \u00e0 vous faire profiter de nos prix attractifs sans l\u00e9siner sur la qualit\u00e9. Orient Grossiste se veut [&#8230;]\n","protected":false},"author":1,"featured_media":0,"parent":0,"menu_order":0,"comment_status":"closed","ping_status":"closed","template":"","meta":{"footnotes":""},"class_list":["post-36729","page","type-page","status-publish","hentry"],"_links":{"self":[{"href":"https:\/\/ventesengros.fr\/nl\/wp-json\/wp\/v2\/pages\/36729","targetHints":{"allow":["GET"]}}],"collection":[{"href":"https:\/\/ventesengros.fr\/nl\/wp-json\/wp\/v2\/pages"}],"about":[{"href":"https:\/\/ventesengros.fr\/nl\/wp-json\/wp\/v2\/types\/page"}],"author":[{"embeddable":true,"href":"https:\/\/ventesengros.fr\/nl\/wp-json\/wp\/v2\/users\/1"}],"replies":[{"embeddable":true,"href":"https:\/\/ventesengros.fr\/nl\/wp-json\/wp\/v2\/comments?post=36729"}],"version-history":[{"count":2,"href":"https:\/\/ventesengros.fr\/nl\/wp-json\/wp\/v2\/pages\/36729\/revisions"}],"predecessor-version":[{"id":37738,"href":"https:\/\/ventesengros.fr\/nl\/wp-json\/wp\/v2\/pages\/36729\/revisions\/37738"}],"wp:attachment":[{"href":"https:\/\/ventesengros.fr\/nl\/wp-json\/wp\/v2\/media?parent=36729"}],"curies":[{"name":"wp","href":"https:\/\/api.w.org\/{rel}","templated":true}]}}