{"id":1771,"date":"2014-03-17T12:02:13","date_gmt":"2014-03-17T11:02:13","guid":{"rendered":"http:\/\/pietra-communication.com\/ventesengros.fr\/?page_id=1771"},"modified":"2016-01-01T12:28:51","modified_gmt":"2016-01-01T11:28:51","slug":"commander","status":"publish","type":"page","link":"https:\/\/ventesengros.fr\/nl\/commander\/","title":{"rendered":"Bestel"},"content":{"rendered":"<h1 style=\"text-align: center;\"><strong><span style=\"text-decoration: underline;\">Comment faire pour &lt;&lt;commander&gt;&gt;?<\/span><\/strong><\/h1>\n<p>&nbsp;<\/p>\n<p>&nbsp;<\/p>\n<p><span style=\"text-decoration: underline; color: #ff0000;\">1.Commande<\/span><\/p>\n<p>L&rsquo;acheteur devra choisir directement sur le site les articles\u00a0en y indiquant le\u00a0nombre de lot voulut, celui-ci s&rsquo;engage \u00e0 bien remplir le bon de commande en inscrivant toutes les informations demand\u00e9s<span style=\"font-size: 16px;\">.<\/span><\/p>\n<p><span style=\"text-decoration: underline; color: #ff0000;\">2.Tarif et factures<\/span><\/p>\n<p>Les tarifs pr\u00e9sent sur le site sont exprim\u00e9s en TTC.<br \/>\nNous fournissons pour chaque commande une facture en bonne et due forme, comprenant la TVA.<\/p>\n<p><span style=\"text-decoration: underline; color: #ff0000;\">3.Minimum de commande<\/span><\/p>\n<p>Le minimum de commande est de 10kg, le poids de vos articles est calcul\u00e9 automatiquement au fur et \u00e0 mesure de vos achats.<\/p>\n<p><span style=\"text-decoration: underline; color: #ff0000;\">4.Paiement<\/span><\/p>\n<p>Le paiement s&rsquo;effectue par :<\/p>\n<p>-Carte bancaire<br \/>\n-Paypal<br \/>\n-Mandat cash.<\/p>\n<p><span style=\"text-decoration: underline; color: #ff0000;\">5.Livraison et Frais de port<\/span><\/p>\n<p>Les frais de port diff\u00e8rent en fonction du mode de livraison choisis :<\/p>\n<p>&#8211;<strong>Retrait sur place : <\/strong><span style=\"text-decoration: underline;\">Aucun frais de port<\/span> + <strong><span style=\"color: #ff0000;\">reduction de 10% sur la commande<\/span><\/strong><br \/>\n&#8211;<strong>Point relais partenaires<\/strong>:<strong> <span style=\"color: #ff0000;\">les frais de port sont OFFERT<\/span><\/strong><br \/>\n&#8211;<strong>Livraison au Maroc<\/strong> : <strong><span style=\"color: #ff0000;\">\u00a0les frais de port sont OFFERT<\/span><\/strong><br \/>\n&#8211;<strong>Mondial Relay\/Colissimo<\/strong> : Les frais\u00a0fonctionnent par tranches de poids :<\/p>\n<p>-Entre 10kg et 20kg : 2\u20ac\/kg<br \/>\n-Entre 20kg et 30kg : 1.75\u20ac\/kg<br \/>\n-Plus de 30kg : 1.5\u20ac\/kg<\/p>\n<p>A cela s&rsquo;ajoute les frais propre a chaque moyen de livraison, en fonction du poids de votre commande (les frais \u00e9tant calcul\u00e9e automatiquement au moment du choix du mode de livraison souhait\u00e9e).<\/p>\n<p>Les frais de port sont calcul\u00e9 \u00e0 partir d&rsquo;une estimation (conforme \u00e0 la r\u00e9alit\u00e9, ou tout du moins tr\u00e8s proche) du poids total de la commande. L&rsquo;accord se porte donc sur le montant des frais de port.<\/p>\n<h2>Liste de nos point relais partenaire :<\/h2>\n<p><strong><span style=\"color: #0000ff; text-decoration: underline;\">FRANCE :<\/span><\/strong><br \/>\n-AGEN<br \/>\n-BORDEAUX<br \/>\n-DIJON<br \/>\n-FORBACH<br \/>\n-LIBERCOURT<br \/>\n-LILLE<br \/>\n-LYON<br \/>\n-METZ<br \/>\n-MONTAUBAN<br \/>\n-MONTPELLIER<br \/>\n-MULHOUSE<br \/>\n-NANCY<br \/>\n-PAU<br \/>\n-PERPIGNAN<br \/>\n-R\u00c9GION PARISIENNE ( <i style=\"color: #222222;\">Argenteuil (95) <i>,\u00a0<i style=\"color: #222222;\">Clichy (92), Les Mureaux (78)\u00a0<\/i><\/i><\/i>)<br \/>\n-ROUEN<br \/>\n-STRASBOURG<br \/>\n-TOULOUSE<br \/>\n-TOURS<\/p>\n<p><strong><span style=\"text-decoration: underline;\"><span style=\"color: #3366ff; text-decoration: underline;\">BELGIQUE :<\/span><\/span><\/strong><br \/>\n-ANVERS<br \/>\n-LI\u00c8GE<br \/>\n-BRUXELLES<\/p>\n<p><strong><span style=\"text-decoration: underline;\"><span style=\"color: #3366ff; text-decoration: underline;\">HOLLANDE :<\/span><\/span><\/strong><br \/>\n-AMSTERDAM<\/p>\n<p>&nbsp;<\/p>\n<p><span style=\"text-decoration: underline; color: #ff0000;\">7.D\u00e9lai de livraison<\/span><\/p>\n<p>Les d\u00e9lais, de la commande a la livraison, d\u00e9pendent du mode de livraison :<br \/>\n-Entre 10 et 14\u00a0jours ouvrable en Point relais<br \/>\n-Entre 12 et 16 jours ouvrable en Colissimo<\/p>\n<p><span style=\"text-decoration: underline; color: #ff0000;\">8.Frais supplementaire<\/span><\/p>\n<p>En fonction du mode de paiement choisis, il existe des frais suppelementaire :<br \/>\n-Mandat cash : Les frais varient en fonction de la societ\u00e9 utilis\u00e9 (Western Union\/Moneygram) et du montent envoy\u00e9, nous vous invitons \u00e0 vous renseigner aupres de ces societ\u00e9 pour en savoir plus.<br \/>\n-Paypal : Les frais supplementaire sont de 1.7% du montant total de la commande +0.12 Euros<\/p>\n<p><span style=\"text-decoration: underline; color: #ff0000;\">9.Responsabilit\u00e9<\/span><\/p>\n<p>Toutes r\u00e9clamations faites dans un d\u00e9lai <strong>sup\u00e9rieur \u00e0 10 jours<\/strong> apr\u00e8s notification de disponibilit\u00e9 du colis en point relais ou r\u00e9ception du Colissimo, ne saurait \u00eatre trait\u00e9e par Orient grossiste.<\/p>\n<h2 style=\"text-align: right;\">\u00a0 \u00a0 \u00a0 \u00a0 \u00a0 \u00a0 \u00a0 \u00a0 \u00a0 \u00a0 \u00a0 \u00a0 \u00a0 \u00a0 \u00a0 \u00a0 \u00a0 \u00a0 \u00a0 \u00a0 \u00a0 \u00a0 \u00a0 \u00a0 \u00a0 \u00a0 \u00a0<span style=\"text-decoration: underline;\">Ori\u00ebnt Groothandel<\/span><\/h2>\n<p>&nbsp;<\/p>\n<p>&nbsp;<\/p>","protected":false},"excerpt":{"rendered":"<p>Comment faire pour &lt;&lt;commander&gt;&gt;? &nbsp; &nbsp; 1.Commande L&rsquo;acheteur devra choisir directement sur le site les articles\u00a0en y indiquant le\u00a0nombre de lot voulut, celui-ci s&rsquo;engage \u00e0 bien remplir le bon de commande en inscrivant toutes les informations demand\u00e9s. 2.Tarif et factures Les tarifs pr\u00e9sent sur le site sont exprim\u00e9s en TTC. Nous fournissons pour chaque commande [&#8230;]\n","protected":false},"author":1,"featured_media":0,"parent":0,"menu_order":0,"comment_status":"open","ping_status":"open","template":"","meta":{"footnotes":""},"class_list":["post-1771","page","type-page","status-publish","hentry"],"_links":{"self":[{"href":"https:\/\/ventesengros.fr\/nl\/wp-json\/wp\/v2\/pages\/1771","targetHints":{"allow":["GET"]}}],"collection":[{"href":"https:\/\/ventesengros.fr\/nl\/wp-json\/wp\/v2\/pages"}],"about":[{"href":"https:\/\/ventesengros.fr\/nl\/wp-json\/wp\/v2\/types\/page"}],"author":[{"embeddable":true,"href":"https:\/\/ventesengros.fr\/nl\/wp-json\/wp\/v2\/users\/1"}],"replies":[{"embeddable":true,"href":"https:\/\/ventesengros.fr\/nl\/wp-json\/wp\/v2\/comments?post=1771"}],"version-history":[{"count":0,"href":"https:\/\/ventesengros.fr\/nl\/wp-json\/wp\/v2\/pages\/1771\/revisions"}],"wp:attachment":[{"href":"https:\/\/ventesengros.fr\/nl\/wp-json\/wp\/v2\/media?parent=1771"}],"curies":[{"name":"wp","href":"https:\/\/api.w.org\/{rel}","templated":true}]}}