{"id":9436,"date":"2014-06-15T12:39:53","date_gmt":"2014-06-15T11:39:53","guid":{"rendered":"http:\/\/pietra-communication.com\/ventesengros.fr\/?post_type=product&#038;p=9436"},"modified":"2025-02-08T13:34:22","modified_gmt":"2025-02-08T12:34:22","slug":"savon-lhuile-nigelle","status":"publish","type":"product","link":"https:\/\/ventesengros.fr\/it\/grossiste\/sapone-allolio-di-cumino-nero-2\/","title":{"rendered":"Sapone all'olio di nigella"},"content":{"rendered":"<p>Il sapone all'olio di cumino nero \u00e8 un <b>prodotti per l'igiene e il benessere. \u00c0<\/b>\u00a0entrambi molto <i>economici, ecologici e, soprattutto, rispettosi della pelle.<\/i><span class=\"Apple-converted-space\">\u00a0<\/span><\/p>\n<p>Questo <a href=\"https:\/\/ventesengros.fr\/it\/grossiste\/sapone-allolio-di-cumino-nero-2\/\"><strong>sapone solido al cumino nero<\/strong><\/a> perch\u00e9 il corpo \u00e8 un puro <i>prodotto del Marocco<\/i>, A base di olio di cumino nero e ricco di benefici. La vostra boutique Orient Grossiste vi offre questo <b>sapone naturale <\/b>all'ingrosso che i vostri clienti apprezzeranno sicuramente!<span class=\"Apple-converted-space\">\u00a0<\/span><\/p>\n<h2><b>Sapone all'olio di cumino nero<span class=\"Apple-converted-space\">\u00a0<\/span><\/b><\/h2>\n<p>Il sapone alla nigella, noto anche come sapone al cumino nero, \u00e8 arricchito con\u2019<a href=\"https:\/\/www.miel-imperial.com\/huiles-naturelles-et-bio\/30-huile-de-haba-saouda-habachia-.html\" target=\"_blank\" rel=\"noopener\"><strong>olio di cumino nero<\/strong><\/a>. Questo <b>olio vegetale cosmetico<\/b> \u00e8 rinomata per i suoi innumerevoli benefici per la pelle.<span class=\"Apple-converted-space\">\u00a0<\/span><\/p>\n<p>Il nostro sapone al cumino nero \u00e8 prodotto esclusivamente con\u2019<b>ingredienti naturali che fanno bene all'organismo.<span class=\"Apple-converted-space\">\u00a0<\/span><\/b><\/p>\n<ul>\n<li><b>Ingredienti<span class=\"Apple-converted-space\">\u00a0<\/span><\/b><\/li>\n<\/ul>\n<p>Gli ingredienti di questo sapone sono : Acqua, olio di cumino nero coltivato, idrossido di sodio.<span class=\"Apple-converted-space\">\u00a0<\/span><\/p>\n<p>Si noti che l'idrossido di sodio \u00e8 semplicemente un regolatore di pH e non \u00e8 un ingrediente attivo. <b>assolutamente non irritante per la pelle.<span class=\"Apple-converted-space\">\u00a0<\/span><\/b><\/p>\n<h2><b>I benefici del sapone al cumino nero<span class=\"Apple-converted-space\">\u00a0<\/span><\/b><\/h2>\n<p>Il sapone al cumino nero \u00e8 indicato per <b>per tutti i tipi di pelle.<\/b> Tuttavia, le sue propriet\u00e0 lo rendono un <b>sapone dermatologico<\/b> <i>eccellente per la pelle irritata, atopica e\/o secca.<\/i><span class=\"Apple-converted-space\">\u00a0<\/span><\/p>\n<ul>\n<li>\u00c8 eccellente contro <b>malattie della pelle<\/b> come il <i>psoriasi, eczema, macchie secche e infezioni fungine<span class=\"Apple-converted-space\">\u00a0<\/span><\/i><\/li>\n<li>Fornisce una protezione efficace contro <b>contro l'acne<span class=\"Apple-converted-space\">\u00a0<\/span><\/b><\/li>\n<li>Deterge e nutre la pelle, proteggendola al tempo stesso<span class=\"Apple-converted-space\">\u00a0<\/span><\/li>\n<li>Rigenera, purifica e aiuta la pelle a guarire.<span class=\"Apple-converted-space\">\u00a0<\/span><\/li>\n<li>Rende la pelle pi\u00f9 morbida ed elastica, proteggendola dal sole e dagli agenti atmosferici. <b>invecchiamento della pelle<span class=\"Apple-converted-space\">\u00a0<\/span><\/b><\/li>\n<li>Questo sapone al cumino nero ha le seguenti propriet\u00e0 <i>antiossidanti, antinfettivi e antinfiammatori<span class=\"Apple-converted-space\">\u00a0<\/span><\/i><\/li>\n<\/ul>\n<h2><b>Come si usa<span class=\"Apple-converted-space\">\u00a0 <\/span>?<\/b><\/h2>\n<p>Il sapone al cumino nero pu\u00f2 essere utilizzato come qualsiasi altro sapone. <b>saponetta<\/b>. Basta bagnarlo sotto l'acqua. Tutto ci\u00f2 che dovete fare \u00e8 bagnarlo sotto l'acqua e insaponarlo sul guanto o tra le mani. Lavate il corpo e risciacquate accuratamente. Si pu\u00f2 anche <b>utilizzarlo quotidianamente<\/b> per apprezzarne i benefici.<span class=\"Apple-converted-space\">\u00a0<\/span><\/p>\n<p><b>Cosa c'\u00e8 da sapere: <\/b>Il sapone di cumino nero ha la particolarit\u00e0 di essere nero, un colore direttamente legato al <b>semi di cumino nero<\/b> che sono a loro volta neri. Assicuratevi di risciacquare bene per non lasciare tracce sul corpo o sull'asciugamano.<span class=\"Apple-converted-space\">\u00a0<\/span><\/p>","protected":false},"excerpt":{"rendered":"<p>Suggeriamo il sapone all'olio di cumino nero\u00a0<span style=\"color: #0000ff;\"><strong>venduto in confezioni da 12<\/strong><\/span>. <span style=\"color: #000000;\"><strong>Prezzi del tapering.<\/strong><\/span><\/p>\n<p><b>Prezzo del sapone per unit\u00e0<span class=\"Apple-converted-space\">*<\/span>:<\/b>\u00a0<strong><span style=\"color: #ff0000;\">1,09\u20ac<\/span><\/strong><\/p>\n<p><span style=\"color: #ff0000;\"><b>Per pi\u00f9 di 3 lotti, scegliere una quantit\u00e0 nel carrello.<\/b><\/span><\/p>\n<p>Ricevere uno sconto di 10% per ordini superiori a 10 lotti (<span style=\"color: #ff0000;\"><a style=\"color: #ff0000;\" href=\"https:\/\/ventesengros.fr\/it\/contatto-2\/\"><strong>contattateci<\/strong><\/a><\/span>).<\/p>\n<p>&nbsp;<\/p>\n<p>*da<\/p>","protected":false},"featured_media":9440,"template":"","meta":[],"product_brand":[],"product_cat":[200,59],"product_tag":[258,974,458,459],"class_list":{"0":"post-9436","1":"product","2":"type-product","3":"status-publish","4":"has-post-thumbnail","6":"product_cat-savon-soin-et-bien-etre","7":"product_cat-soin-et-bien-etre","8":"product_tag-en-gros","9":"product_tag-grossiste","10":"product_tag-savon-a-l-huile-de-nigelle","11":"product_tag-savon-habba-sawda","12":"pa_lot-1-lot-12-savons-1548e-soit-129e-le-savon","13":"pa_lot-2-lots-24-savons-2856e-soit-119e-le-savon","14":"pa_lot-3-lots-36-savons-3924e-soit-109e-le-savon","16":"first","17":"instock","18":"featured","19":"shipping-taxable","20":"purchasable","21":"product-type-variable"},"_links":{"self":[{"href":"https:\/\/ventesengros.fr\/it\/wp-json\/wp\/v2\/product\/9436","targetHints":{"allow":["GET"]}}],"collection":[{"href":"https:\/\/ventesengros.fr\/it\/wp-json\/wp\/v2\/product"}],"about":[{"href":"https:\/\/ventesengros.fr\/it\/wp-json\/wp\/v2\/types\/product"}],"wp:featuredmedia":[{"embeddable":true,"href":"https:\/\/ventesengros.fr\/it\/wp-json\/wp\/v2\/media\/9440"}],"wp:attachment":[{"href":"https:\/\/ventesengros.fr\/it\/wp-json\/wp\/v2\/media?parent=9436"}],"wp:term":[{"taxonomy":"product_brand","embeddable":true,"href":"https:\/\/ventesengros.fr\/it\/wp-json\/wp\/v2\/product_brand?post=9436"},{"taxonomy":"product_cat","embeddable":true,"href":"https:\/\/ventesengros.fr\/it\/wp-json\/wp\/v2\/product_cat?post=9436"},{"taxonomy":"product_tag","embeddable":true,"href":"https:\/\/ventesengros.fr\/it\/wp-json\/wp\/v2\/product_tag?post=9436"}],"curies":[{"name":"wp","href":"https:\/\/api.w.org\/{rel}","templated":true}]}}