{"id":81472,"date":"2026-04-29T12:15:19","date_gmt":"2026-04-29T11:15:19","guid":{"rendered":"https:\/\/ventesengros.fr\/?post_type=product&#038;p=81472"},"modified":"2026-04-29T12:15:57","modified_gmt":"2026-04-29T11:15:57","slug":"lait-de-chamelle-en-poudre-en-gros","status":"publish","type":"product","link":"https:\/\/ventesengros.fr\/it\/grossiste\/latte-di-cammello-in-polvere-allingrosso\/","title":{"rendered":"Latte di cammello in polvere all'ingrosso"},"content":{"rendered":"<p>Le&nbsp;<strong>latte di cammello in polvere all'ingrosso<\/strong> si rivolge ai professionisti che vogliono offrire un prodotto originale, pratico da conservare e ricercato nel mondo degli alimenti naturali. Grazie al suo formato secco, offre una soluzione semplice per l'acquisto, la conservazione e la rivendita, in particolare per gastronomie, negozi orientali, negozi biologici, food concept store, rivenditori e-commerce e grossisti specializzati.<\/p>\n<p>Noi di Ventes en Gros lavoriamo con i professionisti alla ricerca del prodotto giusto. <strong>grossista di latte di cammello in polvere<\/strong> con una gamma pensata per acquisti all'ingrosso, esigenze regolari e progetti di distribuzione. Il prodotto pu\u00f2 essere offerto sfuso, al chilo o in confezioni adatte alle esigenze del mercato.<\/p>\n<h2>Acquisto di latte di cammella in polvere al chilo<\/h2>\n<p>L\u2019<strong>acquisto di latte di cammella in polvere al chilo<\/strong> \u00e8 una soluzione interessante per i rivenditori che vogliono controllare i costi, testare una nuova gamma o creare uno stock flessibile. Il formato da chilo pu\u00f2 essere utilizzato per una variet\u00e0 di scopi professionali: riconfezionamento, vendita in negozio, creazione di confezioni di scoperta o integrazione in un'offerta alimentare premium.<\/p>\n<p>Questo tipo di prodotto attira una clientela curiosa, sensibile ai prodotti tradizionali e alle alternative alimentari provenienti dal Medio Oriente, dal Nord Africa o dalle regioni desertiche. La sua forma in polvere ne facilita la conservazione e riduce i vincoli logistici associati ai prodotti liquidi.<\/p>\n<h2>Latte di cammello in polvere all'ingrosso per i professionisti<\/h2>\n<p>Come professionista, trovare un <strong>grossista di latte di cammello in polvere<\/strong> \u00c8 una fonte di approvvigionamento affidabile che vi permette di offrire un prodotto differenziato. Il latte di cammello in polvere \u00e8 un'aggiunta perfetta a una gamma di prodotti naturali, alimentari orientali, superfood, polveri alimentari o prodotti premium con un alto valore percepito.<\/p>\n<p>La domanda di questo tipo di prodotti \u00e8 ancora poco sfruttata in alcuni mercati francofoni. \u00c8 proprio qui che c'\u00e8 una carta da giocare: offrire una referenza rara, ben presentata, con un posizionamento chiaro e una scheda prodotto rassicurante. Non \u00e8 necessario parlare di miracoli: il prodotto \u00e8 gi\u00e0 abbastanza intrigante di per s\u00e9.<\/p>\n<h2>Perch\u00e9 offrite il latte di cammella in polvere nel vostro catalogo?<\/h2>\n<p>Il latte di cammella in polvere presenta numerosi vantaggi per i professionisti. \u00c8 pi\u00f9 facile da trasportare rispetto al latte liquido, pi\u00f9 facile da immagazzinare e pi\u00f9 pratico da integrare in una strategia di vendita online o in un negozio fisico. Il suo formato in polvere consente inoltre di lavorare volumi maggiori, riducendo alcuni vincoli di stoccaggio.<\/p>\n<p>Per un rivenditore, \u00e8 un prodotto in grado di arricchire l'assortimento con un riferimento distintivo. Pu\u00f2 essere promosso ai clienti interessati a prodotti alimentari originali, alle tradizioni nomadi, ai prodotti del deserto o a ingredienti premium insoliti.<\/p>\n<h2>Un assortimento su misura per i rivenditori e i negozi specializzati<\/h2>\n<p>La nostra gamma di <strong>latte di cammello in polvere all'ingrosso<\/strong> si rivolge ai professionisti alla ricerca di un prodotto ad alto potenziale di vendita. Che si tratti di un negozio di alimentari, di un rivenditore online, di una drogheria orientale o di un distributore, l'acquisto di prodotti sfusi consente di costruire un margine pi\u00f9 confortevole e di soddisfare una domanda mirata.<\/p>\n<p>Il latte di cammello in polvere pu\u00f2 essere combinato con altri prodotti dalla forte identit\u00e0 culinaria. Per sviluppare la vostra gamma, potete anche scoprire la nostra offerta di <a href=\"https:\/\/ventesengros.fr\/it\/grossiste\/ingrosso-di-sellou-marocchino\/\">Ingrosso di sellou marocchino<\/a>, Un riferimento tradizionale e molto apprezzato nel mondo dei prodotti marocchini e orientali.<\/p>\n<h2>Latte di cammella in polvere: un prodotto differenziante per i grossisti<\/h2>\n<p>In un mercato in cui molti negozi offrono gli stessi prodotti, la <strong>latte di cammello in polvere per chilo<\/strong> vi permette di distinguervi dalla massa. \u00c8 un punto di riferimento che attira l'attenzione, valorizza la profondit\u00e0 di un assortimento e pu\u00f2 rafforzare il posizionamento premium di un negozio.<\/p>\n<p>Per una strategia di e-commerce, questo prodotto pu\u00f2 essere sviluppato con contenuti educativi, schede descrittive chiare, immagini sobrie e un'offerta di vendita incentrata sulla sua origine, sulla praticit\u00e0, sul formato in polvere e sull'acquisto professionale. L'obiettivo \u00e8 semplice: rassicurare, spiegare e convertire.<\/p>\n<h2>Ordini online sicuri<\/h2>\n<p>Volete acquistare <strong>latte di cammello in polvere all'ingrosso<\/strong> o ricevere un'offerta per un acquisto al chilo? Ventes en Gros offre soluzioni adatte ai professionisti che desiderano sviluppare il proprio catalogo con prodotti alimentari originali e differenzianti.<\/p>\n<p>Se avete domande su prezzi, quantit\u00e0 o confezioni, contattateci per ricevere una proposta su misura per le vostre esigenze aziendali.<\/p>\n<h2>FAQ - Latte di cammello in polvere all'ingrosso<\/h2>\n<div itemscope=\"\" itemtype=\"https:\/\/schema.org\/FAQPage\">\n<div itemprop=\"mainEntity\" itemscope=\"\" itemtype=\"https:\/\/schema.org\/Question\">\n<h3 itemprop=\"name\">Posso acquistare il latte di cammella in polvere al chilo?<\/h3>\n<div itemprop=\"acceptedAnswer\" itemscope=\"\" itemtype=\"https:\/\/schema.org\/Answer\">\n<p itemprop=\"text\">S\u00ec, i professionisti possono acquistare latte di cammella in polvere al chilo, in base alla disponibilit\u00e0, al volume e alle esigenze di confezionamento.<\/p>\n<\/div>\n<\/div>\n<div itemprop=\"mainEntity\" itemscope=\"\" itemtype=\"https:\/\/schema.org\/Question\">\n<h3 itemprop=\"name\">A chi \u00e8 destinato il latte di cammella in polvere?<\/h3>\n<div itemprop=\"acceptedAnswer\" itemscope=\"\" itemtype=\"https:\/\/schema.org\/Answer\">\n<p itemprop=\"text\">Il latte di cammella in polvere all'ingrosso si rivolge a negozi di alimentari orientali, negozi biologici, rivenditori e-commerce, grossisti di prodotti alimentari, concept store e professionisti che desiderano offrire un prodotto originale nel loro catalogo.<\/p>\n<\/div>\n<\/div>\n<div itemprop=\"mainEntity\" itemscope=\"\" itemtype=\"https:\/\/schema.org\/Question\">\n<h3 itemprop=\"name\">Perch\u00e9 scegliere un grossista di latte di cammella in polvere?<\/h3>\n<div itemprop=\"acceptedAnswer\" itemscope=\"\" itemtype=\"https:\/\/schema.org\/Answer\">\n<p itemprop=\"text\">Rivolgersi a un grossista significa poter acquistare in quantit\u00e0, ottimizzare i costi di fornitura e avere un prodotto adatto alla rivendita professionale.<\/p>\n<\/div>\n<\/div>\n<div itemprop=\"mainEntity\" itemscope=\"\" itemtype=\"https:\/\/schema.org\/Question\">\n<h3 itemprop=\"name\">Il latte di cammella in polvere pu\u00f2 essere rivenduto?<\/h3>\n<div itemprop=\"acceptedAnswer\" itemscope=\"\" itemtype=\"https:\/\/schema.org\/Answer\">\n<p itemprop=\"text\">S\u00ec, il suo formato in polvere facilita lo stoccaggio, il trasporto e la gestione dei volumi, rendendolo un'opzione pratica per negozi e rivenditori.<\/p>\n<\/div>\n<\/div>\n<\/div>","protected":false},"excerpt":{"rendered":"<p><strong>Caratteristiche :<\/strong><\/p>\n<ul>\n<li><strong>Origine<\/strong> U.A.E. (Emirati Arabi Uniti.<\/li>\n<li><strong>Capacit\u00e0<\/strong> Sacchetto da 100 g - 1 chilo.<\/li>\n<\/ul>","protected":false},"featured_media":81474,"template":"","meta":[],"product_brand":[],"product_cat":[206,1571],"product_tag":[],"class_list":{"0":"post-81472","1":"product","2":"type-product","3":"status-publish","4":"has-post-thumbnail","6":"product_cat-alimentation","7":"product_cat-grossiste-produits-nabaty","9":"first","10":"instock","11":"shipping-taxable","12":"purchasable","13":"product-type-variable","14":"has-default-attributes"},"_links":{"self":[{"href":"https:\/\/ventesengros.fr\/it\/wp-json\/wp\/v2\/product\/81472","targetHints":{"allow":["GET"]}}],"collection":[{"href":"https:\/\/ventesengros.fr\/it\/wp-json\/wp\/v2\/product"}],"about":[{"href":"https:\/\/ventesengros.fr\/it\/wp-json\/wp\/v2\/types\/product"}],"wp:featuredmedia":[{"embeddable":true,"href":"https:\/\/ventesengros.fr\/it\/wp-json\/wp\/v2\/media\/81474"}],"wp:attachment":[{"href":"https:\/\/ventesengros.fr\/it\/wp-json\/wp\/v2\/media?parent=81472"}],"wp:term":[{"taxonomy":"product_brand","embeddable":true,"href":"https:\/\/ventesengros.fr\/it\/wp-json\/wp\/v2\/product_brand?post=81472"},{"taxonomy":"product_cat","embeddable":true,"href":"https:\/\/ventesengros.fr\/it\/wp-json\/wp\/v2\/product_cat?post=81472"},{"taxonomy":"product_tag","embeddable":true,"href":"https:\/\/ventesengros.fr\/it\/wp-json\/wp\/v2\/product_tag?post=81472"}],"curies":[{"name":"wp","href":"https:\/\/api.w.org\/{rel}","templated":true}]}}