{"id":80999,"date":"2026-04-12T10:50:12","date_gmt":"2026-04-12T09:50:12","guid":{"rendered":"https:\/\/ventesengros.fr\/?post_type=product&#038;p=80999"},"modified":"2026-04-20T16:17:53","modified_gmt":"2026-04-20T15:17:53","slug":"sellou-marocain-en-gros","status":"publish","type":"product","link":"https:\/\/ventesengros.fr\/it\/grossiste\/ingrosso-di-sellou-marocchino\/","title":{"rendered":"Sellou marocchino all'ingrosso - sacchetto famiglia da 1 chilo"},"content":{"rendered":"<p>Siete alla ricerca di un&nbsp;<strong>vendita all'ingrosso di sellou online<\/strong> per offrire ai vostri clienti una specialit\u00e0 marocchina riconosciuta e apprezzata? Questo <strong>autentico sellou marocchino<\/strong> Il formato famiglia da 1 kg si rivolge ai professionisti che desiderano arricchire il proprio assortimento con un prodotto tradizionale e gourmet pronto per la rivendita. La presentazione elegante e le dimensioni generose ne fanno una scelta perfetta per negozi di alimentari, rivenditori, negozi orientali e rivenditori specializzati.<\/p>\n<p>Come <strong>fornitore di autentici sellou marocchini<\/strong>, Presentiamo una ricetta ispirata al know-how tradizionale, con una selezione di ingredienti emblematici: <strong>farina di grano tostato<\/strong>, <strong>mandorle sbollentate<\/strong>, <strong>semi di sesamo tostati<\/strong>, <strong>anice<\/strong>, <strong>gomma arabica<\/strong>, <strong>cannella<\/strong>, <strong>sale<\/strong>, <strong>zucchero a velo<\/strong> e <strong>burro fuso<\/strong>. Il risultato \u00e8 una caratteristica consistenza di pasta frolla e un profilo gustativo tipico del sellou marocchino.<\/p>\n<p>Per un <strong>acquisto all'ingrosso sellou<\/strong>, Questo formato si adatta perfettamente alle esigenze dei professionisti che desiderano offrire un prodotto dalla forte identit\u00e0 culturale, particolarmente apprezzato sugli scaffali dedicati alle specialit\u00e0 marocchine e maghrebine. Pu\u00f2 far parte di un'offerta stagionale, festiva o permanente, a seconda del posizionamento del vostro negozio.<\/p>\n<p>Questo prodotto pu\u00f2 essere combinato con altri prodotti di gastronomia marocchina per creare una gamma coerente. Scoprite anche la nostra selezione dedicata a\u2019<a href=\"https:\/\/ventesengros.fr\/it\/product-category\/grossiste-amlou\/\">amlou in blocco<\/a> per completare il vostro catalogo con un altro riferimento iconico molto ricercato.<\/p>\n<h2>Perch\u00e9 offrire questa vendita all'ingrosso?<\/h2>\n<p>Questo sellou marocchino piace per il suo posizionamento tradizionale, il pratico formato da 1 kg e la sua ricetta ispirata alle preparazioni tradizionali marocchine. Per i professionisti, rappresenta un riferimento importante per sviluppare un'offerta basata sull'autenticit\u00e0, le prelibatezze e le specialit\u00e0 del territorio marocchino.<\/p>\n<section itemscope=\"\" itemtype=\"https:\/\/schema.org\/FAQPage\">\n<h2>FAQ sul sellou marocchino all'ingrosso<\/h2>\n<div itemprop=\"mainEntity\" itemscope=\"\" itemtype=\"https:\/\/schema.org\/Question\">\n<h3 itemprop=\"name\">\u00c8 possibile acquistare questo sellou marocchino all'ingrosso per rivenderlo?<\/h3>\n<div itemprop=\"acceptedAnswer\" itemscope=\"\" itemtype=\"https:\/\/schema.org\/Answer\">\n<p itemprop=\"text\">S\u00ec, questo prodotto \u00e8 adatto ai professionisti che desiderano acquistare sellou all'ingrosso per rivenderlo in un negozio, in una drogheria orientale, in un rivenditore specializzato di prodotti alimentari o in un negozio online.<\/p>\n<\/div>\n<\/div>\n<div itemprop=\"mainEntity\" itemscope=\"\" itemtype=\"https:\/\/schema.org\/Question\">\n<h3 itemprop=\"name\">Questo prodotto \u00e8 adatto a un grossista di vendita online?<\/h3>\n<div itemprop=\"acceptedAnswer\" itemscope=\"\" itemtype=\"https:\/\/schema.org\/Answer\">\n<p itemprop=\"text\">S\u00ec, questo riferimento \u00e8 rivolto ai professionisti che vogliono lavorare con un grossista di sellou online e offrire ai loro clienti un prodotto ispirato alla tradizione marocchina.<\/p>\n<\/div>\n<\/div>\n<div itemprop=\"mainEntity\" itemscope=\"\" itemtype=\"https:\/\/schema.org\/Question\">\n<h3 itemprop=\"name\">Quali sono gli ingredienti di questo autentico sellou marocchino?<\/h3>\n<div itemprop=\"acceptedAnswer\" itemscope=\"\" itemtype=\"https:\/\/schema.org\/Answer\">\n<p itemprop=\"text\">La composizione comprende farina di frumento tostata, mandorle mondate, semi di sesamo tostati, anice, gomma arabica, cannella, sale, zucchero a velo e burro fuso.<\/p>\n<\/div>\n<\/div>\n<div itemprop=\"mainEntity\" itemscope=\"\" itemtype=\"https:\/\/schema.org\/Question\">\n<h3 itemprop=\"name\">Per quale tipo di azienda \u00e8 adatto questo sistema di vendita all'ingrosso?<\/h3>\n<div itemprop=\"acceptedAnswer\" itemscope=\"\" itemtype=\"https:\/\/schema.org\/Answer\">\n<p itemprop=\"text\">Questo sellou all'ingrosso \u00e8 adatto a negozi di alimentari, rivenditori, negozi orientali, negozi specializzati e professionisti che desiderano sviluppare una gamma di specialit\u00e0 marocchine.<\/p>\n<\/div>\n<\/div>\n<div itemprop=\"mainEntity\" itemscope=\"\" itemtype=\"https:\/\/schema.org\/Question\">\n<h3 itemprop=\"name\">In che formato \u00e8 disponibile questo sellou marocchino?<\/h3>\n<div itemprop=\"acceptedAnswer\" itemscope=\"\" itemtype=\"https:\/\/schema.org\/Answer\">\n<p itemprop=\"text\">Il prodotto \u00e8 disponibile in una confezione famiglia da 1 kg, un formato pratico per la vendita e la distribuzione ai professionisti.<\/p>\n<\/div>\n<\/div>\n<div itemprop=\"mainEntity\" itemscope=\"\" itemtype=\"https:\/\/schema.org\/Question\">\n<h3 itemprop=\"name\">Potete aggiungere altre specialit\u00e0 marocchine al vostro catalogo?<\/h3>\n<div itemprop=\"acceptedAnswer\" itemscope=\"\" itemtype=\"https:\/\/schema.org\/Answer\">\n<p itemprop=\"text\">S\u00ec, \u00e8 possibile completare questa offerta con altre referenze complementari come l'amlou, per costruire una gamma coerente intorno ai prodotti tradizionali marocchini.<\/p>\n<\/div>\n<\/div>\n<\/section>","protected":false},"excerpt":{"rendered":"<p><strong>Ingredienti del sellou marocchino :<\/strong><\/p>\n<ul>\n<li>Farina di grano tostato<\/li>\n<li>Mandorle sgusciate<\/li>\n<li>Semi di sesamo tostati<\/li>\n<li>Anice<\/li>\n<li>Gomma arabica<\/li>\n<li>Cannella<\/li>\n<li>Il sale<\/li>\n<li>Zucchero a velo<\/li>\n<li>Burro fuso<\/li>\n<\/ul>\n<p>Foto non contrattuale<\/p>","protected":false},"featured_media":81000,"template":"","meta":[],"product_brand":[],"product_cat":[206,1571],"product_tag":[],"class_list":{"0":"post-80999","1":"product","2":"type-product","3":"status-publish","4":"has-post-thumbnail","6":"product_cat-alimentation","7":"product_cat-grossiste-produits-nabaty","9":"first","10":"instock","11":"shipping-taxable","12":"purchasable","13":"product-type-simple"},"_links":{"self":[{"href":"https:\/\/ventesengros.fr\/it\/wp-json\/wp\/v2\/product\/80999","targetHints":{"allow":["GET"]}}],"collection":[{"href":"https:\/\/ventesengros.fr\/it\/wp-json\/wp\/v2\/product"}],"about":[{"href":"https:\/\/ventesengros.fr\/it\/wp-json\/wp\/v2\/types\/product"}],"wp:featuredmedia":[{"embeddable":true,"href":"https:\/\/ventesengros.fr\/it\/wp-json\/wp\/v2\/media\/81000"}],"wp:attachment":[{"href":"https:\/\/ventesengros.fr\/it\/wp-json\/wp\/v2\/media?parent=80999"}],"wp:term":[{"taxonomy":"product_brand","embeddable":true,"href":"https:\/\/ventesengros.fr\/it\/wp-json\/wp\/v2\/product_brand?post=80999"},{"taxonomy":"product_cat","embeddable":true,"href":"https:\/\/ventesengros.fr\/it\/wp-json\/wp\/v2\/product_cat?post=80999"},{"taxonomy":"product_tag","embeddable":true,"href":"https:\/\/ventesengros.fr\/it\/wp-json\/wp\/v2\/product_tag?post=80999"}],"curies":[{"name":"wp","href":"https:\/\/api.w.org\/{rel}","templated":true}]}}