{"id":59077,"date":"2024-02-27T18:22:36","date_gmt":"2024-02-27T17:22:36","guid":{"rendered":"https:\/\/ventesengros.fr\/?post_type=product&#038;p=59077"},"modified":"2024-02-27T18:23:00","modified_gmt":"2024-02-27T17:23:00","slug":"graines-de-pollen","status":"publish","type":"product","link":"https:\/\/ventesengros.fr\/it\/grossiste\/semi-di-polline\/","title":{"rendered":"Semi di polline - 1 kg"},"content":{"rendered":"<p>Il mondo di\u00a0<strong>semi di polline<\/strong> \u00e8 un mondo entusiasmante che attira molti esperti di prodotti freschi. Frutta, verdura e altri alimenti a base di polline sono apprezzati per i loro benefici per la salute e per il loro gusto delizioso. Se siete professionisti del settore o semplici curiosi, date un'occhiata a questo articolo dedicato ai grossisti.<\/p>\n<h2><strong>Sourcing di qualit\u00e0: come scegliete i vostri fornitori?<\/strong><\/h2>\n<p>L'acquisto di\u00a0<strong>semi di polline<\/strong>\u00a0per le aziende specializzate nella vendita di prodotti freschi. Esistono diversi criteri per selezionare un buon fornitore:<\/p>\n<ul>\n<li><strong>Da dove provengono i semi :<\/strong>\u00a0\u00c8 consigliabile privilegiare i produttori locali per limitare i costi di trasporto e sostenere l'economia locale. Inoltre, in questo modo si garantisce anche la completa tracciabilit\u00e0, in modo da sapere da dove provengono i semi.<\/li>\n<li><strong>Certificazioni :<\/strong>\u00a0Per garantire la qualit\u00e0 dei semi, verificare che il fornitore abbia una certificazione biologica (AB, Ecocert...).<\/li>\n<li><strong>La variet\u00e0 dell'offerta :<\/strong>\u00a0Un grossista che offre un'ampia scelta di semi di polline ha il vantaggio di soddisfare le esigenze specifiche di ogni cliente.<\/li>\n<li><strong>Gestione delle scorte :<\/strong>\u00a0Un buon fornitore deve essere in grado di adattarsi alle fluttuazioni del mercato e di gestire le scorte in modo efficace per evitare carenze di approvvigionamento.<\/li>\n<\/ul>\n<h3><strong>Nuovi prodotti e tendenze nel settore dei semi di polline<\/strong><\/h3>\n<p>La domanda di prodotti a base di polline fresco \u00e8 in costante aumento. I consumatori sono sempre alla ricerca di nuovi sapori e qualit\u00e0 nutrizionali. Per distinguersi in questo mercato vivace, i grossisti di semi di polline devono tenersi aggiornati sulle ultime tendenze e innovazioni per offrire i prodotti giusti.<\/p>\n<h2><strong>Le numerose applicazioni dei semi di polline<\/strong><\/h2>\n<p>Oltre al loro utilizzo principale come integratore alimentare naturale, le\u00a0<strong>semi di polline<\/strong>\u00a0hanno trovato il loro posto in una variet\u00e0 di campi:<\/p>\n<ul>\n<li><strong>Gastronomia :<\/strong>\u00a0Questi semi possono essere utilizzati armoniosamente in un'ampia gamma di ricette, aggiungendo un tocco originale e gustoso ai piatti preparati.<\/li>\n<li><strong>Bevande :<\/strong> Alcuni produttori di succhi di frutta incorporano i semi nelle loro ricette per migliorare il valore nutrizionale dei loro prodotti.<\/li>\n<li><strong>Cosmetici:<\/strong>\u00a0Grazie alla loro ricchezza di vitamine, minerali e antiossidanti, i semi di polline sono apprezzati anche nell'industria cosmetica. Vengono utilizzati in <a href=\"https:\/\/ventesengros.fr\/it\/grossiste\/creme-descargot-hemani-2\/\"><strong>creme idratanti,<\/strong><\/a> cura dei capelli e balsami per le labbra.<\/li>\n<\/ul>\n<h3><strong>Il ruolo dei grossisti nella valorizzazione del polline francese<\/strong><\/h3>\n<p>Grazie alla sua posizione strategica tra produttori e rivenditori, il grossista di semi di polline ha un ruolo da svolgere nella promozione delle sementi dell'apicoltura francese. Dando la priorit\u00e0 ai produttori locali, contribuisce a :<\/p>\n<ol>\n<li><strong>Promuovere l'economia locale:<\/strong>\u00a0Scegliendo prodotti provenienti dalla Francia, il grossista contribuisce allo sviluppo dell'apicoltura nazionale;<\/li>\n<li><strong>Garantire la tracciabilit\u00e0:<\/strong> Lavorando con partner locali, il grossista di semi di polline pu\u00f2 garantire la qualit\u00e0 e l'origine dei semi messi in vendita;<\/li>\n<li><strong>Limitare l'impatto ambientale:<\/strong>\u00a0Preferendo fonti di approvvigionamento locali, i clienti riducono le emissioni di gas serra legate al trasporto.<\/li>\n<\/ol>","protected":false},"excerpt":{"rendered":"<p>Le monde des\u00a0graines de pollen est un univers passionnant qui attire de nombreux experts en produits frais. Les fruits, l\u00e9gumes et autres aliments \u00e0 base de pollen sont appr\u00e9ci\u00e9s pour leurs bienfaits sur la sant\u00e9 et leur go\u00fbt savoureux. Si vous \u00eates un professionnel du secteur ou un simple curieux, plongez au c\u0153ur de cet [&#8230;]\n","protected":false},"featured_media":59078,"template":"","meta":[],"product_brand":[],"product_cat":[1495],"product_tag":[],"class_list":{"0":"post-59077","1":"product","2":"type-product","3":"status-publish","4":"has-post-thumbnail","6":"product_cat-vrac","8":"first","9":"instock","10":"shipping-taxable","11":"purchasable","12":"product-type-simple"},"_links":{"self":[{"href":"https:\/\/ventesengros.fr\/it\/wp-json\/wp\/v2\/product\/59077","targetHints":{"allow":["GET"]}}],"collection":[{"href":"https:\/\/ventesengros.fr\/it\/wp-json\/wp\/v2\/product"}],"about":[{"href":"https:\/\/ventesengros.fr\/it\/wp-json\/wp\/v2\/types\/product"}],"wp:featuredmedia":[{"embeddable":true,"href":"https:\/\/ventesengros.fr\/it\/wp-json\/wp\/v2\/media\/59078"}],"wp:attachment":[{"href":"https:\/\/ventesengros.fr\/it\/wp-json\/wp\/v2\/media?parent=59077"}],"wp:term":[{"taxonomy":"product_brand","embeddable":true,"href":"https:\/\/ventesengros.fr\/it\/wp-json\/wp\/v2\/product_brand?post=59077"},{"taxonomy":"product_cat","embeddable":true,"href":"https:\/\/ventesengros.fr\/it\/wp-json\/wp\/v2\/product_cat?post=59077"},{"taxonomy":"product_tag","embeddable":true,"href":"https:\/\/ventesengros.fr\/it\/wp-json\/wp\/v2\/product_tag?post=59077"}],"curies":[{"name":"wp","href":"https:\/\/api.w.org\/{rel}","templated":true}]}}