{"id":58718,"date":"2024-02-14T18:27:23","date_gmt":"2024-02-14T17:27:23","guid":{"rendered":"https:\/\/ventesengros.fr\/?post_type=product&#038;p=58718"},"modified":"2025-02-24T12:59:51","modified_gmt":"2025-02-24T11:59:51","slug":"shilajit-resine-en-gros","status":"publish","type":"product","link":"https:\/\/ventesengros.fr\/it\/grossiste\/shilajit-resina-allingrosso-2\/","title":{"rendered":"Shilajit all'ingrosso - 50 g (Confezione da 6 vasetti)"},"content":{"rendered":"<p>Il mercato degli integratori alimentari e dei prodotti naturali \u00e8 cresciuto rapidamente negli ultimi anni. Questi includono\u00a0<strong>resina di shilajit<\/strong>\u00a0\u00e8 una delle sostanze autentiche pi\u00f9 ricercate. Se siete alla ricerca di una\u00a0<strong>resina di shilajit grossista<\/strong>, Questo articolo vi aiuter\u00e0 a fare la scelta giusta.<\/p>\n<h2><strong>Che cos'\u00e8 la resina di shilajit?<\/strong><\/h2>\n<p>La resina di shilajit proviene da materia organica decomposta da secoli e si trova soprattutto ad alta quota, in particolare sulle montagne dell'Himalaya. Contiene fulvato e umato, oltre a vari minerali e oligoelementi che le conferiscono una serie di propriet\u00e0 terapeutiche molto apprezzate. Tra queste<\/p>\n<ul>\n<li>Migliorare la vitalit\u00e0 e la forza dell'organismo<\/li>\n<li>Rafforzare il <a href=\"https:\/\/ventesengros.fr\/it\/product-category\/huile-de-nigelle\/\"><strong>sistema immunitario<\/strong><\/a><\/li>\n<li>Effetti antinfiammatori e antiossidanti<\/li>\n<li>Regolazione del metabolismo e dello stress ossidativo<\/li>\n<\/ul>\n<h2><strong>Come scegliere un grossista di resina di shilajit?<\/strong><\/h2>\n<p>Dato il boom del mercato, diversi fornitori offrono ora resina di shilajit all'ingrosso.<\/p>\n<p>Ecco alcuni punti chiave da tenere a mente quando si cerca un grossista che soddisfi le proprie esigenze:<\/p>\n<ul>\n<li><strong>Qualit\u00e0 del prodotto<\/strong><\/li>\n<\/ul>\n<p>\u00c8 fondamentale scegliere un fornitore che offra resina di shilajit autentica e di alta qualit\u00e0, poich\u00e9 alcune aziende possono commercializzare prodotti adulterati o contenenti agenti nocivi. Scegliete quindi un\u00a0<strong>grossista che utilizza le migliori tecniche di estrazione e rispetta gli standard GMP<\/strong>, Ci\u00f2 significa che ha adottato un sistema sufficientemente rigoroso per garantire la legittimit\u00e0 della sua offerta.<\/p>\n<ul>\n<li><strong>Certificazioni e accreditamenti del produttore<\/strong><\/li>\n<\/ul>\n<p>Verificare l'esistenza di\u00a0<strong>certificazioni e accreditamenti<\/strong>\u00a0con il vostro potenziale grossista \u00e8 una garanzia di fiducia nella qualit\u00e0 e nella sicurezza del prodotto offerto. Scegliete un fornitore con marchi riconosciuti dalle autorit\u00e0 competenti, come ISO o FSSC 22000 (certificazione del sistema di sicurezza alimentare).<\/p>\n<ul>\n<li><strong>Da dove proviene la resina di shilajit<\/strong><\/li>\n<\/ul>\n<p>La qualit\u00e0 della resina dipende anche dalla sua origine geografica. L\u2019<strong>Himalaya<\/strong>\u00a0\u00e8 una delle principali regioni produttrici di shilajit, quindi \u00e8 meglio scegliere un grossista la cui catena di approvvigionamento sia chiaramente tracciabile, promuovendo l'etica locale e la responsabilit\u00e0 sociale.<\/p>\n<ul>\n<li><strong>Imballaggio e opzioni disponibili<\/strong><\/li>\n<\/ul>\n<p>Anche se il mercato della resina di shilajit si sta sviluppando rapidamente, ognuno ha le proprie specificit\u00e0 ed esigenze in termini di confezionamento e opzioni disponibili. Lavorare con un fornitore in grado di offrire un servizio su misura per soddisfare le vostre esigenze \u00e8 un vantaggio importante per il successo della vostra attivit\u00e0.<\/p>\n<h3><strong>Quali vantaggi potete aspettarvi da un grossista di resina nera?<\/strong><\/h3>\n<p>Una volta trovato il grossista giusto, la collaborazione con lui offre una serie di vantaggi:<\/p>\n<ul>\n<li><strong>Prezzi pi\u00f9 competitivi:<\/strong>\u00a0Acquistando all'ingrosso direttamente dal produttore, si pu\u00f2 beneficiare di prezzi pi\u00f9 bassi rispetto a quelli praticati da un intermediario.<\/li>\n<li><strong>Flessibilit\u00e0 e selezione :<\/strong>\u00a0Un grossista organizzato deve essere in grado di adattarsi alle diverse esigenze dei professionisti. Ad esempio, l'assortimento deve comprendere prodotti di forme, dimensioni e dosaggi diversi per adattarsi alle diverse applicazioni o ai mercati di destinazione.<\/li>\n<li><strong>Qualit\u00e0 garantita:<\/strong>\u00a0il grossista deve impegnarsi ad assicurare un rigoroso controllo di qualit\u00e0 in tutto il processo logistico, garantendo in particolare la consegna di prodotti privi di difetti e in perfette condizioni.<\/li>\n<li><strong>Follow-up e supporto :<\/strong>\u00a0Un buon rapporto commerciale non si esaurisce con la vendita, ma continua anche dopo la transazione iniziale. Un grossista affidabile \u00e8 in grado di supportarvi in caso di problemi e di agire come partner per il vostro successo a lungo termine.<\/li>\n<\/ul>","protected":false},"excerpt":{"rendered":"<div>\n<p>Offriamo Shilajit in barattoli da 50 g, venduti in confezioni da 6 pezzi.<\/p>\n<p><span style=\"color: #ed1c24;\">Prezzo unitario: 4,95 euro<\/span><\/p>\n<\/div>\n<div>\n<p>1 confezione: \u20ac 4,95\/pezzo X6 = \u20ac 29,70<\/p>\n<\/div>","protected":false},"featured_media":68271,"template":"","meta":[],"product_brand":[],"product_cat":[60],"product_tag":[],"class_list":{"0":"post-58718","1":"product","2":"type-product","3":"status-publish","4":"has-post-thumbnail","6":"product_cat-bazar","8":"first","9":"instock","10":"shipping-taxable","11":"purchasable","12":"product-type-simple"},"_links":{"self":[{"href":"https:\/\/ventesengros.fr\/it\/wp-json\/wp\/v2\/product\/58718","targetHints":{"allow":["GET"]}}],"collection":[{"href":"https:\/\/ventesengros.fr\/it\/wp-json\/wp\/v2\/product"}],"about":[{"href":"https:\/\/ventesengros.fr\/it\/wp-json\/wp\/v2\/types\/product"}],"wp:featuredmedia":[{"embeddable":true,"href":"https:\/\/ventesengros.fr\/it\/wp-json\/wp\/v2\/media\/68271"}],"wp:attachment":[{"href":"https:\/\/ventesengros.fr\/it\/wp-json\/wp\/v2\/media?parent=58718"}],"wp:term":[{"taxonomy":"product_brand","embeddable":true,"href":"https:\/\/ventesengros.fr\/it\/wp-json\/wp\/v2\/product_brand?post=58718"},{"taxonomy":"product_cat","embeddable":true,"href":"https:\/\/ventesengros.fr\/it\/wp-json\/wp\/v2\/product_cat?post=58718"},{"taxonomy":"product_tag","embeddable":true,"href":"https:\/\/ventesengros.fr\/it\/wp-json\/wp\/v2\/product_tag?post=58718"}],"curies":[{"name":"wp","href":"https:\/\/api.w.org\/{rel}","templated":true}]}}