{"id":57844,"date":"2024-01-16T09:57:49","date_gmt":"2024-01-16T08:57:49","guid":{"rendered":"https:\/\/ventesengros.fr\/?post_type=product&#038;p=57844"},"modified":"2024-02-11T20:36:36","modified_gmt":"2024-02-11T19:36:36","slug":"ameerat-al-arab-en-gros","status":"publish","type":"product","link":"https:\/\/ventesengros.fr\/it\/grossiste\/ameerat-al-arab-allingrosso\/","title":{"rendered":"Ameerat Al Arab all'ingrosso 100ml - Asdaaf"},"content":{"rendered":"<p>Scoprire il\u2019<strong>Ameerat Al Arab eau de parfum<\/strong>, Questa sublime fragranza, disponibile singolarmente o in set, incarna pura eccellenza e raffinatezza. Le note di questa fragranza orientale offrono un'esperienza olfattiva accattivante, dove il calore degli ingredienti esotici trasporta in un mondo di lusso e seduzione.<\/p>\n<h2><strong>Ameerat Al Arab \u00e8 un profumo sublime venduto singolarmente o in blocco!<\/strong><\/h2>\n<p>L'eau de parfum Ameerat Al Arab \u00e8 <strong>Disponibile singolarmente o in confezioni\u00a0<\/strong>! Grazie al vostro grossista, avete accesso a questa seducente essenza. Per arricchire la vostra collezione di profumi o per offrire ai vostri clienti un'esperienza olfattiva eccezionale. Ogni spruzzo rivela una scia seducente ed elegante, lasciando dietro di s\u00e9 un'impronta olfattiva memorabile.<\/p>\n<h2><strong>Ameerat Al Arab in blocco, una fragranza orientale<\/strong><\/h2>\n<p>Ameerat Al Arab \u00e8 una composizione olfattiva accattivante, caratterizzata dalle note seducenti di <a href=\"https:\/\/ventesengros.fr\/it\/product-category\/alimentation\/miel-alimentation\/\"><strong>miele<\/strong><\/a>, La nota di testa \u00e8 una miscela di agrumi, arance e note verdi. Poi, nel cuore, gelsomino e tuberosa aggiungono una delicata dimensione floreale! Le note di fondo di vaniglia, giaggiolo e sandalo offrono una profondit\u00e0 e un calore ineguagliabili. Questa combinazione unica crea una fragranza accattivante e decisamente elegante.<\/p>\n<h3><strong>Scoprite l'eccellenza delle fragranze orientali<\/strong><\/h3>\n<p>Questa fragranza orientale incarna l'eccellenza dei profumi orientali, rivelando una sottile miscela di ingredienti esotici e affascinanti. Immergetevi in un mondo di raffinatezza e seduzione, dove ogni spruzzo vi trasporta in un regno di lusso. Lasciatevi sedurre dal fascino irresistibile di questa fragranza all'ingrosso, per un'esperienza olfattiva indimenticabile.<\/p>\n<p>Questo\u00a0<strong>profumo orientale all'ingrosso\u00a0<\/strong>\u00e8 molto pi\u00f9 di un semplice profumo, \u00e8 un invito all'eccellenza e alla seduzione. Immergetevi in un mondo di raffinatezza e seduzione, dove ogni fragranza rivela un tocco di mistero ed eleganza.<\/p>\n<p>Lasciatevi trasportare in un regno di lusso e seduzione con questa fragranza orientale all'ingrosso.<\/p>","protected":false},"excerpt":{"rendered":"<p><strong>Note olfattive :<\/strong><\/p>\n<p><strong>Note<\/strong> Note di testa: Miele, Arance, Note verdi<br \/>\n<strong>Note di cuore<\/strong>\u00a0Gelsomino, Tuberosa<br \/>\n<strong>Note di base<\/strong>\u00a0Vaniglia, Orris e Sandalo<\/p>\n<p><strong>Tipo<\/strong>\u00a0Femminile.<\/p>","protected":false},"featured_media":57845,"template":"","meta":[],"product_brand":[],"product_cat":[237,1555,1517],"product_tag":[],"class_list":{"0":"post-57844","1":"product","2":"type-product","3":"status-publish","4":"has-post-thumbnail","6":"product_cat-parfummusk","7":"product_cat-grossiste-parfum-lattafa","8":"product_cat-grossiste-parfums-de-dubai","10":"first","11":"instock","12":"shipping-taxable","13":"purchasable","14":"product-type-simple"},"_links":{"self":[{"href":"https:\/\/ventesengros.fr\/it\/wp-json\/wp\/v2\/product\/57844","targetHints":{"allow":["GET"]}}],"collection":[{"href":"https:\/\/ventesengros.fr\/it\/wp-json\/wp\/v2\/product"}],"about":[{"href":"https:\/\/ventesengros.fr\/it\/wp-json\/wp\/v2\/types\/product"}],"wp:featuredmedia":[{"embeddable":true,"href":"https:\/\/ventesengros.fr\/it\/wp-json\/wp\/v2\/media\/57845"}],"wp:attachment":[{"href":"https:\/\/ventesengros.fr\/it\/wp-json\/wp\/v2\/media?parent=57844"}],"wp:term":[{"taxonomy":"product_brand","embeddable":true,"href":"https:\/\/ventesengros.fr\/it\/wp-json\/wp\/v2\/product_brand?post=57844"},{"taxonomy":"product_cat","embeddable":true,"href":"https:\/\/ventesengros.fr\/it\/wp-json\/wp\/v2\/product_cat?post=57844"},{"taxonomy":"product_tag","embeddable":true,"href":"https:\/\/ventesengros.fr\/it\/wp-json\/wp\/v2\/product_tag?post=57844"}],"curies":[{"name":"wp","href":"https:\/\/api.w.org\/{rel}","templated":true}]}}