{"id":41321,"date":"2021-02-03T18:35:45","date_gmt":"2021-02-03T17:35:45","guid":{"rendered":"https:\/\/ventesengros.fr\/?post_type=product&#038;p=41321"},"modified":"2026-02-10T09:44:40","modified_gmt":"2026-02-10T08:44:40","slug":"huile-de-rue-30ml","status":"publish","type":"product","link":"https:\/\/ventesengros.fr\/it\/grossiste\/olio-di-strada-30ml\/","title":{"rendered":"Olio di ruta (Ruta Graveolens) 30 ml (confezione da 12)"},"content":{"rendered":"<p>L'olio di ruta, conosciuto con il nome latino di \u00abRuta Graveolens\u00bb, \u00e8 ora disponibile presso Orient Grossiste. Richiesto dai nostri clienti, l'olio ottenuto da questo piccolo arbusto della famiglia delle Rutaceae \u00e8 eccellente per vari motivi. Tuttavia, il pi\u00f9 interessante \u00e8 la capacit\u00e0 dell'olio di combattere le malattie occulte e la stregoneria. Vi spieghiamo tutto nei dettagli, in modo che possiate farne il miglior uso possibile.<span class=\"Apple-converted-space\">\u00a0<\/span><\/p>\n<h2><b>Olio di ruta: noto per combattere i djinn<\/b><\/h2>\n<p>In letteratura si trova con vari nomi: olio di fico, olio di giardino, saddab per i brufoli, ecc.<\/p>\n<p>Venduto in bottiglie da 1 litro, siete liberi di usarlo come volete. Sia per il consumo personale che per la vendita al dettaglio in contenitori da 60 ml.<\/p>\n<p>L'olio di Ruta Graveolens \u00e8 molto difficile da tollerare per i djinn. Il suo odore forte e amaro pu\u00f2 essere sgradevole, ma \u00e8 ancora pi\u00f9 utile per questo. Ed \u00e8 il motivo per cui viene usato che mette in prospettiva l'intero mito del suo odore sgradevole. Come molti dei rimedi derivati dalla Medicina Profetica, l'olio di fico pu\u00f2 essere coranizzato. In altre parole, alcuni versetti del Corano vengono recitati su di esso mentre si sputa all'interno del contenitore. Si tratta di una pratica lecita che, con il permesso di Allah, spaventa i jinn una volta che la sostanza \u00e8 stata ingerita o massaggiata nel corpo.<span class=\"Apple-converted-space\">\u00a0<\/span><\/p>\n<h2><b>Un olio noto nel Medioevo come potente antisettico<\/b><\/h2>\n<p>Questo olio dall'odore forte \u00e8 espressamente la traduzione latina della parola Graveolens :<\/p>\n<ul>\n<li>Grave (forte)<\/li>\n<li>Olor (odore).<span class=\"Apple-converted-space\">\u00a0<\/span><\/li>\n<\/ul>\n<p>Le caratteristiche di questa pianta fanno s\u00ec che il nome le si addica. Originaria dell'Ucraina e dei Balcani, questa pianta si \u00e8 rapidamente diffusa nel bacino del Mediterraneo. In Francia \u00e8 diventata famosa grazie all'aneddoto dell\u00ab\u00bbaceto dei 4 ladroni\". Questa storia risale al XIV secolo nel sud della Francia, quando i briganti saccheggiavano le tombe dei defunti. Poich\u00e9 i defunti erano morti a causa della peste nera, i ladri continuarono i loro furti senza essere contaminati.<span class=\"Apple-converted-space\">\u00a0<\/span><\/p>\n<p>La verit\u00e0 venne fuori. Spiegarono che la loro soluzione, a base di olio di ruta, assenzio, rosmarino e altre piante aromatiche, era antisettica e preveniva la grande malattia del secolo. L'olio di ruta divenne popolare a questo scopo. Poco dopo la pianta fu inserita nel Codex della farmacopea francese.<span class=\"Apple-converted-space\">\u00a0<\/span><\/p>\n<h3><b>Scoprite altre soluzioni vantaggiose per Roqyah<\/b><\/h3>\n<p>Questo \u00e8 l'uso migliore che si possa fare dell'olio di strada. Per completare la vostra gamma di prodotti per la <a href=\"https:\/\/www.boutique-roqya-chariya.com\" target=\"_blank\" rel=\"noopener\"><strong>Roqyah<\/strong><\/a>, Il nostro negozio online ha quasi tutto quello che vi serve.<span class=\"Apple-converted-space\">\u00a0<\/span><\/p>\n<p>Se si cerca bene, \u00e8 facile trovare :<\/p>\n<ul>\n<li><strong><a href=\"https:\/\/ventesengros.fr\/it\/grossiste\/polvere-di-sidr-1-kg\/\">Foglie di giuggiolo<\/a><\/strong><span class=\"Apple-converted-space\">\u00a0<\/span><\/li>\n<li><a href=\"https:\/\/nigellesource.com\/accueil\/69-huile-de-costus-indien-60ml.htmlhttps:\/\/nigellesource.com\/accueil\/69-huile-de-costus-indien-60ml.html\" target=\"_blank\" rel=\"noopener\"><strong>Olio di carota indiana<\/strong><\/a><\/li>\n<li>Foglia di senna<\/li>\n<\/ul>\n<p>Meno conosciuto rispetto ai prodotti precedenti, l'olio di fico \u00e8 altrettanto efficace. Se siete abituati a preparare il vostro Roqyah, questo potrebbe essere un prodotto molto interessante. Se non ne avete mai sentito parlare, \u00e8 giunto il momento di scoprirlo.<\/p>","protected":false},"excerpt":{"rendered":"<p>Vi offriamo questo lotto di olio di strada (Soudab)\u00a0<strong><span style=\"color: #0000ff;\"><span style=\"caret-color: #0000ff;\">venduto in confezioni da 12<\/span>.<\/span><\/strong><b><\/b><\/p>\n<p>Prodotto utilizzato per il trattamento di vari disturbi e per Roqya e Sihr.<\/p>\n<p>Prezzo al pubblico consigliato: 6,90 euro l'uno.<\/p>\n<p>Ricevere uno sconto di 10% per ordini superiori a 10 lotti (<span style=\"color: #ff0000;\"><a style=\"color: #ff0000;\" href=\"https:\/\/ventesengros.fr\/it\/contatto-2\/\"><strong>contattateci<\/strong><\/a><\/span>).<\/p>","protected":false},"featured_media":41322,"template":"","meta":[],"product_brand":[],"product_cat":[1372,1536,201,59],"product_tag":[],"class_list":{"0":"post-41321","1":"product","2":"type-product","3":"status-publish","4":"has-post-thumbnail","6":"product_cat-roqya","7":"product_cat-grossiste-huile-de-rue","8":"product_cat-huiles-soin-et-bien-etre","9":"product_cat-soin-et-bien-etre","11":"first","12":"instock","13":"shipping-taxable","14":"purchasable","15":"product-type-simple"},"_links":{"self":[{"href":"https:\/\/ventesengros.fr\/it\/wp-json\/wp\/v2\/product\/41321","targetHints":{"allow":["GET"]}}],"collection":[{"href":"https:\/\/ventesengros.fr\/it\/wp-json\/wp\/v2\/product"}],"about":[{"href":"https:\/\/ventesengros.fr\/it\/wp-json\/wp\/v2\/types\/product"}],"wp:featuredmedia":[{"embeddable":true,"href":"https:\/\/ventesengros.fr\/it\/wp-json\/wp\/v2\/media\/41322"}],"wp:attachment":[{"href":"https:\/\/ventesengros.fr\/it\/wp-json\/wp\/v2\/media?parent=41321"}],"wp:term":[{"taxonomy":"product_brand","embeddable":true,"href":"https:\/\/ventesengros.fr\/it\/wp-json\/wp\/v2\/product_brand?post=41321"},{"taxonomy":"product_cat","embeddable":true,"href":"https:\/\/ventesengros.fr\/it\/wp-json\/wp\/v2\/product_cat?post=41321"},{"taxonomy":"product_tag","embeddable":true,"href":"https:\/\/ventesengros.fr\/it\/wp-json\/wp\/v2\/product_tag?post=41321"}],"curies":[{"name":"wp","href":"https:\/\/api.w.org\/{rel}","templated":true}]}}