{"id":38352,"date":"2020-04-23T14:12:37","date_gmt":"2020-04-23T13:12:37","guid":{"rendered":"https:\/\/ventesengros.fr\/?post_type=product&#038;p=38352"},"modified":"2024-09-23T07:27:37","modified_gmt":"2024-09-23T06:27:37","slug":"huile-de-roquette-en-gros","status":"publish","type":"product","link":"https:\/\/ventesengros.fr\/it\/grossiste\/olio-di-rucola-sfuso-2\/","title":{"rendered":"Olio di rucola (da litro o bottiglia da 60ml\/120ml)"},"content":{"rendered":"<p>Non state sognando, l'olio di rucola deriva dalla foglia dell'insalata dalle note pepate. Ottenuto con lo stesso procedimento dell'olio di carota, \u00e8 un macerato di radici di rucola immerso in una soluzione oleosa. Spesso si tratta di olio di girasole.<\/p>\n<h2><b>Olio di rucola: un tonico naturale per i capelli<\/b><\/h2>\n<p>Come molti oli presenti sul mercato, si tratta di un olio benefico che migliora la fibra capillare. Nutre il cuoio capelluto secco, donando volume e lucentezza. Inoltre, rallenta la caduta dei capelli e ne stimola la crescita. Questo \u00e8 essenzialmente ci\u00f2 che fa per la bellezza.<\/p>\n<p>\u00c8 importante sapere che questo olio rafforza la fibra capillare e aiuta a riparare le doppie punte. Viene spesso utilizzato in combinazione con\u2019<a href=\"https:\/\/www.ricinshop.com\" target=\"_blank\" rel=\"noopener noreferrer\"><strong>olio di ricino<\/strong><\/a>.<\/p>\n<p>Tuttavia, l'olio di rucola \u00e8 riconosciuto anche in aromaterapia. La sua azione antimicrobica e disintossicante \u00e8 benefica per la salute.<\/p>\n<h2><b>La rucola negli alimenti<\/b><\/h2>\n<p>L'insalata fa bene anche all'organismo. A differenza dell'olio d'oliva, \u00e8 molto ricca di acidi grassi polinsaturi. Favorisce l'attivit\u00e0 cardiaca. Ricca di ferro, \u00e8 consigliata a chi soffre di anemia. Sia le foglie che l'olio possono essere utilizzati negli alimenti. Entrambi aggiungono sapore ai cibi. L'aspetto pi\u00f9 apprezzato della rucola \u00e8 il suo sapore pepato. Aggiunge carattere all'insalata e si sposa meravigliosamente con le solite verdure presenti nelle nostre insalate.<\/p>\n<p>Si dice che l'olio di rucola abbia anche propriet\u00e0 diuretiche e contribuisca a ridurre l'effetto della nicotina nell'organismo. Ha anche propriet\u00e0 afrodisiache e stimola la libido.<\/p>\n<p>Ma non dimenticate che l'azione principale del razzo \u00e8 sui capelli.<\/p>\n<p>Foto non contrattuale<\/p>\n<p>Tutti i nostri prodotti sono disponibili in white label (<a href=\"https:\/\/ventesengros.fr\/it\/contatto-2\/\"><strong>su richiesta<\/strong><\/a>)<\/p>\n<p>Prezzo decrescente su 10 lotti di sconto di 10% (<a href=\"https:\/\/ventesengros.fr\/it\/contatto-2\/\"><strong>sulla quotazione<\/strong><\/a>)<\/p>","protected":false},"excerpt":{"rendered":"<p>Offriamo questo olio alla rucola in <strong><span style=\"color: #0000ff;\">Bottiglia da 1 litro o 12 bottiglie 60 ml \/ 120ml<\/span><\/strong> con o senza etichetta. <strong>Prezzi del tapering.<\/strong><\/p>\n<ul>\n<li><b>Prezzo al litro <span class=\"Apple-converted-space\">\u00a0 <\/span>:<\/b>\u00a0<span style=\"color: #ff0000;\"><strong>24,90\u20ac<\/strong><\/span><\/li>\n<li><b>Prezzo del flacone da 120 ml <span class=\"Apple-converted-space\">\u00a0 <\/span>:<\/b>\u00a0<strong><span style=\"color: #ff0000;\">5,39\u20ac<\/span><\/strong><\/li>\n<li><b>Prezzo del flacone da 60 ml <span class=\"Apple-converted-space\">\u00a0 <\/span>:<\/b>\u00a0<span style=\"color: #ff0000;\"><strong>3,49\u20ac<\/strong><\/span><\/li>\n<\/ul>\n<p><span style=\"color: #ff0000;\"><b>Per pi\u00f9 di 3 lotti, scegliere una quantit\u00e0 nel carrello.<\/b><\/span><\/p>\n<p>Ricevere uno sconto di 10% per ordini superiori a 10 lotti (<span style=\"color: #ff0000;\"><a style=\"color: #ff0000;\" href=\"https:\/\/ventesengros.fr\/it\/contatto-2\/\"><strong>contattateci<\/strong><\/a><\/span>).<\/p>","protected":false},"featured_media":38364,"template":"","meta":[],"product_brand":[],"product_cat":[59,290,201,606],"product_tag":[],"class_list":{"0":"post-38352","1":"product","2":"type-product","3":"status-publish","4":"has-post-thumbnail","6":"product_cat-soin-et-bien-etre","7":"product_cat-autre","8":"product_cat-huiles-soin-et-bien-etre","9":"product_cat-vrac-par-litre","10":"pa_lot-1-lot-1-litre-2490e-le-litre","11":"pa_lot-1-lot-12-bouteilles-120ml-589e-la-bouteille","12":"pa_lot-1-lot-12-bouteilles-60ml-389e-la-bouteille","13":"pa_lot-2-lots-2-litres-2390e-le-litre","14":"pa_lot-2-lots-24-bouteilles-369e-la-bouteille","15":"pa_lot-2-lot-24-bouteilles-120ml-569e-la-bouteille","16":"pa_lot-3-lots-3-litres-2290e-le-litre","17":"pa_lot-3-lot-36-bouteilles-120ml-539e-la-bouteille","18":"pa_lot-3-lots-36-bouteilles-60ml-349e-la-bouteille","20":"first","21":"instock","22":"shipping-taxable","23":"purchasable","24":"product-type-variable"},"_links":{"self":[{"href":"https:\/\/ventesengros.fr\/it\/wp-json\/wp\/v2\/product\/38352","targetHints":{"allow":["GET"]}}],"collection":[{"href":"https:\/\/ventesengros.fr\/it\/wp-json\/wp\/v2\/product"}],"about":[{"href":"https:\/\/ventesengros.fr\/it\/wp-json\/wp\/v2\/types\/product"}],"wp:featuredmedia":[{"embeddable":true,"href":"https:\/\/ventesengros.fr\/it\/wp-json\/wp\/v2\/media\/38364"}],"wp:attachment":[{"href":"https:\/\/ventesengros.fr\/it\/wp-json\/wp\/v2\/media?parent=38352"}],"wp:term":[{"taxonomy":"product_brand","embeddable":true,"href":"https:\/\/ventesengros.fr\/it\/wp-json\/wp\/v2\/product_brand?post=38352"},{"taxonomy":"product_cat","embeddable":true,"href":"https:\/\/ventesengros.fr\/it\/wp-json\/wp\/v2\/product_cat?post=38352"},{"taxonomy":"product_tag","embeddable":true,"href":"https:\/\/ventesengros.fr\/it\/wp-json\/wp\/v2\/product_tag?post=38352"}],"curies":[{"name":"wp","href":"https:\/\/api.w.org\/{rel}","templated":true}]}}