{"id":38228,"date":"2020-05-07T10:48:41","date_gmt":"2020-05-07T09:48:41","guid":{"rendered":"https:\/\/ventesengros.fr\/?post_type=product&#038;p=38228"},"modified":"2023-06-22T12:18:32","modified_gmt":"2023-06-22T11:18:32","slug":"huile-de-carotte","status":"publish","type":"product","link":"https:\/\/ventesengros.fr\/it\/grossiste\/olio-di-carota\/","title":{"rendered":"Olio di carota (da litro o bottiglia da 60ml\/120ml)"},"content":{"rendered":"<p>Pu\u00f2 sembrare sorprendente che un ortaggio abbia benefici per la pelle. Ma nel caso dell'olio di carota, questa teoria \u00e8 valida. E presto vi accorgerete che quest'olio ha tantissimi benefici per la vitalit\u00e0 della pelle.<\/p>\n<h2><b>Olio per capelli di carota: molto ricco di beta-carotene.<\/b><\/h2>\n<p>L'olio di carota \u00e8 un preparato oleoso ottenuto da<span class=\"Apple-converted-space\">\u00a0 <\/span>Macerazione di radici di carota. Le radici vengono poi mescolate con un olio di base, come l'olio di girasole. Nell'olio di carota, le radici sono la base dell'ortaggio. Esse contengono tutti i nutrienti e i concentrati che hanno aiutato l'ortaggio a crescere. Come tutti gli ortaggi arancioni, l'olio di carota \u00e8 molto ricco di betacarotene. Questo nutriente \u00e8 noto come vitamina pro A, ed \u00e8 molto ben assimilabile con la vitamina E. La carota \u00e8 il secondo ortaggio pi\u00f9 concentrato in termini di beta-carotene, subito dopo la patata dolce e prima della zucca. Anche il mango ne contiene una quantit\u00e0 significativa. \u00c8 quindi essenzialmente questa sostanza presente nell'olio di carota che <a href=\"https:\/\/www.kardoune-cheveux.com\/produit\/huile-de-carotte\/\" target=\"_blank\" rel=\"noopener\"><strong>determinare i benefici per la pelle e i capelli<\/strong><\/a>.<\/p>\n<h2><b>Vitamina pro A: un ruolo chiave per la pelle<\/b><\/h2>\n<p>Nell'olio d'arancia, questa vitamina \u00e8 quella che conferisce al viso e alla pelle un ottimo colorito. In effetti, nel gergo della bellezza, si parla di \u00abluminosit\u00e0 sana\u00bb.<\/p>\n<p>La sua azione autoabbronzante permette alla pelle di sfruttare i raggi ultravioletti e di aggiungere un po' di colore in tutta modestia. Svolge quindi un ruolo nella pigmentazione della pelle. <a href=\"https:\/\/ventesengros.fr\/it\/grossiste\/polvere-di-buccia-di-melograno-da-un-chilo-2\/\"><strong>pelle<\/strong><\/a>. Contribuisce inoltre a rinnovare le cellule della pelle e delle mucose. Questa azione contribuisce a combattere l'invecchiamento cutaneo.<\/p>\n<p>Ecco quindi in sintesi le funzioni essenziali di questo olio d'arancia: aiuto all'abbronzatura e azione antiossidante.<\/p>","protected":false},"excerpt":{"rendered":"<p>Questo olio di carota \u00e8 disponibile in <span style=\"color: #0000ff;\"><b>Bottiglia da 1 litro o 12 bottiglie 60 ml \/ 120ml<\/b>.<\/span><\/p>\n<p><span style=\"color: #000000;\"><strong>Prezzo del tapering<\/strong>.<\/span><\/p>\n<ul>\n<li><b>Prezzo al litro <span class=\"Apple-converted-space\">\u00a0 <\/span>:<\/b>\u00a0<span style=\"color: #ff0000;\"><strong>22,90\u20ac<\/strong><\/span><\/li>\n<li><b>Prezzo del flacone da 120 ml <span class=\"Apple-converted-space\">\u00a0 <\/span>:<\/b>\u00a0<strong><span style=\"color: #ff0000;\">5,39\u20ac<\/span><\/strong><\/li>\n<li><b>Prezzo del flacone da 60 ml <span class=\"Apple-converted-space\">\u00a0 <\/span>:<\/b>\u00a0<span style=\"color: #ff0000;\"><strong>3,49\u20ac<\/strong><\/span><\/li>\n<\/ul>\n<p><span style=\"color: #ff0000;\"><b>Per pi\u00f9 di 3 lotti, scegliere una quantit\u00e0 nel carrello.<\/b><\/span><\/p>\n<p>Ricevere uno sconto di 10% per ordini superiori a 10 lotti (<span style=\"color: #ff0000;\"><a style=\"color: #ff0000;\" href=\"https:\/\/ventesengros.fr\/it\/contatto-2\/\"><strong>contattateci<\/strong><\/a><\/span>).<\/p>","protected":false},"featured_media":38239,"template":"","meta":[],"product_brand":[],"product_cat":[59,290,201,606],"product_tag":[],"class_list":{"0":"post-38228","1":"product","2":"type-product","3":"status-publish","4":"has-post-thumbnail","6":"product_cat-soin-et-bien-etre","7":"product_cat-autre","8":"product_cat-huiles-soin-et-bien-etre","9":"product_cat-vrac-par-litre","10":"pa_lot-1-lot-1-litre-2490e-le-litre","11":"pa_lot-1-lot-12-bouteilles-120ml-589e-la-bouteille","12":"pa_lot-1-lot-12-bouteilles-60ml-389e-la-bouteille","13":"pa_lot-2-lots-2-litres-2390e-le-litre","14":"pa_lot-2-lot-24-bouteilles-120ml-569e-la-bouteille","15":"pa_lot-2-lots-24-bouteilles-60ml-369e-la-bouteille","16":"pa_lot-3-lots-3-litres-2290e-le-litre","17":"pa_lot-3-lot-36-bouteilles-120ml-539e-la-bouteille","18":"pa_lot-3-lots-36-bouteilles-60ml-349e-la-bouteille","20":"first","21":"instock","22":"shipping-taxable","23":"purchasable","24":"product-type-variable"},"_links":{"self":[{"href":"https:\/\/ventesengros.fr\/it\/wp-json\/wp\/v2\/product\/38228","targetHints":{"allow":["GET"]}}],"collection":[{"href":"https:\/\/ventesengros.fr\/it\/wp-json\/wp\/v2\/product"}],"about":[{"href":"https:\/\/ventesengros.fr\/it\/wp-json\/wp\/v2\/types\/product"}],"wp:featuredmedia":[{"embeddable":true,"href":"https:\/\/ventesengros.fr\/it\/wp-json\/wp\/v2\/media\/38239"}],"wp:attachment":[{"href":"https:\/\/ventesengros.fr\/it\/wp-json\/wp\/v2\/media?parent=38228"}],"wp:term":[{"taxonomy":"product_brand","embeddable":true,"href":"https:\/\/ventesengros.fr\/it\/wp-json\/wp\/v2\/product_brand?post=38228"},{"taxonomy":"product_cat","embeddable":true,"href":"https:\/\/ventesengros.fr\/it\/wp-json\/wp\/v2\/product_cat?post=38228"},{"taxonomy":"product_tag","embeddable":true,"href":"https:\/\/ventesengros.fr\/it\/wp-json\/wp\/v2\/product_tag?post=38228"}],"curies":[{"name":"wp","href":"https:\/\/api.w.org\/{rel}","templated":true}]}}