{"id":37108,"date":"2018-10-19T16:00:49","date_gmt":"2018-10-19T15:00:49","guid":{"rendered":"https:\/\/ventesengros.fr\/?post_type=product&#038;p=37108"},"modified":"2022-06-30T23:04:49","modified_gmt":"2022-06-30T22:04:49","slug":"gelule-de-fenouil","status":"publish","type":"product","link":"https:\/\/ventesengros.fr\/it\/grossiste\/gelulato-di-finocchio-2\/","title":{"rendered":"Capsula di finocchio"},"content":{"rendered":"<p><strong>Finocchio, <\/strong><\/p>\n<p>Le <strong>finocchio<\/strong> (<em>foeniculum vulgare<\/em>) \u00e8 una pianta perenne della famiglia delle Apiaceae o Umbillifera.<\/p>\n<p>Sebbene un tempo il finocchio fosse considerato una pianta dai poteri magici (associata alla magia bianca), le sue virt\u00f9 terapeutiche si sono dimostrate valide nel corso degli anni e oggi sono disponibili in varie forme, tra cui le capsule.<\/p>\n<p><strong>Capsule di finocchio: benefici reali, una formula naturale 100%<\/strong><\/p>\n<p>Progettato e sviluppato con la massima attenzione, il <strong>capsula di finocchio<\/strong> vi offre il meglio della natura. Un concentrato di benefici specifici di cui godere ogni giorno.<\/p>\n<p>Il finocchio \u00e8 noto per i suoi usi medicinali. Il <strong>capsula di finocchio<\/strong> In particolare, aiuta a prevenire alcune malattie legate alle vie respiratorie e all'apparato digerente. \u00c8 adatto, ad esempio, per il trattamento dei disturbi digestivi. Grazie alle propriet\u00e0 antinfiammatorie del finocchio, la capsula aiuta a ridurre l'infiammazione delle vie respiratorie. Gli effetti benefici delle capsule di finocchio si riflettono anche nella loro azione estrogenica, molto efficace nelle donne (dismenorrea, amenorrea, irsutismo).<\/p>\n<p>La <strong>capsula di finocchio<\/strong> \u00e8 una formula naturale 100 % (polvere di frutti di finocchio e involucro vegetale), con una serie di propriet\u00e0 che la rendono un eccellente integratore alimentare, particolarmente indicato per chi vuole aumentare la propria massa muscolare. Il prodotto \u00e8 noto anche per i suoi effetti appetibili (aumenta l'appetito). Tuttavia, il suo consumo quotidiano non deve sostituire una dieta equilibrata e varia.<a href=\"https:\/\/ventesengros.fr\/wp-content\/uploads\/2018\/10\/G\u00e9lule-de-Fenouil.jpg\"><img loading=\"lazy\" decoding=\"async\" class=\"aligncenter size-full wp-image-37109\" src=\"https:\/\/ventesengros.fr\/wp-content\/uploads\/2018\/10\/G\u00e9lule-de-Fenouil.jpg\" alt=\"\" width=\"951\" height=\"618\" srcset=\"https:\/\/ventesengros.fr\/wp-content\/uploads\/2018\/10\/G\u00e9lule-de-Fenouil.jpg 951w, https:\/\/ventesengros.fr\/wp-content\/uploads\/2018\/10\/G\u00e9lule-de-Fenouil-600x390.jpg 600w, https:\/\/ventesengros.fr\/wp-content\/uploads\/2018\/10\/G\u00e9lule-de-Fenouil-300x195.jpg 300w, https:\/\/ventesengros.fr\/wp-content\/uploads\/2018\/10\/G\u00e9lule-de-Fenouil-768x499.jpg 768w, https:\/\/ventesengros.fr\/wp-content\/uploads\/2018\/10\/G\u00e9lule-de-Fenouil-510x331.jpg 510w\" sizes=\"auto, (max-width: 951px) 100vw, 951px\" \/><\/a><\/p>","protected":false},"excerpt":{"rendered":"<p>Le fenouil, Le fenouil (foeniculum vulgare) est une plante vivace faisant partie de la famille des apiac\u00e9es ou ombillif\u00e8res. Si le fenouil \u00e9tait jadis consid\u00e9r\u00e9 comme une plante aux pouvoirs magiques (associ\u00e9e\u00a0 \u00e0 la magie blanche), ses vertus th\u00e9rapeutiques ont belles et bien fait leur preuve au fil des ann\u00e9es et sont d\u00e9sormais repr\u00e9sent\u00e9es sous [&#8230;]\n","protected":false},"featured_media":37109,"template":"","meta":[],"product_brand":[],"product_cat":[1509],"product_tag":[],"class_list":{"0":"post-37108","1":"product","2":"type-product","3":"status-publish","4":"has-post-thumbnail","6":"product_cat-huiles-de-ricin-en-gros","8":"first","9":"instock","10":"shipping-taxable","11":"product-type-simple"},"_links":{"self":[{"href":"https:\/\/ventesengros.fr\/it\/wp-json\/wp\/v2\/product\/37108","targetHints":{"allow":["GET"]}}],"collection":[{"href":"https:\/\/ventesengros.fr\/it\/wp-json\/wp\/v2\/product"}],"about":[{"href":"https:\/\/ventesengros.fr\/it\/wp-json\/wp\/v2\/types\/product"}],"wp:featuredmedia":[{"embeddable":true,"href":"https:\/\/ventesengros.fr\/it\/wp-json\/wp\/v2\/media\/37109"}],"wp:attachment":[{"href":"https:\/\/ventesengros.fr\/it\/wp-json\/wp\/v2\/media?parent=37108"}],"wp:term":[{"taxonomy":"product_brand","embeddable":true,"href":"https:\/\/ventesengros.fr\/it\/wp-json\/wp\/v2\/product_brand?post=37108"},{"taxonomy":"product_cat","embeddable":true,"href":"https:\/\/ventesengros.fr\/it\/wp-json\/wp\/v2\/product_cat?post=37108"},{"taxonomy":"product_tag","embeddable":true,"href":"https:\/\/ventesengros.fr\/it\/wp-json\/wp\/v2\/product_tag?post=37108"}],"curies":[{"name":"wp","href":"https:\/\/api.w.org\/{rel}","templated":true}]}}