{"id":35865,"date":"2016-11-24T16:05:23","date_gmt":"2016-11-24T15:05:23","guid":{"rendered":"https:\/\/ventesengros.fr\/grossiste\/fiole-vide-60ml-marrakech\/"},"modified":"2022-06-30T23:05:03","modified_gmt":"2022-06-30T22:05:03","slug":"fiole-vide-60ml-marrakech","status":"publish","type":"product","link":"https:\/\/ventesengros.fr\/it\/grossiste\/fiaschetta-vuota-60ml-marrakech\/","title":{"rendered":"Fiaschetta vuota Marrakech da 60 ml (confezione da 12)"},"content":{"rendered":"<p><b>Oriente<\/b> <b>Grossista<\/b> \u00e8 un sito online specializzato nella vendita di <b>alla rinfusa<\/b> in particolare alle aziende che desiderano vendere prodotti al dettaglio (fiaschetta vuota da 60 ml, siwak, miele, ecc.). Ci impegniamo ad offrire prodotti di qualit\u00e0 a prezzi competitivi, nonch\u00e9 nuovi prodotti su base regolare per soddisfare la crescente e mutevole domanda dei clienti.<\/p>\n<h2><strong>Presentazione della fiala vuota da 60 ml:<\/strong><\/h2>\n<p>Il tuo <b>grossista online<\/b> nella categoria \u00abbazar islamico\u00bb. <b>fiale vuote<\/b> Capacit\u00e0 di 60 ml, dimensioni ridotte e finiture precise per la rivendita al dettaglio. Naturalmente \u00e8 possibile rivenderli vuoti, in modo che i clienti possano scegliere di riempirli da soli con i prodotti di loro scelta, oppure riempirli da soli con oli essenziali, ad esempio, polveri alimentari, cosmetici o altri prodotti, a seconda delle necessit\u00e0.<\/p>\n<p>Nella categoria \u00abCura e benessere\u00bb, vi offriamo una gamma di prodotti complementari che potete utilizzare per soddisfare le vostre esigenze. <b>bottiglie vuote<\/b>, Si tratta di oli essenziali naturali, oli da massaggio e molti altri.<\/p>\n<p>Si pu\u00f2 anche scegliere di riempire le fiale con profumi come i muschi o qualsiasi altro liquido e polvere preziosi da conservare.<\/p>\n<p>Il vostro grossista online \u00abOrient Grossiste\u00bb vi offre questi <b>fiale trasparenti<\/b> venduti in lotti da 12 al prezzo <b>economico<\/b> Maggiore \u00e8 la quantit\u00e0 acquistata, minore \u00e8 il prezzo unitario. Per facilitare la rivendita di questi prodotti, abbiamo fornito un prezzo di rivendita consigliato basato sui prezzi di mercato attuali.<\/p>\n<p>Quando le fiale vengono imballate in scatole, saranno ovviamente protette con cura per evitare rotture o incrinature durante il trasporto.<\/p>\n<p>Non esitate a contattare il Servizio Clienti in caso di domande o di necessit\u00e0 di ulteriori informazioni: siamo disponibili in orari molto flessibili per servirvi.<\/p>\n<p>&nbsp;<\/p>\n<p>&nbsp;<\/p>\n<p>&nbsp;<\/p>\n<p>&nbsp;<\/p>","protected":false},"excerpt":{"rendered":"<p>Vi offriamo questi <strong>Boccette vuote 60mL Marrakech\u00a0<\/strong>venduti in confezioni da 12 a 2,19 euro l'uno.<\/p>\n<p>1 lotto :\u00a0<span style=\"color: #0ad227;\">2,19\u20ac\/Pezzo<\/span><br \/>\n2 lotti : <span style=\"color: #ff7100;\">2,09\u20ac\/Pezzo<\/span><br \/>\n3 lotti e pi\u00f9 : <span style=\"color: #ff0000;\">1,99\u20ac\/Pezzo<\/span><\/p>","protected":false},"featured_media":35869,"template":"","meta":[],"product_brand":[],"product_cat":[60,323],"product_tag":[1158,258,1157,974,688],"class_list":{"0":"post-35865","1":"product","2":"type-product","3":"status-publish","4":"has-post-thumbnail","6":"product_cat-bazar","7":"product_cat-flacon-vide-bazar","8":"product_tag-artisanat","9":"product_tag-en-gros","10":"product_tag-fiole-vide-marrakech","11":"product_tag-grossiste","12":"product_tag-maroc","13":"pa_lot-158","14":"pa_lot-160","15":"pa_lot-159","17":"first","18":"instock","19":"shipping-taxable","20":"purchasable","21":"product-type-simple"},"_links":{"self":[{"href":"https:\/\/ventesengros.fr\/it\/wp-json\/wp\/v2\/product\/35865","targetHints":{"allow":["GET"]}}],"collection":[{"href":"https:\/\/ventesengros.fr\/it\/wp-json\/wp\/v2\/product"}],"about":[{"href":"https:\/\/ventesengros.fr\/it\/wp-json\/wp\/v2\/types\/product"}],"wp:featuredmedia":[{"embeddable":true,"href":"https:\/\/ventesengros.fr\/it\/wp-json\/wp\/v2\/media\/35869"}],"wp:attachment":[{"href":"https:\/\/ventesengros.fr\/it\/wp-json\/wp\/v2\/media?parent=35865"}],"wp:term":[{"taxonomy":"product_brand","embeddable":true,"href":"https:\/\/ventesengros.fr\/it\/wp-json\/wp\/v2\/product_brand?post=35865"},{"taxonomy":"product_cat","embeddable":true,"href":"https:\/\/ventesengros.fr\/it\/wp-json\/wp\/v2\/product_cat?post=35865"},{"taxonomy":"product_tag","embeddable":true,"href":"https:\/\/ventesengros.fr\/it\/wp-json\/wp\/v2\/product_tag?post=35865"}],"curies":[{"name":"wp","href":"https:\/\/api.w.org\/{rel}","templated":true}]}}