{"id":34637,"date":"2016-05-23T09:58:49","date_gmt":"2016-05-23T08:58:49","guid":{"rendered":"https:\/\/ventesengros.fr\/grossiste\/chajarat-mariam-poudre-25g\/"},"modified":"2022-06-30T23:08:43","modified_gmt":"2022-06-30T22:08:43","slug":"chajarat-mariam-poudre-25g","status":"publish","type":"product","link":"https:\/\/ventesengros.fr\/it\/grossiste\/polvere-di-mariam-chajarat-25g\/","title":{"rendered":"Polvere di Chajarat mariam (al chilo o in bustine da 25 g)"},"content":{"rendered":"<p>La<span class=\"Apple-converted-space\">\u00a0<\/span>La polvere di chajarat mariam \u00e8 il modo pi\u00f9 conveniente per beneficiare di questo rimedio terapeutico. Anche se l'uso di <a href=\"https:\/\/www.amlou.fr\/rose-de-jericho\/\" target=\"_blank\" rel=\"noopener noreferrer\"><strong>rosa di gerico<\/strong><\/a> \u00e8 di per s\u00e9 altrettanto efficace. Alcune persone sono pi\u00f9 inclini a usare il chajarat maryam in polvere per ragioni di velocit\u00e0 e facilit\u00e0.<\/p>\n<h2><b>Polvere di Chajarat mariam: tutti i benefici dei granuli di felce<\/b><\/h2>\n<p><span class=\"Apple-converted-space\">\u00a0<\/span>La pianta viene macinata direttamente in polvere, facilitando la preparazione di decotti. Questa tecnica richiede semplicit\u00e0. Una ciotola o una tazza di acqua calda \u00e8 tutto ci\u00f2 che serve per preparare una tisana. Aggiungere due cucchiaini di polvere di chajarat maryam. Gli effetti attesi saranno equivalenti a quelli della pianta essiccata.<\/p>\n<p><span class=\"Apple-converted-space\">\u00a0<\/span>Sebbene la Rosa di Gerico sia oggetto di molte superstizioni, \u00e8 in realt\u00e0 il suo effetto sulla fertilit\u00e0 che le donne cercano. Le varie leggende pagane su questa pianta sono esagerate e non hanno alcun fondamento. La polvere di Chajarat maryam \u00e8 quindi una felce la cui azione potrebbe stimolare la fecondazione e l'ovulazione. \u00c8 soprattutto questo effetto che si cerca di ottenere ingerendo tisane a base di corteccia di Gerico.<\/p>\n<h2><b>Altri benefici della Rosa di Gerico macinata<\/b><\/h2>\n<p>Tra le altre virt\u00f9 della polvere di chajarat mariam vi \u00e8 il suo effetto ipoglicemizzante. Bevuta come t\u00e8, aiuta a regolare l'indice glicemico. Di per s\u00e9, contribuisce a ridurre gli effetti indesiderati del diabete.<span class=\"Apple-converted-space\">\u00a0<\/span><\/p>\n<p><span class=\"Apple-converted-space\">\u00a0<\/span>In secondo luogo, la polvere di chajarat maryam \u00e8 efficace anche nel trattamento della congiuntivite e di altre allergie oculari. Di per s\u00e9, queste infezioni oculari sono spesso temporanee o stagionali. Tuttavia, causano un prurito molto fastidioso, che la pianta di Gerico aiuta ad alleviare. Quindi, in tempi di crisi, si consiglia di bere una tisana a base di chajarat maryam una volta al giorno.<\/p>\n<p>Foto non contrattuale.<\/p>","protected":false},"excerpt":{"rendered":"<p>Vi offriamo la polvere di chajarat mariam\u00a0<span style=\"color: #0000ff;\"><strong>venduto al chilo o in bustine da 25g<\/strong><\/span>. Con o senza etichetta.<\/p>\n<p><b>Prezzo al chilo :<\/b>\u00a0<span style=\"color: #ff0000;\"><strong>52\u20ac<\/strong><\/span><\/p>\n<p><b>Prezzo per sacchetto<span class=\"Apple-converted-space\">\u00a0<\/span>:<\/b>\u00a0<strong><span style=\"color: #ff0000;\">2,69\u20ac<\/span><\/strong><\/p>\n<p>&nbsp;<\/p>","protected":false},"featured_media":38048,"template":"","meta":[],"product_brand":[],"product_cat":[206,285,59],"product_tag":[1020,1184,258,974,688,268],"class_list":{"0":"post-34637","1":"product","2":"type-product","3":"status-publish","4":"has-post-thumbnail","6":"product_cat-alimentation","7":"product_cat-autres","8":"product_cat-soin-et-bien-etre","9":"product_tag-chajarat-mariam-25g","10":"product_tag-en","11":"product_tag-en-gros","12":"product_tag-grossiste","13":"product_tag-maroc","14":"product_tag-poudre","15":"pa_lot-1-lot-1-kg-59e-soit-59e-le-kilo","16":"pa_lot-1-lot-12-sachets-3588e-2-99e-le-sachet","17":"pa_lot-2-lots-2-kg-112e-soit-56e-le-kilo","18":"pa_lot-2-lot-24-sachets-6936e-2-89e-le-sachet","19":"pa_lot-3-lots-3-kg-56e-soit-56e-le-kilo","20":"pa_lot-3-lot-36-sachets-9684e-2-69e-le-sachet","22":"first","23":"instock","24":"featured","25":"shipping-taxable","26":"purchasable","27":"product-type-variable"},"_links":{"self":[{"href":"https:\/\/ventesengros.fr\/it\/wp-json\/wp\/v2\/product\/34637","targetHints":{"allow":["GET"]}}],"collection":[{"href":"https:\/\/ventesengros.fr\/it\/wp-json\/wp\/v2\/product"}],"about":[{"href":"https:\/\/ventesengros.fr\/it\/wp-json\/wp\/v2\/types\/product"}],"wp:featuredmedia":[{"embeddable":true,"href":"https:\/\/ventesengros.fr\/it\/wp-json\/wp\/v2\/media\/38048"}],"wp:attachment":[{"href":"https:\/\/ventesengros.fr\/it\/wp-json\/wp\/v2\/media?parent=34637"}],"wp:term":[{"taxonomy":"product_brand","embeddable":true,"href":"https:\/\/ventesengros.fr\/it\/wp-json\/wp\/v2\/product_brand?post=34637"},{"taxonomy":"product_cat","embeddable":true,"href":"https:\/\/ventesengros.fr\/it\/wp-json\/wp\/v2\/product_cat?post=34637"},{"taxonomy":"product_tag","embeddable":true,"href":"https:\/\/ventesengros.fr\/it\/wp-json\/wp\/v2\/product_tag?post=34637"}],"curies":[{"name":"wp","href":"https:\/\/api.w.org\/{rel}","templated":true}]}}