{"id":34520,"date":"2016-05-12T07:13:59","date_gmt":"2016-05-12T06:13:59","guid":{"rendered":"https:\/\/ventesengros.fr\/grossiste\/gant-de-gommage-haute-qualite-rouge-carmin\/"},"modified":"2023-08-15T10:07:23","modified_gmt":"2023-08-15T09:07:23","slug":"gant-de-gommage-haute-qualite-rouge-carmin","status":"publish","type":"product","link":"https:\/\/ventesengros.fr\/it\/grossiste\/guanto-di-pulizia-rosso-carminio-di-alta-qualita-2\/","title":{"rendered":"Guanto da camice rosso carminio di alta qualit\u00e0 X 12"},"content":{"rendered":"<p>In un momento in cui il mercato della moda e della bellezza \u00e8 al suo apice, in cui le aziende raddoppiano gli sforzi e investono somme astronomiche per presentare il prodotto migliore al fine di essere conosciute e riconosciute in tutto il mondo, ci sono prodotti di bellezza e di igiene che dimostrano la loro efficacia da molto tempo, come il Guanto Scrub di Alta Qualit\u00e0 di Orient Grossiste.<\/p>\n<p>Questo \u00e8 il caso di <b>guanto di lavaggio<\/b> originariamente utilizzato negli hammam orientali, si \u00e8 poi diffuso fino a diventare un must-have nei nostri bagni occidentali. Questo guanto esfoliante pu\u00f2 essere paragonato alla <b>guanto kessa<\/b>, Questo perch\u00e9 pulisce a fondo l'organismo. <b>Prendersi cura del proprio corpo<\/b> \u00e8 importante per la salute fisica e mentale.<\/p>\n<h2><strong>Il guanto lavante di alta qualit\u00e0, con componenti in grado di soddisfarvi:\u00a0<\/strong><\/h2>\n<p>Realizzato in materiale crespato, \u00e8 ideale per esfoliare le cellule morte in profondit\u00e0, lasciando la pelle morbida come la seta e priva di impurit\u00e0. Lo sfregamento della pelle \u00e8 anche un ottimo modo per attivare la circolazione sanguigna, facilitando la rigenerazione della pelle.<\/p>\n<p>Per quanto riguarda il nostro <b>CONSIGLIO D'USO<\/b> Per l'utente finale, si consiglia di riscaldare preventivamente il bagno ad alta temperatura e di utilizzare il sapone nero su tutto il corpo, ad esempio lasciandolo agire per 1-2 minuti e risciacquando poi con acqua calda. Una volta terminato, si pu\u00f2 usare il guanto per strofinare il corpo e poi risciacquare con il gel doccia abituale.<\/p>\n<h3><strong>Ottimo rapporto qualit\u00e0\/prezzo dal Marocco:<\/strong><\/h3>\n<p>Il tuo <b>grossista <\/b>voi<b> <\/b>offre questi prodotti in vendita <b>guanti per strofinare di alta qualit\u00e0 <\/b>di colore rosa, venduti in lotti da 12, direttamente dal Marocco, con un peso netto di 410 g ciascuno.<\/p>\n<p>Quindi \u00e8 possibile acquistare questi guanti <b>alla rinfusa<\/b>, a un prezzo molto competitivo. Inoltre, maggiore \u00e8 la quantit\u00e0 acquistata, minore \u00e8 il prezzo per lotto. Per facilitarvi le cose, vi consigliamo un prezzo di rivendita calcolato sulla base dei prezzi di mercato.<\/p>\n<p>Sul nostro sito online \u00e8 possibile acquistare prodotti complementari al sapone nero nella categoria cura e benessere.<\/p>\n<p><strong>PULIZIA:<\/strong><\/p>\n<p><strong>Colore:<\/strong>\u00a0rosso carminio<\/p>","protected":false},"excerpt":{"rendered":"<p>Vi offriamo questo\u00a0<strong>Guanto da camice di alta qualit\u00e0\u00a0<\/strong>venduto in confezioni da 12 pezzi.<\/p>\n<p>Prezzo al pubblico consigliato: 3,90-4,90 euro.<\/p>\n<p>1 lotto :\u00a0<span style=\"color: #0ad227;\">1,29\/pezzo X 12 = 15,48 euro<\/span><\/p>","protected":false},"featured_media":34545,"template":"","meta":[],"product_brand":[],"product_cat":[401],"product_tag":[258,386,974,274],"class_list":{"0":"post-34520","1":"product","2":"type-product","3":"status-publish","4":"has-post-thumbnail","6":"product_cat-produits-du-hammam","7":"product_tag-en-gros","8":"product_tag-gant-de-gommage-2","9":"product_tag-grossiste","10":"product_tag-qualite","11":"pa_lot-158","12":"pa_lot-160","13":"pa_lot-159","15":"first","16":"instock","17":"shipping-taxable","18":"purchasable","19":"product-type-simple"},"_links":{"self":[{"href":"https:\/\/ventesengros.fr\/it\/wp-json\/wp\/v2\/product\/34520","targetHints":{"allow":["GET"]}}],"collection":[{"href":"https:\/\/ventesengros.fr\/it\/wp-json\/wp\/v2\/product"}],"about":[{"href":"https:\/\/ventesengros.fr\/it\/wp-json\/wp\/v2\/types\/product"}],"wp:featuredmedia":[{"embeddable":true,"href":"https:\/\/ventesengros.fr\/it\/wp-json\/wp\/v2\/media\/34545"}],"wp:attachment":[{"href":"https:\/\/ventesengros.fr\/it\/wp-json\/wp\/v2\/media?parent=34520"}],"wp:term":[{"taxonomy":"product_brand","embeddable":true,"href":"https:\/\/ventesengros.fr\/it\/wp-json\/wp\/v2\/product_brand?post=34520"},{"taxonomy":"product_cat","embeddable":true,"href":"https:\/\/ventesengros.fr\/it\/wp-json\/wp\/v2\/product_cat?post=34520"},{"taxonomy":"product_tag","embeddable":true,"href":"https:\/\/ventesengros.fr\/it\/wp-json\/wp\/v2\/product_tag?post=34520"}],"curies":[{"name":"wp","href":"https:\/\/api.w.org\/{rel}","templated":true}]}}