{"id":34132,"date":"2016-03-30T11:42:56","date_gmt":"2016-03-30T10:42:56","guid":{"rendered":"https:\/\/ventesengros.fr\/grossiste\/musk-pakistan-3ml\/"},"modified":"2025-03-13T00:28:50","modified_gmt":"2025-03-12T23:28:50","slug":"musc-pakistan-3ml","status":"publish","type":"product","link":"https:\/\/ventesengros.fr\/it\/grossiste\/muschio-pakistano-3ml-2\/","title":{"rendered":"Muschio Pakistan 3mL (confezione da 12)"},"content":{"rendered":"<h5><\/h5>\n<p>Muschio o\u00a0<b>muschio pakistano 3ml<\/b>\u00a0\u00e8 il <b>fragranza<\/b> Lo stesso Profeta Muhammad (Sala Allahu \u2018Alayhi wa Salam) ne ha esaltato i numerosi meriti, tra cui il fatto che \u00e8 un profumo apprezzato dagli angeli e odiato dagli shayatins, e che rafforza l'anima.<\/p>\n<h2><strong>Artigianato autentico:<\/strong><\/h2>\n<p>Le <b>Muschio del Pakistan<\/b> \u00e8 particolarmente apprezzato per la sua purezza e autenticit\u00e0, in quanto viene realizzato da artigiani tradizionali per preservarne le propriet\u00e0. \u00c8 disponibile in pezzi, ma anche in <b>palla di muschio<\/b> per praticit\u00e0.<\/p>\n<p>Le <b>muschio a sfera dal Pakistan<\/b> come la maggior parte dei muschi, ha una capacit\u00e0 di 3ml. \u00c8 facile e pratico da applicare, grazie al suo effetto \u00abprofumo\".\u00ab\u00a0<b>continuare a lavorare<\/b>\u00a0\u00bbIn altre parole, si pu\u00f2 usare molto facilmente sul corpo o sui vestiti.<\/p>\n<p>Le dimensioni ridotte del flacone consentono di portarlo con s\u00e9 ovunque, soprattutto per i fratelli musulmani che desiderano applicare la Sunnah mentre si recano alla moschea, profumandosi al tempo stesso. <b>muschio.<\/b><\/p>\n<h3><strong>Il muschio pakistano 3ml un colpo di cuore che vi proponiamo:\u00a0<\/strong><\/h3>\n<p>Il tuo <b>grossista<\/b> \u00ab\u00a0<b>Grossista Oriente<\/b>\u00a0\u00bbcon sede in Marocco, mette in vendita <b>alla rinfusa<\/b> questi muschi di alta qualit\u00e0 provenienti dal Pakistan, che potrete vendere ai vostri clienti. Vi garantiamo muschi <b>senza alcool<\/b> venduti in lotti da 25, con un prezzo unitario decrescente all'aumentare della quantit\u00e0 acquistata.<\/p>\n<p>Per facilitarvi le cose, abbiamo indicato un prezzo di vendita \u00abconsigliato\u00bb che \u00e8 in linea con il mercato attuale. Potete anche approfittare del nostro servizio clienti, che pu\u00f2 darvi consigli e rispondere a qualsiasi domanda, in orari flessibili.<\/p>\n<p>Il tuo <b>grossista online<\/b> vi semplifica al massimo le cose offrendovi la consegna gratuita presso i nostri punti di riconsegna partner per ordini superiori a 5 kg.<\/p>\n<h5><\/h5>\n<p><b>Capacit\u00e0 :<\/b>3ml<br \/>\n<b><\/b><\/p>\n<p><strong>Lotto<\/strong>12 pezzi<\/p>\n<p><b>Peso:<\/b>20g\/pezzo<\/p>","protected":false},"excerpt":{"rendered":"<p>Vi offriamo questi\u00a0<strong>Muschio Pakistan 3mL (penna a sfera)<\/strong><strong>\u00a0<\/strong><strong>\u00a0<\/strong>venduto in confezioni da 12 pezzi.<\/p>\n<p>Prezzo al dettaglio consigliato: 2,69 euro<\/p>\n<p>1 lotto :\u00a0<span style=\"color: #0ad227;\">0,89\/pezzo X 12 = 10,68 euro<\/span><\/p>","protected":false},"featured_media":34136,"template":"","meta":[],"product_brand":[],"product_cat":[60,237],"product_tag":[258,974,1097,523],"class_list":{"0":"post-34132","1":"product","2":"type-product","3":"status-publish","4":"has-post-thumbnail","6":"product_cat-bazar","7":"product_cat-parfummusk","8":"product_tag-en-gros","9":"product_tag-grossiste","10":"product_tag-musc-tahara","11":"product_tag-musk-bille-3ml","12":"pa_lot-158","13":"pa_lot-160","14":"pa_lot-159","16":"first","17":"instock","18":"shipping-taxable","19":"purchasable","20":"product-type-simple"},"_links":{"self":[{"href":"https:\/\/ventesengros.fr\/it\/wp-json\/wp\/v2\/product\/34132","targetHints":{"allow":["GET"]}}],"collection":[{"href":"https:\/\/ventesengros.fr\/it\/wp-json\/wp\/v2\/product"}],"about":[{"href":"https:\/\/ventesengros.fr\/it\/wp-json\/wp\/v2\/types\/product"}],"wp:featuredmedia":[{"embeddable":true,"href":"https:\/\/ventesengros.fr\/it\/wp-json\/wp\/v2\/media\/34136"}],"wp:attachment":[{"href":"https:\/\/ventesengros.fr\/it\/wp-json\/wp\/v2\/media?parent=34132"}],"wp:term":[{"taxonomy":"product_brand","embeddable":true,"href":"https:\/\/ventesengros.fr\/it\/wp-json\/wp\/v2\/product_brand?post=34132"},{"taxonomy":"product_cat","embeddable":true,"href":"https:\/\/ventesengros.fr\/it\/wp-json\/wp\/v2\/product_cat?post=34132"},{"taxonomy":"product_tag","embeddable":true,"href":"https:\/\/ventesengros.fr\/it\/wp-json\/wp\/v2\/product_tag?post=34132"}],"curies":[{"name":"wp","href":"https:\/\/api.w.org\/{rel}","templated":true}]}}