{"id":33929,"date":"2016-03-15T15:09:35","date_gmt":"2016-03-15T14:09:35","guid":{"rendered":"https:\/\/ventesengros.fr\/grossiste\/miel-de-thym-250g\/"},"modified":"2023-11-14T17:05:34","modified_gmt":"2023-11-14T16:05:34","slug":"miel-de-thym-250g","status":"publish","type":"product","link":"https:\/\/ventesengros.fr\/it\/grossiste\/miele-di-timo-250-g-2\/","title":{"rendered":"Miele di timo - vasetto da 250 g (confezione da 8 vasetti)"},"content":{"rendered":"<p>Il miele \u00e8 una delle migliori medicine naturali oggi disponibili. Esistono molti tipi di miele, la cui qualit\u00e0 varia notevolmente a seconda della provenienza, del contenuto di glucosio e del Paese o dei Paesi da cui viene importato.<\/p>\n<h2><strong>Miele di timo 250g, un consiglio per voi :\u00a0<\/strong><\/h2>\n<p><b>Grossista Oriente<\/b> sta vendendo il <b>miele di timo<\/b>, Questo miele \u00e8 rinomato per le sue impressionanti propriet\u00e0 curative, grazie a un ingrediente presente nel timo. Il suo effetto \u00e8 quello di accelerare la ricrescita del tessuto cutaneo, il che \u00e8 senza dubbio un ottimo modo naturale per guarire una ferita.<\/p>\n<p>Questo miele pu\u00f2 essere utilizzato anche per disinfettare una ferita, per trattare una leggera ustione, ulcere, afte e persino l'acne se usato come maschera sul viso.<\/p>\n<p>Le <b>250 g di miele di timo del Marocco<\/b> \u00e8 rinomato per essere un miele dal sapore forte e il suo colore ambrato scuro lo rende un miele di qualit\u00e0.<\/p>\n<p>Il tuo <b>grossista online<\/b> vi offre questo miele da acquistare <b>alla rinfusa<\/b> ad un prezzo imbattibile; un lotto \u00e8 composto da 8 vasetti da 250 grammi ciascuno, cio\u00e8 2 kg per lotto, al prezzo di 55,92 euro, cio\u00e8 6,99 euro ciascuno. Se acquistate 2 o pi\u00f9 lotti, potrete beneficiare di un prezzo unitario inferiore.<\/p>\n<p>Il nostro miele di timo \u00e8 confezionato in vasetti di vetro per garantirne la buona conservazione e, naturalmente, sar\u00e0 protetto durante il trasporto per evitare rotture o altri danni.<\/p>\n<p>Sul nostro sito web potete trovare una gamma di mieli di qualit\u00e0 provenienti dal Marocco in grado di soddisfare le vostre esigenze. Per ulteriori informazioni, non esitate a contattare il nostro servizio clienti, disponibile in orari flessibili per rispondere alle vostre richieste.<\/p>\n<p>&nbsp;<\/p>","protected":false},"excerpt":{"rendered":"<p>Vi offriamo questo\u00a0<strong>Miele di timo 250g\u00a0<\/strong>venduto in confezioni da 8 pezzi.<\/p>\n<p>1 lotto : <span style=\"color: #0ad227;\">8,50\/pezzo X 8 = \u20ac68<\/span><\/p>\n<p>&nbsp;<\/p>","protected":false},"featured_media":34709,"template":"","meta":[],"product_brand":[],"product_cat":[206,596,59],"product_tag":[258,974,63,1151],"class_list":{"0":"post-33929","1":"product","2":"type-product","3":"status-publish","4":"has-post-thumbnail","6":"product_cat-alimentation","7":"product_cat-miel-alimentation","8":"product_cat-soin-et-bien-etre","9":"product_tag-en-gros","10":"product_tag-grossiste","11":"product_tag-miel","12":"product_tag-thym","14":"first","15":"instock","16":"shipping-taxable","17":"purchasable","18":"product-type-simple"},"_links":{"self":[{"href":"https:\/\/ventesengros.fr\/it\/wp-json\/wp\/v2\/product\/33929","targetHints":{"allow":["GET"]}}],"collection":[{"href":"https:\/\/ventesengros.fr\/it\/wp-json\/wp\/v2\/product"}],"about":[{"href":"https:\/\/ventesengros.fr\/it\/wp-json\/wp\/v2\/types\/product"}],"wp:featuredmedia":[{"embeddable":true,"href":"https:\/\/ventesengros.fr\/it\/wp-json\/wp\/v2\/media\/34709"}],"wp:attachment":[{"href":"https:\/\/ventesengros.fr\/it\/wp-json\/wp\/v2\/media?parent=33929"}],"wp:term":[{"taxonomy":"product_brand","embeddable":true,"href":"https:\/\/ventesengros.fr\/it\/wp-json\/wp\/v2\/product_brand?post=33929"},{"taxonomy":"product_cat","embeddable":true,"href":"https:\/\/ventesengros.fr\/it\/wp-json\/wp\/v2\/product_cat?post=33929"},{"taxonomy":"product_tag","embeddable":true,"href":"https:\/\/ventesengros.fr\/it\/wp-json\/wp\/v2\/product_tag?post=33929"}],"curies":[{"name":"wp","href":"https:\/\/api.w.org\/{rel}","templated":true}]}}