{"id":33413,"date":"2016-01-04T09:41:59","date_gmt":"2016-01-04T08:41:59","guid":{"rendered":"https:\/\/ventesengros.fr\/grossiste\/gelee-royale-aphrodisiaque-20g%e2%80%8f\/"},"modified":"2026-02-10T09:44:33","modified_gmt":"2026-02-10T08:44:33","slug":"miel-du-soudan","status":"publish","type":"product","link":"https:\/\/ventesengros.fr\/it\/grossiste\/miele-sudanese\/","title":{"rendered":"Miele afrodisiaco reale del Sudan 10g X 24"},"content":{"rendered":"<p>Il miele del Sudan \u00e8 un miele di alta qualit\u00e0. La sua formula arricchita lo rende un cocktail lussuoso da usare con discrezione nelle occasioni speciali. Poco conosciuta in Francia, la sua funzione afrodisiaca \u00e8 un'ottima alternativa ai problemi di impotenza negli uomini.<\/p>\n<h2><b>Miele del Sudan: un cocktail superpotente<\/b><\/h2>\n<p>Il miele del Sudan \u00e8 una miscela di miele, pappa reale ed erbe tropicali venduta in una bustina da 25 grammi. Il lotto completo \u00e8 composto da dieci pezzi. \u00c8 un afrodisiaco naturale molto efficace. Accelera la circolazione del sangue nel corpo irrigando il muscolo riproduttivo.<\/p>\n<p>Questa \u00e8 la sua funzione principale. Il miele, e ancor di pi\u00f9 la pappa reale, sono enormi stimolatori di energia. Danno un'incredibile spinta al sistema immunitario e forniscono una forza abbagliante. Accostando prodotti ad alto valore aggiunto, il miele sudanese in baccelli restituisce muscoli e coraggio stimolando lo sforzo fisico.<\/p>\n<h2><b>Spezie Tongkat Ali: una pianta straordinaria<\/b><\/h2>\n<p>Molte delle piante medicinali del mondo provengono dalla medicina cinese o fanno parte della farmacopea del Sud-Est asiatico. Questi rimedi efficaci includono<span class=\"Apple-converted-space\">\u00a0 <\/span>la pianta di <a href=\"https:\/\/www.ma-fertilite.com\/produit\/tongkat-ali\" target=\"_blank\" rel=\"noopener noreferrer\"><strong>Tongkat Ali<\/strong><\/a>. Questa pianta erbacea dei tropici umidi \u00e8 anche un sorprendente afrodisiaco, che d\u00e0 alla formula del miele sudanese una marcia in pi\u00f9. In effetti, il miele del Sudan non potrebbe essere all'altezza delle sue promesse senza questa preziosa spezia asiatica. Aggiunge efficacemente il tocco finale e il potere stimolante al nostro prezioso cocktail.<\/p>\n<p>In effetti, il prodotto dell'alveare sudanese, con tutti i suoi elementi, rimane un'eccezione naturale. Mai prima d'ora una formula naturale ha prodotto cos\u00ec tanti risultati positivi in cos\u00ec poco tempo. E questo si spiega con le successive miscele di prodotti afrodisiaci naturali incorporati nella formula.<\/p>\n<p>Foto non contrattuale<\/p>\n<p>Tutti i nostri prodotti sono disponibili in white label (<a href=\"https:\/\/ventesengros.fr\/it\/contatto-2\/\"><strong>su richiesta<\/strong><\/a>)<\/p>\n<p>Prezzo decrescente su 10 lotti di sconto di 10% (<a href=\"https:\/\/ventesengros.fr\/it\/contatto-2\/\"><strong>sulla quotazione<\/strong><\/a>)<\/p>","protected":false},"excerpt":{"rendered":"<p>Offriamo bastoncini di <strong>miele sudanese<\/strong> venduti in scatole da 24.<\/p>\n<p><strong>1 lotto : <span style=\"color: #0ad227;\">32\u20ac scatola da 24 bustine<\/span><\/strong><\/p>","protected":false},"featured_media":39696,"template":"","meta":[],"product_brand":[],"product_cat":[206,930,59],"product_tag":[258,1110,974],"class_list":{"0":"post-33413","1":"product","2":"type-product","3":"status-publish","4":"has-post-thumbnail","6":"product_cat-alimentation","7":"product_cat-aphrodisiaque","8":"product_cat-soin-et-bien-etre","9":"product_tag-en-gros","10":"product_tag-gelee-royale-aphrodisiaque-20g","11":"product_tag-grossiste","12":"pa_lot-158","13":"pa_lot-2-lots-economisez-14e","14":"pa_lot-3-lots-economisez-430-euros","16":"first","17":"instock","18":"shipping-taxable","19":"purchasable","20":"product-type-simple"},"_links":{"self":[{"href":"https:\/\/ventesengros.fr\/it\/wp-json\/wp\/v2\/product\/33413","targetHints":{"allow":["GET"]}}],"collection":[{"href":"https:\/\/ventesengros.fr\/it\/wp-json\/wp\/v2\/product"}],"about":[{"href":"https:\/\/ventesengros.fr\/it\/wp-json\/wp\/v2\/types\/product"}],"wp:featuredmedia":[{"embeddable":true,"href":"https:\/\/ventesengros.fr\/it\/wp-json\/wp\/v2\/media\/39696"}],"wp:attachment":[{"href":"https:\/\/ventesengros.fr\/it\/wp-json\/wp\/v2\/media?parent=33413"}],"wp:term":[{"taxonomy":"product_brand","embeddable":true,"href":"https:\/\/ventesengros.fr\/it\/wp-json\/wp\/v2\/product_brand?post=33413"},{"taxonomy":"product_cat","embeddable":true,"href":"https:\/\/ventesengros.fr\/it\/wp-json\/wp\/v2\/product_cat?post=33413"},{"taxonomy":"product_tag","embeddable":true,"href":"https:\/\/ventesengros.fr\/it\/wp-json\/wp\/v2\/product_tag?post=33413"}],"curies":[{"name":"wp","href":"https:\/\/api.w.org\/{rel}","templated":true}]}}