{"id":33105,"date":"2016-01-16T01:36:32","date_gmt":"2016-01-16T00:36:32","guid":{"rendered":"https:\/\/ventesengros.fr\/?post_type=product&#038;p=33105"},"modified":"2025-09-25T09:41:26","modified_gmt":"2025-09-25T08:41:26","slug":"costus-indien-kilo","status":"publish","type":"product","link":"https:\/\/ventesengros.fr\/it\/grossiste\/costus-indiano-chilo-2\/","title":{"rendered":"Pezzi di costoluto indiano per kg o bustine da 50 g (confezione da 12 bustine)"},"content":{"rendered":"<p>\u00c8 davvero vantaggioso avere una bustina di costoluto indiano in pezzi. Questa panacea orientale \u00e8 un rimedio per un numero enorme di disturbi. Rinomata per rafforzare il corpo in modo naturale, pu\u00f2 essere utile in molte occasioni. Non dimenticate quindi di usarlo regolarmente per i piccoli fastidi della vita quotidiana.<\/p>\n<h2><b>Il costato indiano in pezzi: una manna dal cielo per i disturbi quotidiani<\/b><\/h2>\n<p><span class=\"Apple-converted-space\">\u00a0<\/span>Proprio come il\u2019<a href=\"https:\/\/ventesengros.fr\/it\/grossiste\/huile-de-nigelle-al-habachiya-1l-2\/\"><strong>olio di cumino nero<\/strong><\/a>, Il costato indiano in pezzi regola un gran numero di malattie. Questo rimedio unico \u00e8 stato usato in India e in Medio Oriente per molto tempo ed \u00e8 noto per calmare il mal di testa. Non per niente la medicina si \u00e8 interessata maggiormente a questa pianta. Infatti, molti prodotti della farmacopea orientale sono utilizzati per la produzione di medicinali. Nelle regioni in cui i dispensari distano a volte ore di cammino, il costus indiano \u00e8 la medicina naturale che ha la risposta a tutto. E questo vale per il trattamento delle tonsille gonfie, dei problemi dentali, della debolezza respiratoria, ecc.<\/p>\n<h2><b>Utilizzo del costato da diverse angolazioni<\/b><\/h2>\n<p>I pezzetti di costus marinis possono essere consumati in diversi modi. Ci\u00f2 dipende dal disturbo che si vuole curare. Per esempio, chi soffre di pleurite pu\u00f2 bruciare il costus marinis per inalarne il fumo e trarre i benefici della cremazione del legno. Bruciando il legno si sprigionano le propriet\u00e0 del rimedio e si d\u00e0 grande sollievo ai polmoni. Per i rimedi relativi al corpo (pancreas, reni, fegato, ecc.), \u00e8 meglio macinare il costus marinis in polvere e berlo con acqua o t\u00e8 a base di piante. Per i problemi della pelle o le ferite, si pu\u00f2 spalmare e mescolare con il miele. In questo modo si accelera il processo di guarigione.<\/p>\n<p>Foto non contrattuale<\/p>\n<p>Tutti i nostri prodotti sono disponibili in white label (<a href=\"https:\/\/ventesengros.fr\/it\/contatto-2\/\"><strong>su richiesta<\/strong><\/a>)<\/p>\n<p>Prezzo decrescente su 10 lotti di sconto di 10% (<a href=\"https:\/\/ventesengros.fr\/it\/contatto-2\/\"><strong>sulla quotazione<\/strong><\/a>)<\/p>","protected":false},"excerpt":{"rendered":"<p>Proponiamo il costato indiano\u00a0<span style=\"color: #0000ff;\"><strong>venduto al chilo o in bustine da 50g in confezioni da 12<\/strong><\/span>. <span style=\"color: #000000;\"><strong>Prezzi del tapering.\u00a0<\/strong><\/span><\/p>\n<p><b>Prezzo al chilo :<\/b>\u00a0<span style=\"color: #ff0000;\"><strong>22,99\u20ac<\/strong><\/span><\/p>\n<p><b>Prezzo per sacchetto<span class=\"Apple-converted-space\">\u00a0<\/span>:<\/b>\u00a0<strong><span style=\"color: #ff0000;\">0,99\u20ac<\/span><\/strong><\/p>\n<p><span style=\"color: #ff0000;\"><b>Per pi\u00f9 di 3 lotti, scegliere una quantit\u00e0 nel carrello.<\/b><\/span><\/p>\n<p>Ricevere uno sconto di 10% per ordini superiori a 10 lotti (<span style=\"color: #ff0000;\"><a style=\"color: #ff0000;\" href=\"https:\/\/ventesengros.fr\/it\/contatto-2\/\"><strong>contattateci<\/strong><\/a><\/span>).<\/p>","protected":false},"featured_media":38041,"template":"","meta":[],"product_brand":[],"product_cat":[360,59],"product_tag":[1071,974,688],"class_list":{"0":"post-33105","1":"product","2":"type-product","3":"status-publish","4":"has-post-thumbnail","6":"product_cat-produit-naturel-en-vrac","7":"product_cat-soin-et-bien-etre","8":"product_tag-costus-indien-au-kilo","9":"product_tag-grossiste","10":"product_tag-maroc","11":"pa_lot-158","12":"pa_lot-2-lots-economisez-2-euros","13":"pa_lot-2-lots-economisez-24-euros","14":"pa_lot-3-lots-economisez-108-euros","15":"pa_lot-3-lots-economisez-6-euros","17":"first","18":"instock","19":"shipping-taxable","20":"purchasable","21":"product-type-variable"},"_links":{"self":[{"href":"https:\/\/ventesengros.fr\/it\/wp-json\/wp\/v2\/product\/33105","targetHints":{"allow":["GET"]}}],"collection":[{"href":"https:\/\/ventesengros.fr\/it\/wp-json\/wp\/v2\/product"}],"about":[{"href":"https:\/\/ventesengros.fr\/it\/wp-json\/wp\/v2\/types\/product"}],"wp:featuredmedia":[{"embeddable":true,"href":"https:\/\/ventesengros.fr\/it\/wp-json\/wp\/v2\/media\/38041"}],"wp:attachment":[{"href":"https:\/\/ventesengros.fr\/it\/wp-json\/wp\/v2\/media?parent=33105"}],"wp:term":[{"taxonomy":"product_brand","embeddable":true,"href":"https:\/\/ventesengros.fr\/it\/wp-json\/wp\/v2\/product_brand?post=33105"},{"taxonomy":"product_cat","embeddable":true,"href":"https:\/\/ventesengros.fr\/it\/wp-json\/wp\/v2\/product_cat?post=33105"},{"taxonomy":"product_tag","embeddable":true,"href":"https:\/\/ventesengros.fr\/it\/wp-json\/wp\/v2\/product_tag?post=33105"}],"curies":[{"name":"wp","href":"https:\/\/api.w.org\/{rel}","templated":true}]}}