{"id":32594,"date":"2014-10-13T14:50:20","date_gmt":"2014-10-13T13:50:20","guid":{"rendered":"https:\/\/ventesengros.fr\/grossiste\/miel-au-gingembre-hemani\/"},"modified":"2022-06-30T23:26:19","modified_gmt":"2022-06-30T22:26:19","slug":"miel-au-gingembre-hemani","status":"publish","type":"product","link":"https:\/\/ventesengros.fr\/it\/grossiste\/miele-di-zenzero-hemani\/","title":{"rendered":"Miele con zenzero HEMANI X 6"},"content":{"rendered":"<p>Le <b>zenzero<\/b>, La curcuma, appartenente alla famiglia delle curcacee, \u00e8 una pianta originaria della Malesia e dell'India, ma viene coltivata anche nelle regioni tropicali molto soleggiate. La radice \u00e8 conosciuta e utilizzata da 6.000 anni in India e in Cina per il trattamento di disturbi gastrici, diarrea e nausea, ma viene anche utilizzata per scopi culinari.<\/p>\n<h2><strong>Concentrarsi sul miele di zenzero Hemani:\u00a0<\/strong><\/h2>\n<p>Il miele allo zenzero \u00e8 una ricetta diventata popolare grazie ai suoi incredibili risultati sui pazienti affetti da cancro. \u00c8 anche molto efficace contro la tosse e il mal di gola.<\/p>\n<p>Il tuo <a href=\"https:\/\/ventesengros.fr\/it\/\" target=\"_blank\" rel=\"noopener noreferrer\"><strong>grossista online<\/strong><\/a> <b>Grossista di Oriente<\/b> vi offre in vendita <b>alla rinfusa<\/b> Miele di zenzero Hemani<b>\u00a0in barattoli da 250 grammi\u00a0<\/b>; Questo marchio \u00e8 noto per i suoi prodotti di alta qualit\u00e0 e completamente naturali.<\/p>\n<p>Direttamente dal <b>Marocco<\/b>, Questo miele \u00e8 ricco di benefici per la salute e, mescolato allo zenzero, \u00e8 un ottimo rimedio per tutti i tipi di disturbi.<\/p>\n<h3><strong>Miele di zenzero Hemani, consigli e benefici per voi :\u00a0<\/strong><\/h3>\n<p>Questo miele allo zenzero pu\u00f2 essere assunto regolarmente per favorire la digestione, far passare pi\u00f9 facilmente il raffreddore ed \u00e8 anche efficace contro il colesterolo cattivo. Pu\u00f2 essere assunto, ad esempio, in una tisana e si pu\u00f2 aggiungere un po' di limone per rendere la bevanda ancora pi\u00f9 efficace.<\/p>\n<p>\u00c8 possibile mescolare questo miele con altri ingredienti, come l'aglio, per trattare problemi di salute ancora pi\u00f9 comuni.<\/p>\n<p>Orient Grossiste vi propone il miele di zenzero Hemani venduto da <b>Set di 6 per soli 40,74 euro, <\/b>un prezzo imbattibile.<\/p>\n<p>&nbsp;<\/p>\n<h5><\/h5>","protected":false},"excerpt":{"rendered":"<p>Vi offriamo questo\u00a0<strong> Miele HEMANI con zenzero <\/strong>\u00a0venduti al prezzo di 4,79 euro ciascuno.<\/p>\n<p>1 lotto : <span style=\"color: #0ad227;\">6,79\/pezzo X 6 = 40,74 euro<\/span><\/p>\n<p>&nbsp;<\/p>","protected":false},"featured_media":32601,"template":"","meta":[],"product_brand":[],"product_cat":[206,596,59],"product_tag":[258,974,688,993],"class_list":{"0":"post-32594","1":"product","2":"type-product","3":"status-publish","4":"has-post-thumbnail","6":"product_cat-alimentation","7":"product_cat-miel-alimentation","8":"product_cat-soin-et-bien-etre","9":"product_tag-en-gros","10":"product_tag-grossiste","11":"product_tag-maroc","12":"product_tag-miel-au-ginseng-hemani","14":"first","15":"instock","16":"shipping-taxable","17":"purchasable","18":"product-type-simple"},"_links":{"self":[{"href":"https:\/\/ventesengros.fr\/it\/wp-json\/wp\/v2\/product\/32594","targetHints":{"allow":["GET"]}}],"collection":[{"href":"https:\/\/ventesengros.fr\/it\/wp-json\/wp\/v2\/product"}],"about":[{"href":"https:\/\/ventesengros.fr\/it\/wp-json\/wp\/v2\/types\/product"}],"wp:featuredmedia":[{"embeddable":true,"href":"https:\/\/ventesengros.fr\/it\/wp-json\/wp\/v2\/media\/32601"}],"wp:attachment":[{"href":"https:\/\/ventesengros.fr\/it\/wp-json\/wp\/v2\/media?parent=32594"}],"wp:term":[{"taxonomy":"product_brand","embeddable":true,"href":"https:\/\/ventesengros.fr\/it\/wp-json\/wp\/v2\/product_brand?post=32594"},{"taxonomy":"product_cat","embeddable":true,"href":"https:\/\/ventesengros.fr\/it\/wp-json\/wp\/v2\/product_cat?post=32594"},{"taxonomy":"product_tag","embeddable":true,"href":"https:\/\/ventesengros.fr\/it\/wp-json\/wp\/v2\/product_tag?post=32594"}],"curies":[{"name":"wp","href":"https:\/\/api.w.org\/{rel}","templated":true}]}}