{"id":32587,"date":"2014-10-13T11:25:09","date_gmt":"2014-10-13T10:25:09","guid":{"rendered":"https:\/\/ventesengros.fr\/?post_type=product&#038;p=32587"},"modified":"2022-06-30T23:26:20","modified_gmt":"2022-06-30T22:26:20","slug":"miel-ginseng-hemani","status":"publish","type":"product","link":"https:\/\/ventesengros.fr\/it\/grossiste\/miele-di-ginseng-hemani\/","title":{"rendered":"Miele con ginseng HEMANI X 6"},"content":{"rendered":"<p>Esistono tutti i tipi di miele con virt\u00f9 specifiche a seconda dell'origine del miele, ma ci sono anche preparazioni in cui il miele viene combinato con un'altra pianta per ottenere ancora pi\u00f9 benefici.<\/p>\n<h2>Miele di ginseng - una miscela sontuosa:<\/h2>\n<p>Questo \u00e8 il caso di <b>miele di ginseng, <\/b>una combinazione di miele di fiori e ginseng per un cocktail di benefici per la salute.<\/p>\n<p>Le <b>ginseng<\/b> \u00e8 una perenne forestale a crescita lenta originaria della Cina, della Corea e dell'Estremo Oriente.<\/p>\n<p>Mescolato al miele, questo preparato ha molti benefici: rafforza il sistema immunitario, \u00e8 efficace contro il diabete di tipo 2, tonifica il corpo delle persone deboli e\/o stanche e ripristina le capacit\u00e0 fisiche e intellettuali favorendo la concentrazione. Il miele di ginseng \u00e8 consigliato anche alle donne in menopausa, in quanto preserva la salute delle persone che invecchiano.<\/p>\n<p>Questo miele pu\u00f2 essere considerato un miele \u00abdi conforto\u00bb, in quanto pu\u00f2 essere consumato in qualsiasi periodo dell'anno. Quando ci si sente stanchi o stressati, ad esempio, \u00e8 bene assumere un cucchiaio di miele di ginseng ogni mattina, preferibilmente prima di colazione, per beneficiare della sua efficacia.<\/p>\n<p>Il tuo <b>grossista online<\/b> Orient Grossiste vi propone in vendita <b>alla rinfusa<\/b> il <b>miele di ginseng<\/b> in vasetti da 250 grammi di <b>Marocco<\/b> del marchio HEMANI. Questo marchio \u00e8 noto per l'eccellente rapporto qualit\u00e0-prezzo e per la composizione naturale dei suoi prodotti, quindi questo miele \u00e8 garantito di altissima qualit\u00e0.<\/p>\n<p>Il miele di ginseng \u00e8 venduto in confezioni da 6 al prezzo di 40,74 euro, pari a 6,79 euro l'una. A partire da 2 lotti acquistati, il prezzo unitario \u00e8 decrescente.<\/p>\n<p>Per acquisti di 10 kg o pi\u00f9, \u00e8 possibile usufruire di una consegna rapida e gratuita presso un punto di smistamento. Non esitate a contattarci per ulteriori informazioni su questo prodotto.<\/p>\n<h5><\/h5>\n<h5><\/h5>\n<h5><b>Nome del marchio:<\/b>Hemani<\/h5>\n<p><b>Peso:<\/b>280 g\/pezzo<\/p>","protected":false},"excerpt":{"rendered":"<p>Vi offriamo questo\u00a0<strong>\u00a0Miele HEMANI con ginseng<\/strong>\u00a0venduti al prezzo di 4,79 euro ciascuno.<\/p>\n<p>1 lotto : <span style=\"color: #0ad227;\">6,79\/pezzo X 6 = 40,74 euro<\/span><\/p>","protected":false},"featured_media":32603,"template":"","meta":[],"product_brand":[],"product_cat":[206,596,59],"product_tag":[258,974,688,993],"class_list":{"0":"post-32587","1":"product","2":"type-product","3":"status-publish","4":"has-post-thumbnail","6":"product_cat-alimentation","7":"product_cat-miel-alimentation","8":"product_cat-soin-et-bien-etre","9":"product_tag-en-gros","10":"product_tag-grossiste","11":"product_tag-maroc","12":"product_tag-miel-au-ginseng-hemani","14":"first","15":"instock","16":"shipping-taxable","17":"purchasable","18":"product-type-simple"},"_links":{"self":[{"href":"https:\/\/ventesengros.fr\/it\/wp-json\/wp\/v2\/product\/32587","targetHints":{"allow":["GET"]}}],"collection":[{"href":"https:\/\/ventesengros.fr\/it\/wp-json\/wp\/v2\/product"}],"about":[{"href":"https:\/\/ventesengros.fr\/it\/wp-json\/wp\/v2\/types\/product"}],"wp:featuredmedia":[{"embeddable":true,"href":"https:\/\/ventesengros.fr\/it\/wp-json\/wp\/v2\/media\/32603"}],"wp:attachment":[{"href":"https:\/\/ventesengros.fr\/it\/wp-json\/wp\/v2\/media?parent=32587"}],"wp:term":[{"taxonomy":"product_brand","embeddable":true,"href":"https:\/\/ventesengros.fr\/it\/wp-json\/wp\/v2\/product_brand?post=32587"},{"taxonomy":"product_cat","embeddable":true,"href":"https:\/\/ventesengros.fr\/it\/wp-json\/wp\/v2\/product_cat?post=32587"},{"taxonomy":"product_tag","embeddable":true,"href":"https:\/\/ventesengros.fr\/it\/wp-json\/wp\/v2\/product_tag?post=32587"}],"curies":[{"name":"wp","href":"https:\/\/api.w.org\/{rel}","templated":true}]}}