{"id":32193,"date":"2015-08-15T10:09:46","date_gmt":"2015-08-15T09:09:46","guid":{"rendered":"https:\/\/ventesengros.fr\/?post_type=product&#038;p=32193"},"modified":"2022-06-30T23:16:45","modified_gmt":"2022-06-30T22:16:45","slug":"ghassoul-poudre-kilo","status":"publish","type":"product","link":"https:\/\/ventesengros.fr\/it\/grossiste\/polvere-di-ghassoul-chilo-2\/","title":{"rendered":"Ghassoul (Rassousl) in polvere (al chilo o in bustine da 200 g)"},"content":{"rendered":"<p>Il ghassoul in polvere \u00e8 un'argilla vulcanica che si trova nell'Anti-Atlante marocchino. Il giacimento, scoperto diversi secoli fa, \u00e8 la fonte di una delle soluzioni detergenti pi\u00f9 straordinarie al mondo.<\/p>\n<h2><b>Polvere di Ghassoul (Rassoul): una bellezza naturale<\/b><\/h2>\n<p>Prodotto da bagno nel regno di Cherifa, questa polvere minerale \u00e8 diventata la soluzione detergente e idratante di riferimento per i trattamenti hammam. La polvere di ghassoul possiede infatti virt\u00f9 speciali provenienti direttamente dalle viscere della Terra. La sua purezza la rende un cosmetico per la doccia che si adatta perfettamente a tutti i tipi di pelle. Utilizzata per maschere per capelli o sul corpo, \u00e8 un'alternativa nutriente e rispettosa della pelle allo shampoo e al gel doccia. Come tutte le argille naturali <a href=\"https:\/\/natureluxy-shop.com\/collections\/rhassoul\" rel=\"noopener\"><strong>rhassoul<\/strong><\/a> \u00e8 eccellente per il trattamento dei punti neri. Applicato sul viso, il suo fango setoso rimuove le impurit\u00e0 senza seccare la pelle.<\/p>\n<h2><b>Come si applica sotto la doccia?<\/b><\/h2>\n<p>Per applicare un trattamento a base di polvere di ghassoul, \u00e8 necessario avere un po' di tempo a disposizione. \u00c8 una buona idea applicare contemporaneamente altri prodotti per la cura della pelle. Mescolare la polvere di argilla con acqua e applicare la pasta ottenuta su viso e corpo. Lasciate agire per una ventina di minuti. Come ogni minerale, la polvere di ghassoul dovrebbe iniziare a tirare sulla pelle. Trascorso il tempo di riposo, strofinate il corpo con un guanto di crine. In questo modo, si dovrebbero raccogliere i benefici esfolianti della polvere di ghassoul. Una volta che la pelle morta \u00e8 caduta, la pelle inizia a respirare e a rigenerarsi.<\/p>\n<p>Buono a sapersi: si pu\u00f2 completare questo trattamento applicando una lozione idratante per il corpo cosparsa con alcune gocce di\u2019<strong><a href=\"https:\/\/www.amlou.fr\/produit\/huile-d-argan-alimentaire-500ml\/\" rel=\"noopener\">Olio di argan per alimenti<\/a><\/strong>.<span class=\"Apple-converted-space\">\u00a0<\/span><\/p>\n<p>Foto non contrattuale<\/p>","protected":false},"excerpt":{"rendered":"<p>Vi offriamo la polvere di Ghassoul con <span style=\"color: #0000ff;\"><strong>al chilo o in sacchetti da 200g in confezioni da 12<\/strong><\/span>.<\/p>\n<p><span style=\"color: #000000;\"><strong>Prezzi del tapering.<\/strong><\/span><\/p>\n<p><b>Prezzo al chilo :<\/b>\u00a0<span style=\"color: #ff0000;\"><strong>9,19\u20ac<\/strong><\/span><\/p>\n<p><b>Prezzo per sacchetto<span class=\"Apple-converted-space\">\u00a0<\/span>:<\/b>\u00a0<strong><span style=\"color: #ff0000;\">2,29\u20ac<\/span><\/strong><\/p>\n<p><span style=\"color: #ff0000;\"><b>Per pi\u00f9 di 3 lotti, scegliere una quantit\u00e0 nel carrello.<\/b><\/span><\/p>\n<p>Ricevere uno sconto di 10% per ordini superiori a 10 lotti (<span style=\"color: #ff0000;\"><a style=\"color: #ff0000;\" href=\"https:\/\/ventesengros.fr\/it\/contatto-2\/\"><strong>contattateci<\/strong><\/a><\/span>).<\/p>","protected":false},"featured_media":38084,"template":"","meta":[],"product_brand":[],"product_cat":[59,402,360],"product_tag":[176,974,688,191,268,877,361],"class_list":{"0":"post-32193","1":"product","2":"type-product","3":"status-publish","4":"has-post-thumbnail","6":"product_cat-soin-et-bien-etre","7":"product_cat-argile-ghassoul","8":"product_cat-produit-naturel-en-vrac","9":"product_tag-ghassoul","10":"product_tag-grossiste","11":"product_tag-maroc","12":"product_tag-pas-cher","13":"product_tag-poudre","14":"product_tag-semi-gros","15":"product_tag-vrac","16":"pa_lot-1-lot-12-sachets-3108e-soit-259e-le-sachet","17":"pa_lot-1-lot-1kg-999e-soit-999e-le-kilo","18":"pa_lot-2-lot-24-sachets-5736e-soit-239e-le-sachet","19":"pa_lot-2-lots-2kg-1918e-soit-959e-le-kilo","20":"pa_lot-3-lots-36-sachets-8244e-soit-229e-le-sachet","21":"pa_lot-3-lots-3kg-2757e-soit-919e-le-kilo","23":"first","24":"instock","25":"shipping-taxable","26":"purchasable","27":"product-type-variable"},"_links":{"self":[{"href":"https:\/\/ventesengros.fr\/it\/wp-json\/wp\/v2\/product\/32193","targetHints":{"allow":["GET"]}}],"collection":[{"href":"https:\/\/ventesengros.fr\/it\/wp-json\/wp\/v2\/product"}],"about":[{"href":"https:\/\/ventesengros.fr\/it\/wp-json\/wp\/v2\/types\/product"}],"wp:featuredmedia":[{"embeddable":true,"href":"https:\/\/ventesengros.fr\/it\/wp-json\/wp\/v2\/media\/38084"}],"wp:attachment":[{"href":"https:\/\/ventesengros.fr\/it\/wp-json\/wp\/v2\/media?parent=32193"}],"wp:term":[{"taxonomy":"product_brand","embeddable":true,"href":"https:\/\/ventesengros.fr\/it\/wp-json\/wp\/v2\/product_brand?post=32193"},{"taxonomy":"product_cat","embeddable":true,"href":"https:\/\/ventesengros.fr\/it\/wp-json\/wp\/v2\/product_cat?post=32193"},{"taxonomy":"product_tag","embeddable":true,"href":"https:\/\/ventesengros.fr\/it\/wp-json\/wp\/v2\/product_tag?post=32193"}],"curies":[{"name":"wp","href":"https:\/\/api.w.org\/{rel}","templated":true}]}}