{"id":32094,"date":"2016-12-11T10:23:57","date_gmt":"2016-12-11T09:23:57","guid":{"rendered":"https:\/\/ventesengros.fr\/?post_type=product&#038;p=32094"},"modified":"2025-09-15T19:35:48","modified_gmt":"2025-09-15T18:35:48","slug":"gouttes-damour-aphrodisiaque-10g","status":"publish","type":"product","link":"https:\/\/ventesengros.fr\/it\/grossiste\/gocce-afrodisiache-damour-10g\/","title":{"rendered":"Gocce afrodisiache dell'amore 10g"},"content":{"rendered":"<p>Scoprite tutto quello che c'\u00e8 da sapere sulle Gouttes d'amour aphrodisiaque. Un afrodisiaco \u00e8 una sostanza naturale o un'alchimia destinata a stimolare il desiderio sessuale nell'uomo o nella donna. Aumenta le prestazioni sessuali, il piacere e l'amore. Esistono numerosi alimenti che producono questo effetto, come ad esempio <b>zafferano\u00a0<\/b>che potete trovare su <a href=\"https:\/\/www.vertus-dorient.com\/huiles-naturelles\/358-huile-de-safran-pur.html\" target=\"_blank\" rel=\"noopener\"><strong>questo sito<\/strong><\/a>.<\/p>\n<p>Il <b>gocce d'amore afrodisiache <\/b>sono per gli uomini che vogliono migliorare le condizioni del loro corpo prima di fare sesso. \u00c8 un tonico naturale a base di polline di palma da dattero. Una miscela di erbe della foresta pluviale, oltre che di <a href=\"https:\/\/www.ma-fertilite.com\/produit\/miel-du-soudan\" target=\"_blank\" rel=\"noopener noreferrer\"><strong>miele sudanese<\/strong><\/a> migliorata dalla pappa reale.<\/p>\n<h2><strong>Gocce d'amore afrodisiache, di provata autenticit\u00e0:\u00a0<\/strong><\/h2>\n<p>Questo <b>stimolante sessuale<\/b> si presenta sotto forma di <b>bastoncini da 10 grammi. In effetti, questo \u00e8<\/b>\u00a0da assumere 1 ora prima del rapporto sessuale, con non pi\u00f9 di una dose al giorno. Questo prodotto naturale 100% \u00e8 altamente efficace, ed \u00e8 per questo che ha avuto cos\u00ec tanto successo. La sua confezione semplice e il suo logo facilmente riconoscibile. Questo lo rende facile da individuare tra i numerosi prodotti contraffatti che circolano illegalmente su Internet.<\/p>\n<p>Questo prodotto \u00e8 venduto <b>alla rinfusa<\/b> in modo da poterli rivendere al dettaglio. Offriamo confezioni da 25 bastoncini a prezzi molto competitivi. <b>economico<\/b>, con un prezzo unitario decrescente all'aumentare della quantit\u00e0 ordinata.<\/p>\n<h3><strong>Orient Grossiste, perch\u00e9 la vostra soddisfazione \u00e8 importante per noi:\u00a0<\/strong><\/h3>\n<p>Inoltre, vi abbiamo indicato il prezzo di vendita consigliato per questo prodotto, che \u00e8 in linea con il mercato attuale per quanto possibile, per facilitarvi il compito se siete agli inizi.<\/p>\n<p>Il <b>gocce d'amore<\/b> a <strong>miele d'amore<\/strong> sono venduti dal vostro <b><a href=\"https:\/\/ventesengros.fr\/it\/\" target=\"_blank\" rel=\"noopener noreferrer\">grossista online<\/a><\/b>, Potrete beneficiare di tutti i nostri servizi di consegna. Potrete inoltre usufruire di un servizio clienti eccellente, professionale e disponibile. Rispondiamo a tutte le vostre domande in orari molto flessibili.<\/p>\n<p>Foto non contrattuale<\/p>\n<p>Tutti i nostri prodotti sono disponibili in white label (<a href=\"https:\/\/ventesengros.fr\/it\/contatto-2\/\"><strong>su richiesta<\/strong><\/a>)<\/p>\n<p>Prezzo decrescente su 10 lotti di sconto di 10% (<a href=\"https:\/\/ventesengros.fr\/it\/contatto-2\/\"><strong>sulla quotazione<\/strong><\/a>)<\/p>\n<p>&nbsp;<\/p>","protected":false},"excerpt":{"rendered":"<p>Offriamo bastoncini di <b>gocce d'amore<\/b>\u00a0venduti in scatole da 25.<\/p>\n<p><strong>Prezzo per unit\u00e0 <span style=\"color: #ff0000;\">1,04\u20ac\/pezzo<\/span>.<\/strong><\/p>","protected":false},"featured_media":36860,"template":"","meta":[],"product_brand":[],"product_cat":[206,930,59],"product_tag":[932,258,931,974,191],"class_list":{"0":"post-32094","1":"product","2":"type-product","3":"status-publish","4":"has-post-thumbnail","6":"product_cat-alimentation","7":"product_cat-aphrodisiaque","8":"product_cat-soin-et-bien-etre","9":"product_tag-aphrodisiaque-2","10":"product_tag-en-gros","11":"product_tag-goutte-d-amour","12":"product_tag-grossiste","13":"product_tag-pas-cher","14":"pa_lot-158","15":"pa_lot-2-lots","16":"pa_lot-3-lots","18":"first","19":"instock","20":"shipping-taxable","21":"purchasable","22":"product-type-simple"},"_links":{"self":[{"href":"https:\/\/ventesengros.fr\/it\/wp-json\/wp\/v2\/product\/32094","targetHints":{"allow":["GET"]}}],"collection":[{"href":"https:\/\/ventesengros.fr\/it\/wp-json\/wp\/v2\/product"}],"about":[{"href":"https:\/\/ventesengros.fr\/it\/wp-json\/wp\/v2\/types\/product"}],"wp:featuredmedia":[{"embeddable":true,"href":"https:\/\/ventesengros.fr\/it\/wp-json\/wp\/v2\/media\/36860"}],"wp:attachment":[{"href":"https:\/\/ventesengros.fr\/it\/wp-json\/wp\/v2\/media?parent=32094"}],"wp:term":[{"taxonomy":"product_brand","embeddable":true,"href":"https:\/\/ventesengros.fr\/it\/wp-json\/wp\/v2\/product_brand?post=32094"},{"taxonomy":"product_cat","embeddable":true,"href":"https:\/\/ventesengros.fr\/it\/wp-json\/wp\/v2\/product_cat?post=32094"},{"taxonomy":"product_tag","embeddable":true,"href":"https:\/\/ventesengros.fr\/it\/wp-json\/wp\/v2\/product_tag?post=32094"}],"curies":[{"name":"wp","href":"https:\/\/api.w.org\/{rel}","templated":true}]}}