{"id":31643,"date":"2012-02-20T11:24:00","date_gmt":"2012-02-20T10:24:00","guid":{"rendered":"https:\/\/ventesengros.fr\/?post_type=product&#038;p=31643"},"modified":"2026-01-23T18:40:01","modified_gmt":"2026-01-23T17:40:01","slug":"sidr-en-poudre-1kg","status":"publish","type":"product","link":"https:\/\/ventesengros.fr\/it\/grossiste\/polvere-di-sidr-1-kg\/","title":{"rendered":"Foglie di giuggiolo in polvere (al chilo o in bustine da 100 g)"},"content":{"rendered":"<p>Le foglie di giuggiolo, o sidr in arabo, provengono dall'omonimo albero. Originario della Cina e presente in Arabia e nel Mediterraneo fin dall'antichit\u00e0, le sue foglie sono utilizzate per scopi naturopatici e medicinali. <a href=\"https:\/\/www.islam-oumma.fr\/category\/medecine-prophetique\/\" target=\"_blank\" rel=\"noopener noreferrer\"><strong>medicina profetica<\/strong><\/a>.<\/p>\n<h2><b>Il sidr: un beneficio della natura nelle aree desertiche<\/b><\/h2>\n<p>Le foglie spinose del giuggiolo sono utilizzate nella medicina tradizionale. Vengono utilizzate per trattare alcune malattie respiratorie e per purificare il cuoio capelluto.<\/p>\n<p><span class=\"Apple-converted-space\">\u00a0<\/span>Vengono essiccate al sole e poi macinate in polvere. A seconda dell'uso che se ne fa, basta aggiungere acqua o bollirla in acqua calda.<\/p>\n<p><span class=\"Apple-converted-space\">\u00a0<\/span>Nella medicina alternativa, il sidr \u00e8 usato per trattare malattie respiratorie come la bronchite e l'asma.<span class=\"Apple-converted-space\">\u00a0<\/span><\/p>\n<p><span class=\"Apple-converted-space\">\u00a0<\/span>\u00c8 inoltre complementare ai prodotti naturali per la cura dei capelli. La polvere di foglie di sidr pu\u00f2 essere utilizzata come soluzione per lo shampoo per preservare le tinte all'henn\u00e9. Permette al colore di durare nel tempo senza alterare la tintura.<\/p>\n<h3><b>Le foglie di giuggiolo: un uso consigliato dalla medicina profetica<\/b><\/h3>\n<p>Nella religione musulmana, l'albero del giuggiolo \u00e8 citato nel Libro Santo e nei detti profetici. Le sue foglie sono una causa destinata a liberare l'anima sfortunata da terribili mali come il malocchio o la stregoneria. Questo \u00e8 il motivo principale per cui il nostro negozio online lo vende. La domanda \u00e8 cresciuta negli ultimi anni. Questo prodotto naturale 100% \u00e8 diventato un must per molti musulmani che vogliono sfruttare i benefici curativi della foglia in polvere. Scoprite il nostro <a href=\"https:\/\/ventesengros.fr\/it\/grossiste\/foglio-sidr\/\" target=\"_blank\" rel=\"noopener noreferrer\"><strong>foglie di giuggiolo intere<\/strong><\/a> !<\/p>\n<p>Se il ciclo della vita si conclude un giorno. Nella cultura musulmana, le foglie di giuggiolo mescolate con acqua vengono utilizzate anche per lavare il corpo.<\/p>\n<p><span class=\"Apple-converted-space\">\u00a0<\/span>Tutte queste abitudini e consuetudini inerenti alla trascendenza significano che il <a href=\"https:\/\/www.huiles-de-ricin.com\/produit\/feuille-de-jujubier\/\" target=\"_blank\" rel=\"noopener noreferrer\"><strong>foglia di giuggiolo<\/strong><\/a> La polvere \u00e8 indispensabile nella cultura orientale.<\/p>\n<p>Foto non contrattuale<\/p>\n<p>Tutti i nostri prodotti sono disponibili in white label (<a href=\"https:\/\/ventesengros.fr\/it\/contatto-2\/\"><b>su richiesta<\/b><\/a>)<\/p>\n<p>Prezzo decrescente su 10 lotti di sconto di 10% (<a href=\"https:\/\/ventesengros.fr\/it\/contatto-2\/\"><b>sulla quotazione<\/b><\/a>)<\/p>","protected":false},"excerpt":{"rendered":"<p>Suggeriamo le foglie di giuggiolo\u00a0<span style=\"color: #0000ff;\"><strong>venduto al chilo o in sacchetti da 100g in confezioni da 12<\/strong><\/span>. <span style=\"color: #000000;\"><strong>Prezzi del tapering.<\/strong><\/span><\/p>\n<ul>\n<li><b>Prezzo al chilo :<\/b>\u00a0<span style=\"color: #ff0000;\"><strong>8,35\u20ac<\/strong><\/span><\/li>\n<li><b>Prezzo per sacco :<\/b>\u00a0<strong><span style=\"color: #ff0000;\">0,95\u20ac<\/span><\/strong><\/li>\n<\/ul>\n<p><span style=\"color: #ff0000;\"><b>Per pi\u00f9 di 3 lotti, scegliere una quantit\u00e0 nel carrello.<\/b><\/span><\/p>\n<p>Ricevere uno sconto di 10% per ordini superiori a 10 lotti (<span style=\"color: #ff0000;\"><a style=\"color: #ff0000;\" href=\"https:\/\/ventesengros.fr\/it\/contatto-2\/\"><strong>contattateci<\/strong><\/a><\/span>).<\/p>","protected":false},"featured_media":37976,"template":"","meta":[],"product_brand":[],"product_cat":[1372,360,59],"product_tag":[655,258,974,842,688,841],"class_list":{"0":"post-31643","1":"product","2":"type-product","3":"status-publish","4":"has-post-thumbnail","6":"product_cat-roqya","7":"product_cat-produit-naturel-en-vrac","8":"product_cat-soin-et-bien-etre","9":"product_tag-1kg","10":"product_tag-en-gros","11":"product_tag-grossiste","12":"product_tag-kilo","13":"product_tag-maroc","14":"product_tag-sidr-en-poudre","16":"first","17":"instock","18":"featured","19":"shipping-taxable","20":"purchasable","21":"product-type-variable"},"_links":{"self":[{"href":"https:\/\/ventesengros.fr\/it\/wp-json\/wp\/v2\/product\/31643","targetHints":{"allow":["GET"]}}],"collection":[{"href":"https:\/\/ventesengros.fr\/it\/wp-json\/wp\/v2\/product"}],"about":[{"href":"https:\/\/ventesengros.fr\/it\/wp-json\/wp\/v2\/types\/product"}],"wp:featuredmedia":[{"embeddable":true,"href":"https:\/\/ventesengros.fr\/it\/wp-json\/wp\/v2\/media\/37976"}],"wp:attachment":[{"href":"https:\/\/ventesengros.fr\/it\/wp-json\/wp\/v2\/media?parent=31643"}],"wp:term":[{"taxonomy":"product_brand","embeddable":true,"href":"https:\/\/ventesengros.fr\/it\/wp-json\/wp\/v2\/product_brand?post=31643"},{"taxonomy":"product_cat","embeddable":true,"href":"https:\/\/ventesengros.fr\/it\/wp-json\/wp\/v2\/product_cat?post=31643"},{"taxonomy":"product_tag","embeddable":true,"href":"https:\/\/ventesengros.fr\/it\/wp-json\/wp\/v2\/product_tag?post=31643"}],"curies":[{"name":"wp","href":"https:\/\/api.w.org\/{rel}","templated":true}]}}