{"id":3089,"date":"2014-05-14T20:05:10","date_gmt":"2014-05-14T19:05:10","guid":{"rendered":"http:\/\/pietra-communication.com\/ventesengros.fr\/?post_type=product&#038;p=3089"},"modified":"2022-06-30T23:32:45","modified_gmt":"2022-06-30T22:32:45","slug":"ghassoul-poudre-surfine-100g-plantil","status":"publish","type":"product","link":"https:\/\/ventesengros.fr\/it\/grossiste\/ghassoul-surfine-in-polvere-100g-plantil-2\/","title":{"rendered":"Ghassoul Surfine in polvere 100g X 12"},"content":{"rendered":"<p><strong>Propriet\u00e0:<\/strong><\/p>\n<p>Il Ghassoul \u00e8 un'argilla saponifera minerale naturale 100% dalle molteplici virt\u00f9. Pu\u00f2 essere utilizzata su tutte le parti del corpo, sui capelli e sulla pelle, anche la pi\u00f9 sensibile.<\/p>\n<p><b>Nome del marchio:<\/b>\u00a0Plantil<\/p>\n<p><b>Provenienza:<\/b>Marocco<\/p>\n<p><b>Peso : <\/b>100g<\/p>\n<p>&nbsp;<\/p>","protected":false},"excerpt":{"rendered":"<p>Vi offriamo questo\u00a0<strong>Ghassoul Surf in polvere 100g PLANTIL<\/strong><strong>\u00a0<\/strong>venduto in confezioni da 12 pezzi.<\/p>\n<p>Prezzo al pubblico consigliato: 5,50-6,50 euro.<\/p>\n<p>1 lotto :\u00a0<span style=\"color: #0ad227;\">1,20\/pezzo X 12 = 14,40 e<\/span><\/p>\n<p>&nbsp;<\/p>\n<p style=\"text-align: center;\">","protected":false},"featured_media":3093,"template":"","meta":[],"product_brand":[],"product_cat":[59,402],"product_tag":[319,176,977,268,267],"class_list":{"0":"post-3089","1":"product","2":"type-product","3":"status-publish","4":"has-post-thumbnail","6":"product_cat-soin-et-bien-etre","7":"product_cat-argile-ghassoul","8":"product_tag-100g","9":"product_tag-ghassoul","10":"product_tag-plantil","11":"product_tag-poudre","12":"product_tag-surfine","13":"pa_lot-158","14":"pa_lot-160","15":"pa_lot-159","17":"first","18":"instock","19":"shipping-taxable","20":"purchasable","21":"product-type-simple"},"_links":{"self":[{"href":"https:\/\/ventesengros.fr\/it\/wp-json\/wp\/v2\/product\/3089","targetHints":{"allow":["GET"]}}],"collection":[{"href":"https:\/\/ventesengros.fr\/it\/wp-json\/wp\/v2\/product"}],"about":[{"href":"https:\/\/ventesengros.fr\/it\/wp-json\/wp\/v2\/types\/product"}],"wp:featuredmedia":[{"embeddable":true,"href":"https:\/\/ventesengros.fr\/it\/wp-json\/wp\/v2\/media\/3093"}],"wp:attachment":[{"href":"https:\/\/ventesengros.fr\/it\/wp-json\/wp\/v2\/media?parent=3089"}],"wp:term":[{"taxonomy":"product_brand","embeddable":true,"href":"https:\/\/ventesengros.fr\/it\/wp-json\/wp\/v2\/product_brand?post=3089"},{"taxonomy":"product_cat","embeddable":true,"href":"https:\/\/ventesengros.fr\/it\/wp-json\/wp\/v2\/product_cat?post=3089"},{"taxonomy":"product_tag","embeddable":true,"href":"https:\/\/ventesengros.fr\/it\/wp-json\/wp\/v2\/product_tag?post=3089"}],"curies":[{"name":"wp","href":"https:\/\/api.w.org\/{rel}","templated":true}]}}